{"id":26878,"date":"2024-11-10T16:14:48","date_gmt":"2024-11-10T15:14:48","guid":{"rendered":"https:\/\/vitalstoffversand.com\/produkt\/vit4ever-extrato-de-acerola-com-25-de-vitamina-c-varias-quantidades\/"},"modified":"2026-03-16T11:46:04","modified_gmt":"2026-03-16T10:46:04","slug":"vit4ever-extrato-de-acerola-com-25-de-vitamina-c-varias-quantidades","status":"publish","type":"product","link":"https:\/\/dev.vitalstoffversand.com\/pt-pt\/produto\/vit4ever-extrato-de-acerola-com-25-de-vitamina-c-varias-quantidades\/","title":{"rendered":"Vit4ever <br>Vitamina C natural &#8211; Extrato de acerola &#8211; 365 c\u00e1psulas"},"content":{"rendered":"<p>Natural <a href=\"https:\/\/dev.vitalstoffversand.com\/knowledge-base\/vitamin-c\/\" target=\"_blank\" rel=\"noopener\"><span style=\"color: #0000ff;\"><strong>\u2192 A vitamina C<\/strong><\/span><\/a> contribui para uma variedade de fun\u00e7\u00f5es no nosso corpo.<\/p>\n<p>Como p\u00f3 do fruto da acerola, apresenta tamb\u00e9m uma biodisponibilidade muito elevada.<\/p>\n<ul>\n<li>Vegano<\/li>\n<li>Sem gl\u00faten<\/li>\n<li>Sem lactose<\/li>\n<li>Sem OGM<\/li>\n<li>Produzido de acordo com rigorosos padr\u00f5es de qualidade da UE<\/li>\n<\/ul>\n","protected":false},"excerpt":{"rendered":"<p>Natural \u2192 A vitamina C contribui para uma variedade de fun\u00e7\u00f5es no nosso corpo. Como p\u00f3 do fruto da acerola, apresenta tamb\u00e9m uma biodisponibilidade muito elevada. Vegano Sem gl\u00faten Sem lactose Sem OGM Produzido de acordo com rigorosos padr\u00f5es de qualidade da UE<\/p>\n","protected":false},"featured_media":54618,"template":"","meta":{"_acf_changed":false},"product_brand":[10221],"product_cat":[563,537],"product_tag":[],"class_list":{"0":"post-26878","1":"product","2":"type-product","3":"status-publish","4":"has-post-thumbnail","6":"product_brand-vit4ever-pt-pt","7":"product_cat-vitaminas-pt","8":"product_cat-produtos-de-a-z","10":"first","11":"instock","12":"taxable","13":"shipping-taxable","14":"purchasable","15":"product-type-simple"},"acf":[],"_links":{"self":[{"href":"https:\/\/dev.vitalstoffversand.com\/pt-pt\/wp-json\/wp\/v2\/product\/26878","targetHints":{"allow":["GET"]}}],"collection":[{"href":"https:\/\/dev.vitalstoffversand.com\/pt-pt\/wp-json\/wp\/v2\/product"}],"about":[{"href":"https:\/\/dev.vitalstoffversand.com\/pt-pt\/wp-json\/wp\/v2\/types\/product"}],"wp:featuredmedia":[{"embeddable":true,"href":"https:\/\/dev.vitalstoffversand.com\/pt-pt\/wp-json\/wp\/v2\/media\/54618"}],"wp:attachment":[{"href":"https:\/\/dev.vitalstoffversand.com\/pt-pt\/wp-json\/wp\/v2\/media?parent=26878"}],"wp:term":[{"taxonomy":"product_brand","embeddable":true,"href":"https:\/\/dev.vitalstoffversand.com\/pt-pt\/wp-json\/wp\/v2\/product_brand?post=26878"},{"taxonomy":"product_cat","embeddable":true,"href":"https:\/\/dev.vitalstoffversand.com\/pt-pt\/wp-json\/wp\/v2\/product_cat?post=26878"},{"taxonomy":"product_tag","embeddable":true,"href":"https:\/\/dev.vitalstoffversand.com\/pt-pt\/wp-json\/wp\/v2\/product_tag?post=26878"}],"curies":[{"name":"wp","href":"https:\/\/api.w.org\/{rel}","templated":true}]}}