{"id":26834,"date":"2024-11-10T15:23:34","date_gmt":"2024-11-10T14:23:34","guid":{"rendered":"https:\/\/vitalstoffversand.com\/produkt\/vit4ever-extrato-de-ashwagandha-intenso-180-capsulas\/"},"modified":"2026-03-14T18:09:56","modified_gmt":"2026-03-14T17:09:56","slug":"vit4ever-extrato-de-ashwagandha-intenso-180-capsulas","status":"publish","type":"product","link":"https:\/\/dev.vitalstoffversand.com\/pt-pt\/produto\/vit4ever-extrato-de-ashwagandha-intenso-180-capsulas\/","title":{"rendered":"Vit4ever <br>Extrato de Ashwagandha Intenso &#8211; 180 c\u00e1psulas"},"content":{"rendered":"<p>Ashwagandha (Withania somnifera) com 10 por cento de withanolides e v\u00e1rios alcal\u00f3ides.<\/p>\n<p>A raiz \u00e9 utilizada h\u00e1 centenas de anos na medicina tradicional chinesa, na Ayurveda e tamb\u00e9m em \u00c1frica, sendo frequentemente utilizada como ingrediente em suplementos alimentares para melhorar o sono ou tratar o stress.<\/p>\n<ul>\n<li>Vegano<\/li>\n<li>Sem gl\u00faten<\/li>\n<li>Sem lactose<\/li>\n<li>Sem OGM<\/li>\n<li>Produzido de acordo com rigorosos padr\u00f5es de qualidade da UE<\/li>\n<\/ul>\n","protected":false},"excerpt":{"rendered":"<p>Ashwagandha (Withania somnifera) com 10 por cento de withanolides e v\u00e1rios alcal\u00f3ides. A raiz \u00e9 utilizada h\u00e1 centenas de anos na medicina tradicional chinesa, na Ayurveda e tamb\u00e9m em \u00c1frica, sendo frequentemente utilizada como ingrediente em suplementos alimentares para melhorar o sono ou tratar o stress. Vegano Sem gl\u00faten Sem lactose Sem OGM Produzido de [&hellip;]<\/p>\n","protected":false},"featured_media":51713,"template":"","meta":{"_acf_changed":false},"product_brand":[10221],"product_cat":[559,537],"product_tag":[],"class_list":{"0":"post-26834","1":"product","2":"type-product","3":"status-publish","4":"has-post-thumbnail","6":"product_brand-vit4ever-pt-pt","7":"product_cat-nutrientes","8":"product_cat-produtos-de-a-z","10":"first","11":"instock","12":"taxable","13":"shipping-taxable","14":"purchasable","15":"product-type-simple"},"acf":[],"_links":{"self":[{"href":"https:\/\/dev.vitalstoffversand.com\/pt-pt\/wp-json\/wp\/v2\/product\/26834","targetHints":{"allow":["GET"]}}],"collection":[{"href":"https:\/\/dev.vitalstoffversand.com\/pt-pt\/wp-json\/wp\/v2\/product"}],"about":[{"href":"https:\/\/dev.vitalstoffversand.com\/pt-pt\/wp-json\/wp\/v2\/types\/product"}],"wp:featuredmedia":[{"embeddable":true,"href":"https:\/\/dev.vitalstoffversand.com\/pt-pt\/wp-json\/wp\/v2\/media\/51713"}],"wp:attachment":[{"href":"https:\/\/dev.vitalstoffversand.com\/pt-pt\/wp-json\/wp\/v2\/media?parent=26834"}],"wp:term":[{"taxonomy":"product_brand","embeddable":true,"href":"https:\/\/dev.vitalstoffversand.com\/pt-pt\/wp-json\/wp\/v2\/product_brand?post=26834"},{"taxonomy":"product_cat","embeddable":true,"href":"https:\/\/dev.vitalstoffversand.com\/pt-pt\/wp-json\/wp\/v2\/product_cat?post=26834"},{"taxonomy":"product_tag","embeddable":true,"href":"https:\/\/dev.vitalstoffversand.com\/pt-pt\/wp-json\/wp\/v2\/product_tag?post=26834"}],"curies":[{"name":"wp","href":"https:\/\/api.w.org\/{rel}","templated":true}]}}