{"id":26831,"date":"2024-11-10T15:21:50","date_gmt":"2024-11-10T14:21:50","guid":{"rendered":"https:\/\/vitalstoffversand.com\/produkt\/vit4ever-extrato-de-reishi-intenso-180-capsulas\/"},"modified":"2026-03-14T18:08:12","modified_gmt":"2026-03-14T17:08:12","slug":"vit4ever-extrato-de-reishi-intenso-180-capsulas","status":"publish","type":"product","link":"https:\/\/dev.vitalstoffversand.com\/pt-pt\/produto\/vit4ever-extrato-de-reishi-intenso-180-capsulas\/","title":{"rendered":"Vit4ever <br>Extrato de Reishi Intenso &#8211; 270 c\u00e1psulas"},"content":{"rendered":"<p>Extrato em dose elevada de reishi (lat. Ganoderma lucidum) com um teor de polissac\u00e1ridos de 40%.<\/p>\n<p>O Reishi tem sido utilizado para muitos fins h\u00e1 mais de 4000 anos e oferece uma vasta gama de aplica\u00e7\u00f5es.<\/p>\n<p>Os extractos de cogumelos t\u00eam uma propor\u00e7\u00e3o mais elevada de polissac\u00e1ridos do que o cogumelo inteiro em p\u00f3, mas outros ingredientes valiosos do cogumelo perdem-se no processo de extra\u00e7\u00e3o.<\/p>\n<p>Por conseguinte, recomendamos a toma de extractos de cogumelos reishi juntamente com <a href=\"https:\/\/dev.vitalstoffversand.com\/produkt\/natura-med-bio-reishi-pilzpulver-100-g\/\" target=\"_blank\" rel=\"noopener\"><span style=\"color: #0000ff;\"><u>Natura Med Organic Reishi Mushroom Powder<\/u><\/span><\/a>, por exemplo, a fim de utilizar o outro espetro de ingredientes do cogumelo inteiro, para al\u00e9m da elevada propor\u00e7\u00e3o de polissac\u00e1ridos do extrato.<\/p>\n<ul>\n<li>Vegano<\/li>\n<li>Sem gl\u00faten<\/li>\n<li>Sem lactose<\/li>\n<li>Sem OGM<\/li>\n<li>Produzido de acordo com rigorosos padr\u00f5es de qualidade da UE<\/li>\n<\/ul>\n","protected":false},"excerpt":{"rendered":"<p>Extrato em dose elevada de reishi (lat. Ganoderma lucidum) com um teor de polissac\u00e1ridos de 40%. O Reishi tem sido utilizado para muitos fins h\u00e1 mais de 4000 anos e oferece uma vasta gama de aplica\u00e7\u00f5es. Os extractos de cogumelos t\u00eam uma propor\u00e7\u00e3o mais elevada de polissac\u00e1ridos do que o cogumelo inteiro em p\u00f3, mas [&hellip;]<\/p>\n","protected":false},"featured_media":51689,"template":"","meta":{"_acf_changed":false},"product_brand":[10221],"product_cat":[539],"product_tag":[],"class_list":{"0":"post-26831","1":"product","2":"type-product","3":"status-publish","4":"has-post-thumbnail","6":"product_brand-vit4ever-pt-pt","7":"product_cat-cogumelos-vitais","9":"first","10":"instock","11":"taxable","12":"shipping-taxable","13":"purchasable","14":"product-type-simple"},"acf":[],"_links":{"self":[{"href":"https:\/\/dev.vitalstoffversand.com\/pt-pt\/wp-json\/wp\/v2\/product\/26831","targetHints":{"allow":["GET"]}}],"collection":[{"href":"https:\/\/dev.vitalstoffversand.com\/pt-pt\/wp-json\/wp\/v2\/product"}],"about":[{"href":"https:\/\/dev.vitalstoffversand.com\/pt-pt\/wp-json\/wp\/v2\/types\/product"}],"wp:featuredmedia":[{"embeddable":true,"href":"https:\/\/dev.vitalstoffversand.com\/pt-pt\/wp-json\/wp\/v2\/media\/51689"}],"wp:attachment":[{"href":"https:\/\/dev.vitalstoffversand.com\/pt-pt\/wp-json\/wp\/v2\/media?parent=26831"}],"wp:term":[{"taxonomy":"product_brand","embeddable":true,"href":"https:\/\/dev.vitalstoffversand.com\/pt-pt\/wp-json\/wp\/v2\/product_brand?post=26831"},{"taxonomy":"product_cat","embeddable":true,"href":"https:\/\/dev.vitalstoffversand.com\/pt-pt\/wp-json\/wp\/v2\/product_cat?post=26831"},{"taxonomy":"product_tag","embeddable":true,"href":"https:\/\/dev.vitalstoffversand.com\/pt-pt\/wp-json\/wp\/v2\/product_tag?post=26831"}],"curies":[{"name":"wp","href":"https:\/\/api.w.org\/{rel}","templated":true}]}}