{"id":26825,"date":"2024-11-14T17:27:09","date_gmt":"2024-11-14T16:27:09","guid":{"rendered":"https:\/\/vitalstoffversand.com\/produkt\/vit4ever-colagenio-500-g\/"},"modified":"2026-03-14T17:39:55","modified_gmt":"2026-03-14T16:39:55","slug":"vit4ever-colagenio-500-g","status":"publish","type":"product","link":"https:\/\/dev.vitalstoffversand.com\/pt-pt\/produto\/vit4ever-colagenio-500-g\/","title":{"rendered":"Vit4ever <br>Colag\u00e9nio &#8211; 500 g"},"content":{"rendered":"<p>O colag\u00e9nio encontra-se em grandes quantidades nos ossos, nos tend\u00f5es, nos ligamentos, nas articula\u00e7\u00f5es e na pele.<\/p>\n<p>Atrav\u00e9s da hidr\u00f3lise, o hidrolisado de colag\u00e9nio Premium Peptolab-Light j\u00e1 est\u00e1 dividido em pequenos l\u00edpidos e pode ser melhor absorvido pelo organismo.<\/p>\n<p>O Peptolab-Light cont\u00e9m colag\u00e9nio de tipo I e III, incluindo 18 amino\u00e1cidos, a maioria dos quais \u00e9 composta por glicina, prolina e hidroxiprolina. <\/p>\n<p><strong>Nota:<\/strong> Este produto n\u00e3o possui certifica\u00e7\u00e3o halal.<\/p>\n<ul>\n<li>Sem gl\u00faten<\/li>\n<li>Sem lactose<\/li>\n<li>Sem OGM<\/li>\n<li>Produzido de acordo com rigorosos padr\u00f5es de qualidade da UE<\/li>\n<\/ul>\n","protected":false},"excerpt":{"rendered":"<p>O colag\u00e9nio encontra-se em grandes quantidades nos ossos, nos tend\u00f5es, nos ligamentos, nas articula\u00e7\u00f5es e na pele. Atrav\u00e9s da hidr\u00f3lise, o hidrolisado de colag\u00e9nio Premium Peptolab-Light j\u00e1 est\u00e1 dividido em pequenos l\u00edpidos e pode ser melhor absorvido pelo organismo. O Peptolab-Light cont\u00e9m colag\u00e9nio de tipo I e III, incluindo 18 amino\u00e1cidos, a maioria dos quais [&hellip;]<\/p>\n","protected":false},"featured_media":62426,"template":"","meta":{"_acf_changed":false},"product_brand":[10221],"product_cat":[558,537],"product_tag":[],"class_list":{"0":"post-26825","1":"product","2":"type-product","3":"status-publish","4":"has-post-thumbnail","6":"product_brand-vit4ever-pt-pt","7":"product_cat-proteinas-pt","8":"product_cat-produtos-de-a-z","10":"first","11":"outofstock","12":"taxable","13":"shipping-taxable","14":"purchasable","15":"product-type-simple"},"acf":[],"_links":{"self":[{"href":"https:\/\/dev.vitalstoffversand.com\/pt-pt\/wp-json\/wp\/v2\/product\/26825","targetHints":{"allow":["GET"]}}],"collection":[{"href":"https:\/\/dev.vitalstoffversand.com\/pt-pt\/wp-json\/wp\/v2\/product"}],"about":[{"href":"https:\/\/dev.vitalstoffversand.com\/pt-pt\/wp-json\/wp\/v2\/types\/product"}],"wp:featuredmedia":[{"embeddable":true,"href":"https:\/\/dev.vitalstoffversand.com\/pt-pt\/wp-json\/wp\/v2\/media\/62426"}],"wp:attachment":[{"href":"https:\/\/dev.vitalstoffversand.com\/pt-pt\/wp-json\/wp\/v2\/media?parent=26825"}],"wp:term":[{"taxonomy":"product_brand","embeddable":true,"href":"https:\/\/dev.vitalstoffversand.com\/pt-pt\/wp-json\/wp\/v2\/product_brand?post=26825"},{"taxonomy":"product_cat","embeddable":true,"href":"https:\/\/dev.vitalstoffversand.com\/pt-pt\/wp-json\/wp\/v2\/product_cat?post=26825"},{"taxonomy":"product_tag","embeddable":true,"href":"https:\/\/dev.vitalstoffversand.com\/pt-pt\/wp-json\/wp\/v2\/product_tag?post=26825"}],"curies":[{"name":"wp","href":"https:\/\/api.w.org\/{rel}","templated":true}]}}