{"id":26813,"date":"2024-11-10T14:02:13","date_gmt":"2024-11-10T13:02:13","guid":{"rendered":"https:\/\/vitalstoffversand.com\/produkt\/vit4ever-glucosamina-hcl-1000-g\/"},"modified":"2026-03-14T17:28:18","modified_gmt":"2026-03-14T16:28:18","slug":"vit4ever-glucosamina-hcl-1000-g","status":"publish","type":"product","link":"https:\/\/dev.vitalstoffversand.com\/pt-pt\/produto\/vit4ever-glucosamina-hcl-1000-g\/","title":{"rendered":"Vit4ever <br>Glucosamina HCL &#8211; 1000 g"},"content":{"rendered":"<p>A glucosamina \u00e9 um amino monossac\u00e1rido e encontra-se no tecido conjuntivo, na cartilagem, nas articula\u00e7\u00f5es e no l\u00edquido sinovial.<\/p>\n<ul>\n<li>Vegano<\/li>\n<li>Sem gl\u00faten<\/li>\n<li>Sem lactose<\/li>\n<li>Sem OGM<\/li>\n<li>Produzido de acordo com rigorosos padr\u00f5es de qualidade da UE<\/li>\n<\/ul>\n","protected":false},"excerpt":{"rendered":"<p>A glucosamina \u00e9 um amino monossac\u00e1rido e encontra-se no tecido conjuntivo, na cartilagem, nas articula\u00e7\u00f5es e no l\u00edquido sinovial. Vegano Sem gl\u00faten Sem lactose Sem OGM Produzido de acordo com rigorosos padr\u00f5es de qualidade da UE<\/p>\n","protected":false},"featured_media":61579,"template":"","meta":{"_acf_changed":false},"product_brand":[10221],"product_cat":[559,537],"product_tag":[],"class_list":{"0":"post-26813","1":"product","2":"type-product","3":"status-publish","4":"has-post-thumbnail","6":"product_brand-vit4ever-pt-pt","7":"product_cat-nutrientes","8":"product_cat-produtos-de-a-z","10":"first","11":"instock","12":"taxable","13":"shipping-taxable","14":"purchasable","15":"product-type-simple"},"acf":[],"_links":{"self":[{"href":"https:\/\/dev.vitalstoffversand.com\/pt-pt\/wp-json\/wp\/v2\/product\/26813","targetHints":{"allow":["GET"]}}],"collection":[{"href":"https:\/\/dev.vitalstoffversand.com\/pt-pt\/wp-json\/wp\/v2\/product"}],"about":[{"href":"https:\/\/dev.vitalstoffversand.com\/pt-pt\/wp-json\/wp\/v2\/types\/product"}],"wp:featuredmedia":[{"embeddable":true,"href":"https:\/\/dev.vitalstoffversand.com\/pt-pt\/wp-json\/wp\/v2\/media\/61579"}],"wp:attachment":[{"href":"https:\/\/dev.vitalstoffversand.com\/pt-pt\/wp-json\/wp\/v2\/media?parent=26813"}],"wp:term":[{"taxonomy":"product_brand","embeddable":true,"href":"https:\/\/dev.vitalstoffversand.com\/pt-pt\/wp-json\/wp\/v2\/product_brand?post=26813"},{"taxonomy":"product_cat","embeddable":true,"href":"https:\/\/dev.vitalstoffversand.com\/pt-pt\/wp-json\/wp\/v2\/product_cat?post=26813"},{"taxonomy":"product_tag","embeddable":true,"href":"https:\/\/dev.vitalstoffversand.com\/pt-pt\/wp-json\/wp\/v2\/product_tag?post=26813"}],"curies":[{"name":"wp","href":"https:\/\/api.w.org\/{rel}","templated":true}]}}