{"id":26812,"date":"2024-11-10T13:58:25","date_gmt":"2024-11-10T12:58:25","guid":{"rendered":"https:\/\/vitalstoffversand.com\/produkt\/vit4ever-caffeine-xxl-500-comprimidos\/"},"modified":"2026-03-14T17:24:24","modified_gmt":"2026-03-14T16:24:24","slug":"vit4ever-caffeine-xxl-500-comprimidos","status":"publish","type":"product","link":"https:\/\/dev.vitalstoffversand.com\/pt-pt\/produto\/vit4ever-caffeine-xxl-500-comprimidos\/","title":{"rendered":"Vit4ever <br>Caffeine XXL &#8211; 500 comprimidos"},"content":{"rendered":"<p>Comprimidos de cafe\u00edna em dose elevada com 200 mg de cafe\u00edna por comprimido.<\/p>\n<p>Tem um efeito estimulante no sistema nervoso central.<\/p>\n<p>A dosagem de um comprimido corresponde a cerca de meio litro de caf\u00e9\/bebida energ\u00e9tica ou 0,8 litros de ch\u00e1 verde ou dois litros de cola.<\/p>\n<ul>\n<li>Vegano<\/li>\n<li>Sem gl\u00faten<\/li>\n<li>Sem lactose<\/li>\n<li>Sem OGM<\/li>\n<li>Produzido de acordo com rigorosos padr\u00f5es de qualidade da UE<\/li>\n<\/ul>\n","protected":false},"excerpt":{"rendered":"<p>Comprimidos de cafe\u00edna em dose elevada com 200 mg de cafe\u00edna por comprimido. Tem um efeito estimulante no sistema nervoso central. A dosagem de um comprimido corresponde a cerca de meio litro de caf\u00e9\/bebida energ\u00e9tica ou 0,8 litros de ch\u00e1 verde ou dois litros de cola. Vegano Sem gl\u00faten Sem lactose Sem OGM Produzido de [&hellip;]<\/p>\n","protected":false},"featured_media":51448,"template":"","meta":{"_acf_changed":false},"product_brand":[10221],"product_cat":[559,537],"product_tag":[],"class_list":{"0":"post-26812","1":"product","2":"type-product","3":"status-publish","4":"has-post-thumbnail","6":"product_brand-vit4ever-pt-pt","7":"product_cat-nutrientes","8":"product_cat-produtos-de-a-z","10":"first","11":"instock","12":"taxable","13":"shipping-taxable","14":"purchasable","15":"product-type-simple"},"acf":[],"_links":{"self":[{"href":"https:\/\/dev.vitalstoffversand.com\/pt-pt\/wp-json\/wp\/v2\/product\/26812","targetHints":{"allow":["GET"]}}],"collection":[{"href":"https:\/\/dev.vitalstoffversand.com\/pt-pt\/wp-json\/wp\/v2\/product"}],"about":[{"href":"https:\/\/dev.vitalstoffversand.com\/pt-pt\/wp-json\/wp\/v2\/types\/product"}],"wp:featuredmedia":[{"embeddable":true,"href":"https:\/\/dev.vitalstoffversand.com\/pt-pt\/wp-json\/wp\/v2\/media\/51448"}],"wp:attachment":[{"href":"https:\/\/dev.vitalstoffversand.com\/pt-pt\/wp-json\/wp\/v2\/media?parent=26812"}],"wp:term":[{"taxonomy":"product_brand","embeddable":true,"href":"https:\/\/dev.vitalstoffversand.com\/pt-pt\/wp-json\/wp\/v2\/product_brand?post=26812"},{"taxonomy":"product_cat","embeddable":true,"href":"https:\/\/dev.vitalstoffversand.com\/pt-pt\/wp-json\/wp\/v2\/product_cat?post=26812"},{"taxonomy":"product_tag","embeddable":true,"href":"https:\/\/dev.vitalstoffversand.com\/pt-pt\/wp-json\/wp\/v2\/product_tag?post=26812"}],"curies":[{"name":"wp","href":"https:\/\/api.w.org\/{rel}","templated":true}]}}