{"id":26796,"date":"2024-11-10T13:54:35","date_gmt":"2024-11-10T12:54:35","guid":{"rendered":"https:\/\/vitalstoffversand.com\/produkt\/vit4ever-feno-grego-biologico-ativado-365-capsulas\/"},"modified":"2026-03-14T17:12:51","modified_gmt":"2026-03-14T16:12:51","slug":"vit4ever-feno-grego-biologico-ativado-365-capsulas","status":"publish","type":"product","link":"https:\/\/dev.vitalstoffversand.com\/pt-pt\/produto\/vit4ever-feno-grego-biologico-ativado-365-capsulas\/","title":{"rendered":"Vit4ever <br>Feno-grego biol\u00f3gico, ativado &#8211; 365 c\u00e1psulas"},"content":{"rendered":"<p>As sementes de feno-grego cont\u00eam ingredientes valiosos, como \u00e1cido asc\u00f3rbico, c\u00e1lcio, vitamina C, vitamina B6, ferro, magn\u00e9sio e prote\u00ednas.<\/p>\n<p>As c\u00e1psulas de feno-grego biol\u00f3gico cont\u00eam uma mat\u00e9ria-prima natural e activada.<\/p>\n<ul>\n<li>Vegano<\/li>\n<li>Sem gl\u00faten<\/li>\n<li>Sem lactose<\/li>\n<li>Sem OGM<\/li>\n<li>Produzido de acordo com rigorosos padr\u00f5es de qualidade da UE<\/li>\n<\/ul>\n","protected":false},"excerpt":{"rendered":"<p>As sementes de feno-grego cont\u00eam ingredientes valiosos, como \u00e1cido asc\u00f3rbico, c\u00e1lcio, vitamina C, vitamina B6, ferro, magn\u00e9sio e prote\u00ednas. As c\u00e1psulas de feno-grego biol\u00f3gico cont\u00eam uma mat\u00e9ria-prima natural e activada. Vegano Sem gl\u00faten Sem lactose Sem OGM Produzido de acordo com rigorosos padr\u00f5es de qualidade da UE<\/p>\n","protected":false},"featured_media":51344,"template":"","meta":{"_acf_changed":false},"product_brand":[10221],"product_cat":[559,538,537],"product_tag":[],"class_list":{"0":"post-26796","1":"product","2":"type-product","3":"status-publish","4":"has-post-thumbnail","6":"product_brand-vit4ever-pt-pt","7":"product_cat-nutrientes","8":"product_cat-organico-pt","9":"product_cat-produtos-de-a-z","11":"first","12":"instock","13":"taxable","14":"shipping-taxable","15":"purchasable","16":"product-type-simple"},"acf":[],"_links":{"self":[{"href":"https:\/\/dev.vitalstoffversand.com\/pt-pt\/wp-json\/wp\/v2\/product\/26796","targetHints":{"allow":["GET"]}}],"collection":[{"href":"https:\/\/dev.vitalstoffversand.com\/pt-pt\/wp-json\/wp\/v2\/product"}],"about":[{"href":"https:\/\/dev.vitalstoffversand.com\/pt-pt\/wp-json\/wp\/v2\/types\/product"}],"wp:featuredmedia":[{"embeddable":true,"href":"https:\/\/dev.vitalstoffversand.com\/pt-pt\/wp-json\/wp\/v2\/media\/51344"}],"wp:attachment":[{"href":"https:\/\/dev.vitalstoffversand.com\/pt-pt\/wp-json\/wp\/v2\/media?parent=26796"}],"wp:term":[{"taxonomy":"product_brand","embeddable":true,"href":"https:\/\/dev.vitalstoffversand.com\/pt-pt\/wp-json\/wp\/v2\/product_brand?post=26796"},{"taxonomy":"product_cat","embeddable":true,"href":"https:\/\/dev.vitalstoffversand.com\/pt-pt\/wp-json\/wp\/v2\/product_cat?post=26796"},{"taxonomy":"product_tag","embeddable":true,"href":"https:\/\/dev.vitalstoffversand.com\/pt-pt\/wp-json\/wp\/v2\/product_tag?post=26796"}],"curies":[{"name":"wp","href":"https:\/\/api.w.org\/{rel}","templated":true}]}}