{"id":2631,"date":"2024-10-30T11:22:37","date_gmt":"2024-10-30T10:22:37","guid":{"rendered":"https:\/\/dev.vitalstoffversand.com\/?post_type=product&#038;p=2631"},"modified":"2026-03-12T14:48:23","modified_gmt":"2026-03-12T13:48:23","slug":"vit4ever-vitamina-a-3000-%c2%b5g-10-000-u-i-240-comprimidos-kopie-kopie-kopie","status":"publish","type":"product","link":"https:\/\/dev.vitalstoffversand.com\/pt-pt\/produto\/vit4ever-vitamina-a-3000-%c2%b5g-10-000-u-i-240-comprimidos-kopie-kopie-kopie\/","title":{"rendered":"Vit4ever <br>Betaine HCL &#8211; 240 c\u00e1psulas"},"content":{"rendered":"<p><span style=\"color: #000000;\">O derivado de amino\u00e1cido <\/span><a href=\"https:\/\/dev.vitalstoffversand.com\/knowledge-base\/betain\/\" target=\"_blank\" rel=\"noopener\"><span style=\"color: #0000ff;\"><strong>\u2192 Beta\u00edna<\/strong><\/span><\/a> \u00e9 um derivado de amino\u00e1cido e, de acordo com o Regulamento relativo \u00e0s alega\u00e7\u00f5es de sa\u00fade, contribui para a sa\u00fade do corpo com uma ingest\u00e3o di\u00e1ria de, pelo menos 1.500 mg contribuem para um metabolismo normal da homociste\u00edna.<\/p>\n<p>O produto \u00e9 optimizado pela adi\u00e7\u00e3o da enzima pepsina, pr\u00f3pria do organismo, e do extrato de raiz de genciana, que \u00e9 uma subst\u00e2ncia amarga natural.<\/p>\n<ul>\n<li>Sem gl\u00faten<\/li>\n<li>Sem lactose<\/li>\n<li>Sem OGM<\/li>\n<li>Produzido de acordo com rigorosos padr\u00f5es de qualidade da UE<\/li>\n<\/ul>\n","protected":false},"excerpt":{"rendered":"<p>O derivado de amino\u00e1cido \u2192 Beta\u00edna \u00e9 um derivado de amino\u00e1cido e, de acordo com o Regulamento relativo \u00e0s alega\u00e7\u00f5es de sa\u00fade, contribui para a sa\u00fade do corpo com uma ingest\u00e3o di\u00e1ria de, pelo menos 1.500 mg contribuem para um metabolismo normal da homociste\u00edna. O produto \u00e9 optimizado pela adi\u00e7\u00e3o da enzima pepsina, pr\u00f3pria do [&hellip;]<\/p>\n","protected":false},"featured_media":49327,"template":"","meta":{"_acf_changed":false},"product_brand":[10221],"product_cat":[559,537],"product_tag":[],"class_list":{"0":"post-2631","1":"product","2":"type-product","3":"status-publish","4":"has-post-thumbnail","6":"product_brand-vit4ever-pt-pt","7":"product_cat-nutrientes","8":"product_cat-produtos-de-a-z","10":"first","11":"instock","12":"taxable","13":"shipping-taxable","14":"purchasable","15":"product-type-simple"},"acf":[],"_links":{"self":[{"href":"https:\/\/dev.vitalstoffversand.com\/pt-pt\/wp-json\/wp\/v2\/product\/2631","targetHints":{"allow":["GET"]}}],"collection":[{"href":"https:\/\/dev.vitalstoffversand.com\/pt-pt\/wp-json\/wp\/v2\/product"}],"about":[{"href":"https:\/\/dev.vitalstoffversand.com\/pt-pt\/wp-json\/wp\/v2\/types\/product"}],"wp:featuredmedia":[{"embeddable":true,"href":"https:\/\/dev.vitalstoffversand.com\/pt-pt\/wp-json\/wp\/v2\/media\/49327"}],"wp:attachment":[{"href":"https:\/\/dev.vitalstoffversand.com\/pt-pt\/wp-json\/wp\/v2\/media?parent=2631"}],"wp:term":[{"taxonomy":"product_brand","embeddable":true,"href":"https:\/\/dev.vitalstoffversand.com\/pt-pt\/wp-json\/wp\/v2\/product_brand?post=2631"},{"taxonomy":"product_cat","embeddable":true,"href":"https:\/\/dev.vitalstoffversand.com\/pt-pt\/wp-json\/wp\/v2\/product_cat?post=2631"},{"taxonomy":"product_tag","embeddable":true,"href":"https:\/\/dev.vitalstoffversand.com\/pt-pt\/wp-json\/wp\/v2\/product_tag?post=2631"}],"curies":[{"name":"wp","href":"https:\/\/api.w.org\/{rel}","templated":true}]}}