{"id":25906,"date":"2025-04-10T17:25:01","date_gmt":"2025-04-10T15:25:01","guid":{"rendered":"https:\/\/vitalstoffversand.com\/?post_type=product&#038;p=25906"},"modified":"2026-03-12T13:02:06","modified_gmt":"2026-03-12T12:02:06","slug":"gen-fadogia-agrestis-180-capsulas-kopie","status":"publish","type":"product","link":"https:\/\/dev.vitalstoffversand.com\/pt-pt\/produto\/gen-fadogia-agrestis-180-capsulas-kopie\/","title":{"rendered":"GEN <br>Essenciais para o cora\u00e7\u00e3o &#8211; 120 c\u00e1psulas"},"content":{"rendered":"<p>O equil\u00edbrio do sistema cardiovascular n\u00e3o \u00e9 uma quest\u00e3o de idade, mas sim de cuidados di\u00e1rios.<\/p>\n<p>Heart Essentials, composto por 8 ingredientes bioactivos, foi desenvolvido precisamente para este cuidado.<\/p>\n<p>Cont\u00e9m: Arjuna, bergamota c\u00edtrica, castanha da \u00cdndia, resveratrol, coenzima Q10, folha de oliveira, piperina e <strong><span style=\"color: #0000ff;\"><a style=\"color: #0000ff;\" href=\"https:\/\/dev.vitalstoffversand.com\/knowledge-base\/vitamin-b1-thiamin\/\" target=\"_blank\" rel=\"noopener\">\u2192 vitamina B1<\/a><\/span><\/strong>.<\/p>\n<ul>\n<li>Vegano<\/li>\n<li>Sem gl\u00faten<\/li>\n<li>Sem lactose<\/li>\n<li>Sem OGM<\/li>\n<li>Produzido de acordo com rigorosos padr\u00f5es de qualidade da UE<\/li>\n<\/ul>\n","protected":false},"excerpt":{"rendered":"<p>O equil\u00edbrio do sistema cardiovascular n\u00e3o \u00e9 uma quest\u00e3o de idade, mas sim de cuidados di\u00e1rios. Heart Essentials, composto por 8 ingredientes bioactivos, foi desenvolvido precisamente para este cuidado. Cont\u00e9m: Arjuna, bergamota c\u00edtrica, castanha da \u00cdndia, resveratrol, coenzima Q10, folha de oliveira, piperina e \u2192 vitamina B1. Vegano Sem gl\u00faten Sem lactose Sem OGM Produzido [&hellip;]<\/p>\n","protected":false},"featured_media":48031,"template":"","meta":{"_acf_changed":false},"product_brand":[10200],"product_cat":[559,537],"product_tag":[],"class_list":{"0":"post-25906","1":"product","2":"type-product","3":"status-publish","4":"has-post-thumbnail","6":"product_brand-gen-german-elite-nutrition-pt-pt","7":"product_cat-nutrientes","8":"product_cat-produtos-de-a-z","10":"first","11":"instock","12":"taxable","13":"shipping-taxable","14":"purchasable","15":"product-type-simple"},"acf":[],"_links":{"self":[{"href":"https:\/\/dev.vitalstoffversand.com\/pt-pt\/wp-json\/wp\/v2\/product\/25906","targetHints":{"allow":["GET"]}}],"collection":[{"href":"https:\/\/dev.vitalstoffversand.com\/pt-pt\/wp-json\/wp\/v2\/product"}],"about":[{"href":"https:\/\/dev.vitalstoffversand.com\/pt-pt\/wp-json\/wp\/v2\/types\/product"}],"wp:featuredmedia":[{"embeddable":true,"href":"https:\/\/dev.vitalstoffversand.com\/pt-pt\/wp-json\/wp\/v2\/media\/48031"}],"wp:attachment":[{"href":"https:\/\/dev.vitalstoffversand.com\/pt-pt\/wp-json\/wp\/v2\/media?parent=25906"}],"wp:term":[{"taxonomy":"product_brand","embeddable":true,"href":"https:\/\/dev.vitalstoffversand.com\/pt-pt\/wp-json\/wp\/v2\/product_brand?post=25906"},{"taxonomy":"product_cat","embeddable":true,"href":"https:\/\/dev.vitalstoffversand.com\/pt-pt\/wp-json\/wp\/v2\/product_cat?post=25906"},{"taxonomy":"product_tag","embeddable":true,"href":"https:\/\/dev.vitalstoffversand.com\/pt-pt\/wp-json\/wp\/v2\/product_tag?post=25906"}],"curies":[{"name":"wp","href":"https:\/\/api.w.org\/{rel}","templated":true}]}}