{"id":2558,"date":"2024-10-29T17:44:11","date_gmt":"2024-10-29T16:44:11","guid":{"rendered":"https:\/\/dev.vitalstoffversand.com\/?post_type=product&#038;p=2558"},"modified":"2026-03-12T14:25:30","modified_gmt":"2026-03-12T13:25:30","slug":"vit4ever-vitamina-a-3000-%c2%b5g-10-000-u-i-240-comprimidos-kopie","status":"publish","type":"product","link":"https:\/\/dev.vitalstoffversand.com\/pt-pt\/produto\/vit4ever-vitamina-a-3000-%c2%b5g-10-000-u-i-240-comprimidos-kopie\/","title":{"rendered":"Vit4ever <br>Extrato de passiflora &#8211; 365 c\u00e1psulas"},"content":{"rendered":"<p>A passiflora \u00e9, desde h\u00e1 muito tempo, uma planta medicinal.<\/p>\n<p>\u00c9 frequentemente um ingrediente em produtos para a ansiedade, agita\u00e7\u00e3o nervosa e dist\u00farbios do sono.<\/p>\n<ul>\n<li>Vegano<\/li>\n<li>Sem gl\u00faten<\/li>\n<li>Sem lactose<\/li>\n<li>Sem OGM<\/li>\n<li>Produzido de acordo com rigorosos padr\u00f5es de qualidade da UE<\/li>\n<\/ul>\n","protected":false},"excerpt":{"rendered":"<p>A passiflora \u00e9, desde h\u00e1 muito tempo, uma planta medicinal. \u00c9 frequentemente um ingrediente em produtos para a ansiedade, agita\u00e7\u00e3o nervosa e dist\u00farbios do sono. Vegano Sem gl\u00faten Sem lactose Sem OGM Produzido de acordo com rigorosos padr\u00f5es de qualidade da UE<\/p>\n","protected":false},"featured_media":63186,"template":"","meta":{"_acf_changed":false},"product_brand":[10221],"product_cat":[559,537],"product_tag":[],"class_list":{"0":"post-2558","1":"product","2":"type-product","3":"status-publish","4":"has-post-thumbnail","6":"product_brand-vit4ever-pt-pt","7":"product_cat-nutrientes","8":"product_cat-produtos-de-a-z","10":"first","11":"instock","12":"taxable","13":"shipping-taxable","14":"purchasable","15":"product-type-simple"},"acf":[],"_links":{"self":[{"href":"https:\/\/dev.vitalstoffversand.com\/pt-pt\/wp-json\/wp\/v2\/product\/2558","targetHints":{"allow":["GET"]}}],"collection":[{"href":"https:\/\/dev.vitalstoffversand.com\/pt-pt\/wp-json\/wp\/v2\/product"}],"about":[{"href":"https:\/\/dev.vitalstoffversand.com\/pt-pt\/wp-json\/wp\/v2\/types\/product"}],"wp:featuredmedia":[{"embeddable":true,"href":"https:\/\/dev.vitalstoffversand.com\/pt-pt\/wp-json\/wp\/v2\/media\/63186"}],"wp:attachment":[{"href":"https:\/\/dev.vitalstoffversand.com\/pt-pt\/wp-json\/wp\/v2\/media?parent=2558"}],"wp:term":[{"taxonomy":"product_brand","embeddable":true,"href":"https:\/\/dev.vitalstoffversand.com\/pt-pt\/wp-json\/wp\/v2\/product_brand?post=2558"},{"taxonomy":"product_cat","embeddable":true,"href":"https:\/\/dev.vitalstoffversand.com\/pt-pt\/wp-json\/wp\/v2\/product_cat?post=2558"},{"taxonomy":"product_tag","embeddable":true,"href":"https:\/\/dev.vitalstoffversand.com\/pt-pt\/wp-json\/wp\/v2\/product_tag?post=2558"}],"curies":[{"name":"wp","href":"https:\/\/api.w.org\/{rel}","templated":true}]}}