{"id":2435,"date":"2024-10-27T13:13:29","date_gmt":"2024-10-27T12:13:29","guid":{"rendered":"https:\/\/dev.vitalstoffversand.com\/?post_type=product&#038;p=2435"},"modified":"2026-03-11T13:23:30","modified_gmt":"2026-03-11T12:23:30","slug":"cascaras-de-psilio-ecologicas-molidas-kopie","status":"publish","type":"product","link":"https:\/\/dev.vitalstoffversand.com\/pt-pt\/produto\/cascaras-de-psilio-ecologicas-molidas-kopie\/","title":{"rendered":"Natura Med <br>Casca de psyllium org\u00e2nica mo\u00edda &#8211; 250 g"},"content":{"rendered":"<p>A farinha de casca de psyllium org\u00e2nica mo\u00edda ou o p\u00f3 de casca de psyllium t\u00eam propriedades extremamente hidratantes.<\/p>\n<p>Isso torna este produto um auxiliar ideal no \u00e2mbito de uma dieta ou de uma limpeza\/desintoxica\u00e7\u00e3o intestinal, bem como em casos de obstipa\u00e7\u00e3o aguda.<\/p>\n<ul>\n<li>100% natural &#8211; sem aditivos<\/li>\n<li>Vegano<\/li>\n<li>Sem gl\u00faten<\/li>\n<li>Sem lactose<\/li>\n<li>Sem OGM<\/li>\n<li>Produzido de acordo com rigorosos padr\u00f5es de qualidade da UE<\/li>\n<\/ul>\n","protected":false},"excerpt":{"rendered":"<p>A farinha de casca de psyllium org\u00e2nica mo\u00edda ou o p\u00f3 de casca de psyllium t\u00eam propriedades extremamente hidratantes. Isso torna este produto um auxiliar ideal no \u00e2mbito de uma dieta ou de uma limpeza\/desintoxica\u00e7\u00e3o intestinal, bem como em casos de obstipa\u00e7\u00e3o aguda. 100% natural &#8211; sem aditivos Vegano Sem gl\u00faten Sem lactose Sem OGM [&hellip;]<\/p>\n","protected":false},"featured_media":40495,"template":"","meta":{"_acf_changed":false},"product_brand":[10206],"product_cat":[559,538,537],"product_tag":[],"class_list":{"0":"post-2435","1":"product","2":"type-product","3":"status-publish","4":"has-post-thumbnail","6":"product_brand-natura-med-pt-pt","7":"product_cat-nutrientes","8":"product_cat-organico-pt","9":"product_cat-produtos-de-a-z","11":"first","12":"instock","13":"taxable","14":"shipping-taxable","15":"purchasable","16":"product-type-simple"},"acf":[],"_links":{"self":[{"href":"https:\/\/dev.vitalstoffversand.com\/pt-pt\/wp-json\/wp\/v2\/product\/2435","targetHints":{"allow":["GET"]}}],"collection":[{"href":"https:\/\/dev.vitalstoffversand.com\/pt-pt\/wp-json\/wp\/v2\/product"}],"about":[{"href":"https:\/\/dev.vitalstoffversand.com\/pt-pt\/wp-json\/wp\/v2\/types\/product"}],"wp:featuredmedia":[{"embeddable":true,"href":"https:\/\/dev.vitalstoffversand.com\/pt-pt\/wp-json\/wp\/v2\/media\/40495"}],"wp:attachment":[{"href":"https:\/\/dev.vitalstoffversand.com\/pt-pt\/wp-json\/wp\/v2\/media?parent=2435"}],"wp:term":[{"taxonomy":"product_brand","embeddable":true,"href":"https:\/\/dev.vitalstoffversand.com\/pt-pt\/wp-json\/wp\/v2\/product_brand?post=2435"},{"taxonomy":"product_cat","embeddable":true,"href":"https:\/\/dev.vitalstoffversand.com\/pt-pt\/wp-json\/wp\/v2\/product_cat?post=2435"},{"taxonomy":"product_tag","embeddable":true,"href":"https:\/\/dev.vitalstoffversand.com\/pt-pt\/wp-json\/wp\/v2\/product_tag?post=2435"}],"curies":[{"name":"wp","href":"https:\/\/api.w.org\/{rel}","templated":true}]}}