{"id":23676,"date":"2025-03-19T15:55:49","date_gmt":"2025-03-19T14:55:49","guid":{"rendered":"https:\/\/vitalstoffversand.com\/produkt\/vit4ever-multivitamin-a-z-365-comprimidos\/"},"modified":"2026-03-14T14:41:32","modified_gmt":"2026-03-14T13:41:32","slug":"vit4ever-multivitamin-a-z-365-comprimidos","status":"publish","type":"product","link":"https:\/\/dev.vitalstoffversand.com\/pt-pt\/produto\/vit4ever-multivitamin-a-z-365-comprimidos\/","title":{"rendered":"Vit4ever <br>Multivitamin A-Z &#8211; 365 comprimidos"},"content":{"rendered":"<p>N\u00e3o tem a certeza se tem falta de determinados nutrientes importantes e quais s\u00e3o, ou procura um \u201cpolivalente\u201d que forne\u00e7a ao seu corpo uma variedade de subst\u00e2ncias essenciais?<\/p>\n<p>Multivitamin A-Z re\u00fane num s\u00f3 comprimido um total de 32 vitaminas, minerais, oligoelementos, amino\u00e1cidos e outras subst\u00e2ncias vitais.<\/p>\n<ul>\n<li>Vegano<\/li>\n<li>Sem gl\u00faten<\/li>\n<li>Sem lactose<\/li>\n<li>Sem OGM<\/li>\n<li>Produzido de acordo com rigorosos padr\u00f5es de qualidade da UE<\/li>\n<\/ul>\n","protected":false},"excerpt":{"rendered":"<p>N\u00e3o tem a certeza se tem falta de determinados nutrientes importantes e quais s\u00e3o, ou procura um \u201cpolivalente\u201d que forne\u00e7a ao seu corpo uma variedade de subst\u00e2ncias essenciais? Multivitamin A-Z re\u00fane num s\u00f3 comprimido um total de 32 vitaminas, minerais, oligoelementos, amino\u00e1cidos e outras subst\u00e2ncias vitais. Vegano Sem gl\u00faten Sem lactose Sem OGM Produzido de [&hellip;]<\/p>\n","protected":false},"featured_media":50359,"template":"","meta":{"_acf_changed":false},"product_brand":[10221],"product_cat":[563,537],"product_tag":[],"class_list":{"0":"post-23676","1":"product","2":"type-product","3":"status-publish","4":"has-post-thumbnail","6":"product_brand-vit4ever-pt-pt","7":"product_cat-vitaminas-pt","8":"product_cat-produtos-de-a-z","10":"first","11":"instock","12":"taxable","13":"shipping-taxable","14":"purchasable","15":"product-type-simple"},"acf":[],"_links":{"self":[{"href":"https:\/\/dev.vitalstoffversand.com\/pt-pt\/wp-json\/wp\/v2\/product\/23676","targetHints":{"allow":["GET"]}}],"collection":[{"href":"https:\/\/dev.vitalstoffversand.com\/pt-pt\/wp-json\/wp\/v2\/product"}],"about":[{"href":"https:\/\/dev.vitalstoffversand.com\/pt-pt\/wp-json\/wp\/v2\/types\/product"}],"wp:featuredmedia":[{"embeddable":true,"href":"https:\/\/dev.vitalstoffversand.com\/pt-pt\/wp-json\/wp\/v2\/media\/50359"}],"wp:attachment":[{"href":"https:\/\/dev.vitalstoffversand.com\/pt-pt\/wp-json\/wp\/v2\/media?parent=23676"}],"wp:term":[{"taxonomy":"product_brand","embeddable":true,"href":"https:\/\/dev.vitalstoffversand.com\/pt-pt\/wp-json\/wp\/v2\/product_brand?post=23676"},{"taxonomy":"product_cat","embeddable":true,"href":"https:\/\/dev.vitalstoffversand.com\/pt-pt\/wp-json\/wp\/v2\/product_cat?post=23676"},{"taxonomy":"product_tag","embeddable":true,"href":"https:\/\/dev.vitalstoffversand.com\/pt-pt\/wp-json\/wp\/v2\/product_tag?post=23676"}],"curies":[{"name":"wp","href":"https:\/\/api.w.org\/{rel}","templated":true}]}}