{"id":23662,"date":"2024-11-12T11:02:44","date_gmt":"2024-11-12T10:02:44","guid":{"rendered":"https:\/\/vitalstoffversand.com\/produkt\/gen-rip-burner-180-capsulas\/"},"modified":"2026-03-11T14:03:41","modified_gmt":"2026-03-11T13:03:41","slug":"gen-rip-burner-180-capsulas","status":"publish","type":"product","link":"https:\/\/dev.vitalstoffversand.com\/pt-pt\/produto\/gen-rip-burner-180-capsulas\/","title":{"rendered":"GEN <br>Rip Burner &#8211; 180 c\u00e1psulas"},"content":{"rendered":"<p>Suplemento alimentar natural e altamente doseado, quer para dietas de baixas calorias, quer como \u201cpr\u00e9-treino\u201d para apoiar as fases de defini\u00e7\u00e3o.<\/p>\n<p>A combina\u00e7\u00e3o complexa de v\u00e1rios extractos de plantas \u00e9 igualmente adequada para homens e mulheres.<\/p>\n<ul>\n<li>Sem gl\u00faten<\/li>\n<li>Sem lactose<\/li>\n<li>Sem OGM<\/li>\n<li>Produzido de acordo com rigorosos padr\u00f5es de qualidade da UE<\/li>\n<\/ul>\n","protected":false},"excerpt":{"rendered":"<p>Suplemento alimentar natural e altamente doseado, quer para dietas de baixas calorias, quer como \u201cpr\u00e9-treino\u201d para apoiar as fases de defini\u00e7\u00e3o. A combina\u00e7\u00e3o complexa de v\u00e1rios extractos de plantas \u00e9 igualmente adequada para homens e mulheres. Sem gl\u00faten Sem lactose Sem OGM Produzido de acordo com rigorosos padr\u00f5es de qualidade da UE<\/p>\n","protected":false},"featured_media":44021,"template":"","meta":{"_acf_changed":false},"product_brand":[10200],"product_cat":[559,537],"product_tag":[],"class_list":{"0":"post-23662","1":"product","2":"type-product","3":"status-publish","4":"has-post-thumbnail","6":"product_brand-gen-german-elite-nutrition-pt-pt","7":"product_cat-nutrientes","8":"product_cat-produtos-de-a-z","10":"first","11":"instock","12":"taxable","13":"shipping-taxable","14":"purchasable","15":"product-type-simple"},"acf":[],"_links":{"self":[{"href":"https:\/\/dev.vitalstoffversand.com\/pt-pt\/wp-json\/wp\/v2\/product\/23662","targetHints":{"allow":["GET"]}}],"collection":[{"href":"https:\/\/dev.vitalstoffversand.com\/pt-pt\/wp-json\/wp\/v2\/product"}],"about":[{"href":"https:\/\/dev.vitalstoffversand.com\/pt-pt\/wp-json\/wp\/v2\/types\/product"}],"wp:featuredmedia":[{"embeddable":true,"href":"https:\/\/dev.vitalstoffversand.com\/pt-pt\/wp-json\/wp\/v2\/media\/44021"}],"wp:attachment":[{"href":"https:\/\/dev.vitalstoffversand.com\/pt-pt\/wp-json\/wp\/v2\/media?parent=23662"}],"wp:term":[{"taxonomy":"product_brand","embeddable":true,"href":"https:\/\/dev.vitalstoffversand.com\/pt-pt\/wp-json\/wp\/v2\/product_brand?post=23662"},{"taxonomy":"product_cat","embeddable":true,"href":"https:\/\/dev.vitalstoffversand.com\/pt-pt\/wp-json\/wp\/v2\/product_cat?post=23662"},{"taxonomy":"product_tag","embeddable":true,"href":"https:\/\/dev.vitalstoffversand.com\/pt-pt\/wp-json\/wp\/v2\/product_tag?post=23662"}],"curies":[{"name":"wp","href":"https:\/\/api.w.org\/{rel}","templated":true}]}}