{"id":23447,"date":"2024-11-10T13:38:48","date_gmt":"2024-11-10T12:38:48","guid":{"rendered":"https:\/\/vitalstoffversand.com\/produkt\/vit4ever-extrato-de-incenso-varias-quantidades\/"},"modified":"2026-03-14T16:57:23","modified_gmt":"2026-03-14T15:57:23","slug":"vit4ever-extrato-de-incenso-varias-quantidades","status":"publish","type":"product","link":"https:\/\/dev.vitalstoffversand.com\/pt-pt\/produto\/vit4ever-extrato-de-incenso-varias-quantidades\/","title":{"rendered":"Vit4ever <br>Extrato de incenso &#8211; 365 c\u00e1psulas"},"content":{"rendered":"<p>Extrato de incenso com 85% de \u00e1cido boswelico.<\/p>\n<p>O incenso \u00e9 conhecido como uma planta medicinal h\u00e1 milhares de anos, uma vez que o \u00e1cido boswelico que cont\u00e9m promove uma enzima anti-inflamat\u00f3ria, que por sua vez forma leucotrienos anti-inflamat\u00f3rios.<\/p>\n<p>O extrato de incenso \u00e9, portanto, muito popular para tratar problemas nas articula\u00e7\u00f5es ou inflama\u00e7\u00f5es intestinais.<\/p>\n<ul>\n<li>Vegano<\/li>\n<li>Sem gl\u00faten<\/li>\n<li>Sem lactose<\/li>\n<li>Sem OGM<\/li>\n<li>Produzido de acordo com rigorosos padr\u00f5es de qualidade da UE<\/li>\n<\/ul>\n","protected":false},"excerpt":{"rendered":"<p>Extrato de incenso com 85% de \u00e1cido boswelico. O incenso \u00e9 conhecido como uma planta medicinal h\u00e1 milhares de anos, uma vez que o \u00e1cido boswelico que cont\u00e9m promove uma enzima anti-inflamat\u00f3ria, que por sua vez forma leucotrienos anti-inflamat\u00f3rios. O extrato de incenso \u00e9, portanto, muito popular para tratar problemas nas articula\u00e7\u00f5es ou inflama\u00e7\u00f5es intestinais. [&hellip;]<\/p>\n","protected":false},"featured_media":62157,"template":"","meta":{"_acf_changed":false},"product_brand":[10221],"product_cat":[559,537],"product_tag":[],"class_list":{"0":"post-23447","1":"product","2":"type-product","3":"status-publish","4":"has-post-thumbnail","6":"product_brand-vit4ever-pt-pt","7":"product_cat-nutrientes","8":"product_cat-produtos-de-a-z","10":"first","11":"instock","12":"taxable","13":"shipping-taxable","14":"purchasable","15":"product-type-simple"},"acf":[],"_links":{"self":[{"href":"https:\/\/dev.vitalstoffversand.com\/pt-pt\/wp-json\/wp\/v2\/product\/23447","targetHints":{"allow":["GET"]}}],"collection":[{"href":"https:\/\/dev.vitalstoffversand.com\/pt-pt\/wp-json\/wp\/v2\/product"}],"about":[{"href":"https:\/\/dev.vitalstoffversand.com\/pt-pt\/wp-json\/wp\/v2\/types\/product"}],"wp:featuredmedia":[{"embeddable":true,"href":"https:\/\/dev.vitalstoffversand.com\/pt-pt\/wp-json\/wp\/v2\/media\/62157"}],"wp:attachment":[{"href":"https:\/\/dev.vitalstoffversand.com\/pt-pt\/wp-json\/wp\/v2\/media?parent=23447"}],"wp:term":[{"taxonomy":"product_brand","embeddable":true,"href":"https:\/\/dev.vitalstoffversand.com\/pt-pt\/wp-json\/wp\/v2\/product_brand?post=23447"},{"taxonomy":"product_cat","embeddable":true,"href":"https:\/\/dev.vitalstoffversand.com\/pt-pt\/wp-json\/wp\/v2\/product_cat?post=23447"},{"taxonomy":"product_tag","embeddable":true,"href":"https:\/\/dev.vitalstoffversand.com\/pt-pt\/wp-json\/wp\/v2\/product_tag?post=23447"}],"curies":[{"name":"wp","href":"https:\/\/api.w.org\/{rel}","templated":true}]}}