{"id":23344,"date":"2024-11-09T17:13:54","date_gmt":"2024-11-09T16:13:54","guid":{"rendered":"https:\/\/vitalstoffversand.com\/produkt\/vit4ever-ginkgo-ginseng-365-comprimidos\/"},"modified":"2026-03-14T15:28:13","modified_gmt":"2026-03-14T14:28:13","slug":"vit4ever-ginkgo-ginseng-365-comprimidos","status":"publish","type":"product","link":"https:\/\/dev.vitalstoffversand.com\/pt-pt\/produto\/vit4ever-ginkgo-ginseng-365-comprimidos\/","title":{"rendered":"Vit4ever <br>Ginkgo + Ginseng &#8211; 365 comprimidos"},"content":{"rendered":"<p>Gingko + ginseng associa duas das plantas medicinais asi\u00e1ticas mais eficazes, cujos dom\u00ednios de aplica\u00e7\u00e3o tradicionais est\u00e3o essencialmente relacionados com o c\u00e9rebro, a capacidade de concentra\u00e7\u00e3o, a circula\u00e7\u00e3o sangu\u00ednea e as perturba\u00e7\u00f5es da pot\u00eancia.<\/p>\n<p>Cada comprimido cont\u00e9m 600 mg de extrato de ginkgo biloba em dose elevada 50:1 (equivalente a 6000 mg de p\u00f3 de folhas de ginkgo biloba), praticamente isento de \u00e1cido ginkg\u00f3lico a 1 ppm por comprimido, e 20 mg de extrato de ginseng coreano 50:1 (equivalente a 2000 mg de p\u00f3 de raiz de ginseng).<\/p>\n<ul>\n<li>Vegano<\/li>\n<li>Sem gl\u00faten<\/li>\n<li>Sem lactose<\/li>\n<li>Sem OGM<\/li>\n<li>Produzido de acordo com rigorosos padr\u00f5es de qualidade da UE<\/li>\n<\/ul>\n","protected":false},"excerpt":{"rendered":"<p>Gingko + ginseng associa duas das plantas medicinais asi\u00e1ticas mais eficazes, cujos dom\u00ednios de aplica\u00e7\u00e3o tradicionais est\u00e3o essencialmente relacionados com o c\u00e9rebro, a capacidade de concentra\u00e7\u00e3o, a circula\u00e7\u00e3o sangu\u00ednea e as perturba\u00e7\u00f5es da pot\u00eancia. Cada comprimido cont\u00e9m 600 mg de extrato de ginkgo biloba em dose elevada 50:1 (equivalente a 6000 mg de p\u00f3 de [&hellip;]<\/p>\n","protected":false},"featured_media":50647,"template":"","meta":{"_acf_changed":false},"product_brand":[10221],"product_cat":[559,537],"product_tag":[],"class_list":{"0":"post-23344","1":"product","2":"type-product","3":"status-publish","4":"has-post-thumbnail","6":"product_brand-vit4ever-pt-pt","7":"product_cat-nutrientes","8":"product_cat-produtos-de-a-z","10":"first","11":"instock","12":"taxable","13":"shipping-taxable","14":"purchasable","15":"product-type-simple"},"acf":[],"_links":{"self":[{"href":"https:\/\/dev.vitalstoffversand.com\/pt-pt\/wp-json\/wp\/v2\/product\/23344","targetHints":{"allow":["GET"]}}],"collection":[{"href":"https:\/\/dev.vitalstoffversand.com\/pt-pt\/wp-json\/wp\/v2\/product"}],"about":[{"href":"https:\/\/dev.vitalstoffversand.com\/pt-pt\/wp-json\/wp\/v2\/types\/product"}],"wp:featuredmedia":[{"embeddable":true,"href":"https:\/\/dev.vitalstoffversand.com\/pt-pt\/wp-json\/wp\/v2\/media\/50647"}],"wp:attachment":[{"href":"https:\/\/dev.vitalstoffversand.com\/pt-pt\/wp-json\/wp\/v2\/media?parent=23344"}],"wp:term":[{"taxonomy":"product_brand","embeddable":true,"href":"https:\/\/dev.vitalstoffversand.com\/pt-pt\/wp-json\/wp\/v2\/product_brand?post=23344"},{"taxonomy":"product_cat","embeddable":true,"href":"https:\/\/dev.vitalstoffversand.com\/pt-pt\/wp-json\/wp\/v2\/product_cat?post=23344"},{"taxonomy":"product_tag","embeddable":true,"href":"https:\/\/dev.vitalstoffversand.com\/pt-pt\/wp-json\/wp\/v2\/product_tag?post=23344"}],"curies":[{"name":"wp","href":"https:\/\/api.w.org\/{rel}","templated":true}]}}