{"id":23309,"date":"2024-11-09T17:08:15","date_gmt":"2024-11-09T16:08:15","guid":{"rendered":"https:\/\/vitalstoffversand.com\/produkt\/vit4ever-bio-probio-20-complex-180-capsulas\/"},"modified":"2026-03-14T15:16:47","modified_gmt":"2026-03-14T14:16:47","slug":"vit4ever-bio-probio-20-complex-180-capsulas","status":"publish","type":"product","link":"https:\/\/dev.vitalstoffversand.com\/pt-pt\/produto\/vit4ever-bio-probio-20-complex-180-capsulas\/","title":{"rendered":"Vit4ever <br>Bio Probio 20 Complex &#8211; 180 c\u00e1psulas"},"content":{"rendered":"<p>O intestino \u00e9 um \u00f3rg\u00e3o de controlo central e extremamente importante do nosso corpo.<\/p>\n<p>Probio 20 Complex cont\u00e9m 20 estirpes bacterianas com 21 mil milh\u00f5es de UFC de bact\u00e9rias intestinais boas por dose di\u00e1ria, bem como um prebi\u00f3tico, que serve praticamente de alimento para as bact\u00e9rias intestinais.<\/p>\n<p>A utiliza\u00e7\u00e3o de c\u00e1psulas com revestimento ent\u00e9rico (Bright JC Caps) garante que as bact\u00e9rias chegam sem danos onde s\u00e3o necess\u00e1rias &#8211; no intestino.<\/p>\n<ul>\n<li>Vegano<\/li>\n<li>Sem gl\u00faten<\/li>\n<li>Sem lactose<\/li>\n<li>Sem OGM<\/li>\n<li>Produzido de acordo com rigorosos padr\u00f5es de qualidade da UE<\/li>\n<\/ul>\n","protected":false},"excerpt":{"rendered":"<p>O intestino \u00e9 um \u00f3rg\u00e3o de controlo central e extremamente importante do nosso corpo. Probio 20 Complex cont\u00e9m 20 estirpes bacterianas com 21 mil milh\u00f5es de UFC de bact\u00e9rias intestinais boas por dose di\u00e1ria, bem como um prebi\u00f3tico, que serve praticamente de alimento para as bact\u00e9rias intestinais. A utiliza\u00e7\u00e3o de c\u00e1psulas com revestimento ent\u00e9rico (Bright [&hellip;]<\/p>\n","protected":false},"featured_media":50567,"template":"","meta":{"_acf_changed":false},"product_brand":[10221],"product_cat":[559,538,537],"product_tag":[],"class_list":{"0":"post-23309","1":"product","2":"type-product","3":"status-publish","4":"has-post-thumbnail","6":"product_brand-vit4ever-pt-pt","7":"product_cat-nutrientes","8":"product_cat-organico-pt","9":"product_cat-produtos-de-a-z","11":"first","12":"outofstock","13":"taxable","14":"shipping-taxable","15":"purchasable","16":"product-type-simple"},"acf":[],"_links":{"self":[{"href":"https:\/\/dev.vitalstoffversand.com\/pt-pt\/wp-json\/wp\/v2\/product\/23309","targetHints":{"allow":["GET"]}}],"collection":[{"href":"https:\/\/dev.vitalstoffversand.com\/pt-pt\/wp-json\/wp\/v2\/product"}],"about":[{"href":"https:\/\/dev.vitalstoffversand.com\/pt-pt\/wp-json\/wp\/v2\/types\/product"}],"wp:featuredmedia":[{"embeddable":true,"href":"https:\/\/dev.vitalstoffversand.com\/pt-pt\/wp-json\/wp\/v2\/media\/50567"}],"wp:attachment":[{"href":"https:\/\/dev.vitalstoffversand.com\/pt-pt\/wp-json\/wp\/v2\/media?parent=23309"}],"wp:term":[{"taxonomy":"product_brand","embeddable":true,"href":"https:\/\/dev.vitalstoffversand.com\/pt-pt\/wp-json\/wp\/v2\/product_brand?post=23309"},{"taxonomy":"product_cat","embeddable":true,"href":"https:\/\/dev.vitalstoffversand.com\/pt-pt\/wp-json\/wp\/v2\/product_cat?post=23309"},{"taxonomy":"product_tag","embeddable":true,"href":"https:\/\/dev.vitalstoffversand.com\/pt-pt\/wp-json\/wp\/v2\/product_tag?post=23309"}],"curies":[{"name":"wp","href":"https:\/\/api.w.org\/{rel}","templated":true}]}}