{"id":2305,"date":"2024-10-26T12:11:35","date_gmt":"2024-10-26T10:11:35","guid":{"rendered":"https:\/\/dev.vitalstoffversand.com\/?post_type=product&#038;p=2305"},"modified":"2026-03-11T13:21:13","modified_gmt":"2026-03-11T12:21:13","slug":"cascas-de-psilio-biologicas-kopie","status":"publish","type":"product","link":"https:\/\/dev.vitalstoffversand.com\/pt-pt\/produto\/cascas-de-psilio-biologicas-kopie\/","title":{"rendered":"Natura Med <br>Casca de psyllium org\u00e2nica &#8211; 250 g"},"content":{"rendered":"<p>As cascas de Psyllium s\u00e3o extremamente ricas em fibras e podem apoiar uma dieta rica em fibras.<\/p>\n<p>Devido \u00e0s suas propriedades altamente expansivas, t\u00eam um efeito positivo na sensa\u00e7\u00e3o de saciedade e na digest\u00e3o, pelo que tamb\u00e9m podem ser utilizadas para apoiar uma dieta.<\/p>\n<p>Em particular, as cascas de ps\u00edlio s\u00e3o utilizadas com muito sucesso para a obstipa\u00e7\u00e3o, problemas digestivos e para limpar e higienizar o intestino.<\/p>\n<ul>\n<li>100% natural &#8211; sem aditivos<\/li>\n<li>Vegano<\/li>\n<li>Sem gl\u00faten<\/li>\n<li>Sem lactose<\/li>\n<li>Sem OGM<\/li>\n<li>Produzido de acordo com rigorosos padr\u00f5es de qualidade da UE<\/li>\n<\/ul>\n","protected":false},"excerpt":{"rendered":"<p>As cascas de Psyllium s\u00e3o extremamente ricas em fibras e podem apoiar uma dieta rica em fibras. Devido \u00e0s suas propriedades altamente expansivas, t\u00eam um efeito positivo na sensa\u00e7\u00e3o de saciedade e na digest\u00e3o, pelo que tamb\u00e9m podem ser utilizadas para apoiar uma dieta. Em particular, as cascas de ps\u00edlio s\u00e3o utilizadas com muito sucesso [&hellip;]<\/p>\n","protected":false},"featured_media":40499,"template":"","meta":{"_acf_changed":false},"product_brand":[10206],"product_cat":[559,538,537],"product_tag":[],"class_list":{"0":"post-2305","1":"product","2":"type-product","3":"status-publish","4":"has-post-thumbnail","6":"product_brand-natura-med-pt-pt","7":"product_cat-nutrientes","8":"product_cat-organico-pt","9":"product_cat-produtos-de-a-z","11":"first","12":"instock","13":"taxable","14":"shipping-taxable","15":"purchasable","16":"product-type-simple"},"acf":[],"_links":{"self":[{"href":"https:\/\/dev.vitalstoffversand.com\/pt-pt\/wp-json\/wp\/v2\/product\/2305","targetHints":{"allow":["GET"]}}],"collection":[{"href":"https:\/\/dev.vitalstoffversand.com\/pt-pt\/wp-json\/wp\/v2\/product"}],"about":[{"href":"https:\/\/dev.vitalstoffversand.com\/pt-pt\/wp-json\/wp\/v2\/types\/product"}],"wp:featuredmedia":[{"embeddable":true,"href":"https:\/\/dev.vitalstoffversand.com\/pt-pt\/wp-json\/wp\/v2\/media\/40499"}],"wp:attachment":[{"href":"https:\/\/dev.vitalstoffversand.com\/pt-pt\/wp-json\/wp\/v2\/media?parent=2305"}],"wp:term":[{"taxonomy":"product_brand","embeddable":true,"href":"https:\/\/dev.vitalstoffversand.com\/pt-pt\/wp-json\/wp\/v2\/product_brand?post=2305"},{"taxonomy":"product_cat","embeddable":true,"href":"https:\/\/dev.vitalstoffversand.com\/pt-pt\/wp-json\/wp\/v2\/product_cat?post=2305"},{"taxonomy":"product_tag","embeddable":true,"href":"https:\/\/dev.vitalstoffversand.com\/pt-pt\/wp-json\/wp\/v2\/product_tag?post=2305"}],"curies":[{"name":"wp","href":"https:\/\/api.w.org\/{rel}","templated":true}]}}