{"id":22458,"date":"2024-11-01T14:24:33","date_gmt":"2024-11-01T13:24:33","guid":{"rendered":"https:\/\/vitalstoffversand.com\/produkt\/vit4ever-extrato-de-alcachofra-biologico-240-capsulas\/"},"modified":"2026-03-12T15:36:00","modified_gmt":"2026-03-12T14:36:00","slug":"vit4ever-extrato-de-alcachofra-biologico-240-capsulas","status":"publish","type":"product","link":"https:\/\/dev.vitalstoffversand.com\/pt-pt\/produto\/vit4ever-extrato-de-alcachofra-biologico-240-capsulas\/","title":{"rendered":"Vit4ever <br>Extrato de alcachofra biol\u00f3gico &#8211; 240 c\u00e1psulas"},"content":{"rendered":"<p>O extrato org\u00e2nico de alcachofra cont\u00e9m \u00e1cidos cafeoilqu\u00ednicos, como a cinarina e o \u00e1cido clorog\u00e9nico, flavon\u00f3ides e subst\u00e2ncias amargas.<\/p>\n<p>Estes ingredientes contidos na alcachofra s\u00e3o tradicionalmente utilizados como suplementos alimentares h\u00e1 mais de 2000 anos.<\/p>\n<ul>\n<li>Vegano<\/li>\n<li>Sem gl\u00faten<\/li>\n<li>Sem lactose<\/li>\n<li>Sem OGM<\/li>\n<li>Produzido de acordo com rigorosos padr\u00f5es de qualidade da UE<\/li>\n<\/ul>\n","protected":false},"excerpt":{"rendered":"<p>O extrato org\u00e2nico de alcachofra cont\u00e9m \u00e1cidos cafeoilqu\u00ednicos, como a cinarina e o \u00e1cido clorog\u00e9nico, flavon\u00f3ides e subst\u00e2ncias amargas. Estes ingredientes contidos na alcachofra s\u00e3o tradicionalmente utilizados como suplementos alimentares h\u00e1 mais de 2000 anos. Vegano Sem gl\u00faten Sem lactose Sem OGM Produzido de acordo com rigorosos padr\u00f5es de qualidade da UE<\/p>\n","protected":false},"featured_media":49647,"template":"","meta":{"_acf_changed":false},"product_brand":[10221],"product_cat":[559,538,537],"product_tag":[],"class_list":{"0":"post-22458","1":"product","2":"type-product","3":"status-publish","4":"has-post-thumbnail","6":"product_brand-vit4ever-pt-pt","7":"product_cat-nutrientes","8":"product_cat-organico-pt","9":"product_cat-produtos-de-a-z","11":"first","12":"instock","13":"taxable","14":"shipping-taxable","15":"purchasable","16":"product-type-simple"},"acf":[],"_links":{"self":[{"href":"https:\/\/dev.vitalstoffversand.com\/pt-pt\/wp-json\/wp\/v2\/product\/22458","targetHints":{"allow":["GET"]}}],"collection":[{"href":"https:\/\/dev.vitalstoffversand.com\/pt-pt\/wp-json\/wp\/v2\/product"}],"about":[{"href":"https:\/\/dev.vitalstoffversand.com\/pt-pt\/wp-json\/wp\/v2\/types\/product"}],"wp:featuredmedia":[{"embeddable":true,"href":"https:\/\/dev.vitalstoffversand.com\/pt-pt\/wp-json\/wp\/v2\/media\/49647"}],"wp:attachment":[{"href":"https:\/\/dev.vitalstoffversand.com\/pt-pt\/wp-json\/wp\/v2\/media?parent=22458"}],"wp:term":[{"taxonomy":"product_brand","embeddable":true,"href":"https:\/\/dev.vitalstoffversand.com\/pt-pt\/wp-json\/wp\/v2\/product_brand?post=22458"},{"taxonomy":"product_cat","embeddable":true,"href":"https:\/\/dev.vitalstoffversand.com\/pt-pt\/wp-json\/wp\/v2\/product_cat?post=22458"},{"taxonomy":"product_tag","embeddable":true,"href":"https:\/\/dev.vitalstoffversand.com\/pt-pt\/wp-json\/wp\/v2\/product_tag?post=22458"}],"curies":[{"name":"wp","href":"https:\/\/api.w.org\/{rel}","templated":true}]}}