{"id":22426,"date":"2024-11-11T14:49:18","date_gmt":"2024-11-11T13:49:18","guid":{"rendered":"https:\/\/vitalstoffversand.com\/produkt\/power-tower-xl-3x250-ml\/"},"modified":"2026-03-12T14:10:51","modified_gmt":"2026-03-12T13:10:51","slug":"power-tower-xl-3x250-ml","status":"publish","type":"product","link":"https:\/\/dev.vitalstoffversand.com\/pt-pt\/produto\/power-tower-xl-3x250-ml\/","title":{"rendered":"Power Tower XL 3&#215;250 ml"},"content":{"rendered":"<p>Torre de alimenta\u00e7\u00e3o para p\u00f3s, comprimidos, c\u00e1psulas e muito mais.<\/p>\n<p>3 sec\u00e7\u00f5es independentes, cada uma com uma capacidade de 250 ml.<\/p>\n<p>Fornecido sem conte\u00fado.<\/p>\n","protected":false},"excerpt":{"rendered":"<p>Torre de alimenta\u00e7\u00e3o para p\u00f3s, comprimidos, c\u00e1psulas e muito mais. 3 sec\u00e7\u00f5es independentes, cada uma com uma capacidade de 250 ml. Fornecido sem conte\u00fado.<\/p>\n","protected":false},"featured_media":41866,"template":"","meta":{"_acf_changed":false},"product_brand":[],"product_cat":[572,537],"product_tag":[],"class_list":{"0":"post-22426","1":"product","2":"type-product","3":"status-publish","4":"has-post-thumbnail","6":"product_cat-acessorios-e-diversos","7":"product_cat-produtos-de-a-z","9":"first","10":"instock","11":"taxable","12":"shipping-taxable","13":"purchasable","14":"product-type-simple"},"acf":[],"_links":{"self":[{"href":"https:\/\/dev.vitalstoffversand.com\/pt-pt\/wp-json\/wp\/v2\/product\/22426","targetHints":{"allow":["GET"]}}],"collection":[{"href":"https:\/\/dev.vitalstoffversand.com\/pt-pt\/wp-json\/wp\/v2\/product"}],"about":[{"href":"https:\/\/dev.vitalstoffversand.com\/pt-pt\/wp-json\/wp\/v2\/types\/product"}],"wp:featuredmedia":[{"embeddable":true,"href":"https:\/\/dev.vitalstoffversand.com\/pt-pt\/wp-json\/wp\/v2\/media\/41866"}],"wp:attachment":[{"href":"https:\/\/dev.vitalstoffversand.com\/pt-pt\/wp-json\/wp\/v2\/media?parent=22426"}],"wp:term":[{"taxonomy":"product_brand","embeddable":true,"href":"https:\/\/dev.vitalstoffversand.com\/pt-pt\/wp-json\/wp\/v2\/product_brand?post=22426"},{"taxonomy":"product_cat","embeddable":true,"href":"https:\/\/dev.vitalstoffversand.com\/pt-pt\/wp-json\/wp\/v2\/product_cat?post=22426"},{"taxonomy":"product_tag","embeddable":true,"href":"https:\/\/dev.vitalstoffversand.com\/pt-pt\/wp-json\/wp\/v2\/product_tag?post=22426"}],"curies":[{"name":"wp","href":"https:\/\/api.w.org\/{rel}","templated":true}]}}