{"id":22383,"date":"2025-01-08T13:44:37","date_gmt":"2025-01-08T12:44:37","guid":{"rendered":"https:\/\/vitalstoffversand.com\/produkt\/gen-oxystorm-nitrato-em-po-75-g\/"},"modified":"2026-03-12T12:45:52","modified_gmt":"2026-03-12T11:45:52","slug":"gen-oxystorm-nitrato-em-po-75-g","status":"publish","type":"product","link":"https:\/\/dev.vitalstoffversand.com\/pt-pt\/produto\/gen-oxystorm-nitrato-em-po-75-g\/","title":{"rendered":"GEN <br>Oxystorm Nitrato em p\u00f3 &#8211; 75 g"},"content":{"rendered":"<p>OxyStorm\u00ae \u00e9 um extrato de folha de amaranto de \u00faltima gera\u00e7\u00e3o, tamb\u00e9m conhecido como espinafre vermelho.<\/p>\n<p>Cont\u00e9m n\u00edveis particularmente elevados de nitratos, que podem proporcionar um apoio natural a pessoas preocupadas com a sa\u00fade e a desportistas.<\/p>\n<ul>\n<li>Vegano<\/li>\n<li>Sem gl\u00faten<\/li>\n<li>Sem lactose<\/li>\n<li>Sem OGM<\/li>\n<li>Produzido de acordo com rigorosos padr\u00f5es de qualidade da UE<\/li>\n<\/ul>\n","protected":false},"excerpt":{"rendered":"<p>OxyStorm\u00ae \u00e9 um extrato de folha de amaranto de \u00faltima gera\u00e7\u00e3o, tamb\u00e9m conhecido como espinafre vermelho. Cont\u00e9m n\u00edveis particularmente elevados de nitratos, que podem proporcionar um apoio natural a pessoas preocupadas com a sa\u00fade e a desportistas. Vegano Sem gl\u00faten Sem lactose Sem OGM Produzido de acordo com rigorosos padr\u00f5es de qualidade da UE<\/p>\n","protected":false},"featured_media":47503,"template":"","meta":{"_acf_changed":false},"product_brand":[10200],"product_cat":[562,537],"product_tag":[],"class_list":{"0":"post-22383","1":"product","2":"type-product","3":"status-publish","4":"has-post-thumbnail","6":"product_brand-gen-german-elite-nutrition-pt-pt","7":"product_cat-suplementos-desportivos","8":"product_cat-produtos-de-a-z","10":"first","11":"instock","12":"taxable","13":"shipping-taxable","14":"purchasable","15":"product-type-simple"},"acf":[],"_links":{"self":[{"href":"https:\/\/dev.vitalstoffversand.com\/pt-pt\/wp-json\/wp\/v2\/product\/22383","targetHints":{"allow":["GET"]}}],"collection":[{"href":"https:\/\/dev.vitalstoffversand.com\/pt-pt\/wp-json\/wp\/v2\/product"}],"about":[{"href":"https:\/\/dev.vitalstoffversand.com\/pt-pt\/wp-json\/wp\/v2\/types\/product"}],"wp:featuredmedia":[{"embeddable":true,"href":"https:\/\/dev.vitalstoffversand.com\/pt-pt\/wp-json\/wp\/v2\/media\/47503"}],"wp:attachment":[{"href":"https:\/\/dev.vitalstoffversand.com\/pt-pt\/wp-json\/wp\/v2\/media?parent=22383"}],"wp:term":[{"taxonomy":"product_brand","embeddable":true,"href":"https:\/\/dev.vitalstoffversand.com\/pt-pt\/wp-json\/wp\/v2\/product_brand?post=22383"},{"taxonomy":"product_cat","embeddable":true,"href":"https:\/\/dev.vitalstoffversand.com\/pt-pt\/wp-json\/wp\/v2\/product_cat?post=22383"},{"taxonomy":"product_tag","embeddable":true,"href":"https:\/\/dev.vitalstoffversand.com\/pt-pt\/wp-json\/wp\/v2\/product_tag?post=22383"}],"curies":[{"name":"wp","href":"https:\/\/api.w.org\/{rel}","templated":true}]}}