{"id":22346,"date":"2025-01-02T17:47:20","date_gmt":"2025-01-02T16:47:20","guid":{"rendered":"https:\/\/vitalstoffversand.com\/produkt\/gen-eaa-energy-mix-500-g-diferentes-sabores\/"},"modified":"2026-03-12T12:36:26","modified_gmt":"2026-03-12T11:36:26","slug":"gen-eaa-energy-mix-500-g-diferentes-sabores","status":"publish","type":"product","link":"https:\/\/dev.vitalstoffversand.com\/pt-pt\/produto\/gen-eaa-energy-mix-500-g-diferentes-sabores\/","title":{"rendered":"GEN <br>EAA Energy Mix &#8211; 500 g &#8211; diferentes sabores"},"content":{"rendered":"<p>EAA Energy Mix \u00e9 um tipo especial de estimulante.<\/p>\n<p>Al\u00e9m de 9 amino\u00e1cidos essenciais, o Booster cont\u00e9m cafe\u00edna, taurina, extrato de guaran\u00e1 e vitamina B6, para que obtenha um apoio completo no fornecimento de nutrientes aos m\u00fasculos, na regenera\u00e7\u00e3o muscular e tamb\u00e9m na energia e concentra\u00e7\u00e3o.<\/p>\n<p>Dispon\u00edvel em 8 deliciosos sabores.<\/p>\n<ul>\n<li>Vegano<\/li>\n<li>Sem gl\u00faten<\/li>\n<li>Sem lactose<\/li>\n<li>Sem OGM<\/li>\n<li>Produzido de acordo com rigorosos padr\u00f5es de qualidade da UE<\/li>\n<\/ul>\n","protected":false},"excerpt":{"rendered":"<p>EAA Energy Mix \u00e9 um tipo especial de estimulante. Al\u00e9m de 9 amino\u00e1cidos essenciais, o Booster cont\u00e9m cafe\u00edna, taurina, extrato de guaran\u00e1 e vitamina B6, para que obtenha um apoio completo no fornecimento de nutrientes aos m\u00fasculos, na regenera\u00e7\u00e3o muscular e tamb\u00e9m na energia e concentra\u00e7\u00e3o. Dispon\u00edvel em 8 deliciosos sabores. Vegano Sem gl\u00faten Sem [&hellip;]<\/p>\n","protected":false},"featured_media":47255,"template":"","meta":{"_acf_changed":false},"product_brand":[10200],"product_cat":[551,537,562],"product_tag":[],"class_list":{"0":"post-22346","1":"product","2":"type-product","3":"status-publish","4":"has-post-thumbnail","6":"product_brand-gen-german-elite-nutrition-pt-pt","7":"product_cat-aminoacidos-pt","8":"product_cat-produtos-de-a-z","9":"product_cat-suplementos-desportivos","11":"first","12":"instock","13":"taxable","14":"shipping-taxable","15":"purchasable","16":"product-type-variable"},"acf":[],"_links":{"self":[{"href":"https:\/\/dev.vitalstoffversand.com\/pt-pt\/wp-json\/wp\/v2\/product\/22346","targetHints":{"allow":["GET"]}}],"collection":[{"href":"https:\/\/dev.vitalstoffversand.com\/pt-pt\/wp-json\/wp\/v2\/product"}],"about":[{"href":"https:\/\/dev.vitalstoffversand.com\/pt-pt\/wp-json\/wp\/v2\/types\/product"}],"wp:featuredmedia":[{"embeddable":true,"href":"https:\/\/dev.vitalstoffversand.com\/pt-pt\/wp-json\/wp\/v2\/media\/47255"}],"wp:attachment":[{"href":"https:\/\/dev.vitalstoffversand.com\/pt-pt\/wp-json\/wp\/v2\/media?parent=22346"}],"wp:term":[{"taxonomy":"product_brand","embeddable":true,"href":"https:\/\/dev.vitalstoffversand.com\/pt-pt\/wp-json\/wp\/v2\/product_brand?post=22346"},{"taxonomy":"product_cat","embeddable":true,"href":"https:\/\/dev.vitalstoffversand.com\/pt-pt\/wp-json\/wp\/v2\/product_cat?post=22346"},{"taxonomy":"product_tag","embeddable":true,"href":"https:\/\/dev.vitalstoffversand.com\/pt-pt\/wp-json\/wp\/v2\/product_tag?post=22346"}],"curies":[{"name":"wp","href":"https:\/\/api.w.org\/{rel}","templated":true}]}}