{"id":22332,"date":"2025-01-02T17:45:54","date_gmt":"2025-01-02T16:45:54","guid":{"rendered":"https:\/\/vitalstoffversand.com\/produkt\/gen-pudim-de-milho-3000-g\/"},"modified":"2026-03-12T12:29:05","modified_gmt":"2026-03-12T11:29:05","slug":"gen-pudim-de-milho-3000-g","status":"publish","type":"product","link":"https:\/\/dev.vitalstoffversand.com\/pt-pt\/produto\/gen-pudim-de-milho-3000-g\/","title":{"rendered":"GEN <br>Pudim de milho &#8211; 3000 g"},"content":{"rendered":"<p>O pudim de milho \u00e9 vers\u00e1til e proporciona uma base saborosa, r\u00e1pida de preparar e nutritiva para uma variedade de refei\u00e7\u00f5es.<\/p>\n<p>O Pudim de Milho \u00e9 uma fonte de hidratos de carbono de alta qualidade que pode ser utilizada n\u00e3o s\u00f3 no dia a dia, mas tamb\u00e9m especificamente antes ou depois do treino.<\/p>\n<ul>\n<li>Vegano<\/li>\n<li>Sem gl\u00faten<\/li>\n<li>Sem lactose<\/li>\n<li>Sem OGM<\/li>\n<li>Produzido de acordo com rigorosos padr\u00f5es de qualidade da UE<\/li>\n<\/ul>\n","protected":false},"excerpt":{"rendered":"<p>O pudim de milho \u00e9 vers\u00e1til e proporciona uma base saborosa, r\u00e1pida de preparar e nutritiva para uma variedade de refei\u00e7\u00f5es. O Pudim de Milho \u00e9 uma fonte de hidratos de carbono de alta qualidade que pode ser utilizada n\u00e3o s\u00f3 no dia a dia, mas tamb\u00e9m especificamente antes ou depois do treino. Vegano Sem [&hellip;]<\/p>\n","protected":false},"featured_media":47095,"template":"","meta":{"_acf_changed":false},"product_brand":[10200],"product_cat":[550,537],"product_tag":[],"class_list":{"0":"post-22332","1":"product","2":"type-product","3":"status-publish","4":"has-post-thumbnail","6":"product_brand-gen-german-elite-nutrition-pt-pt","7":"product_cat-cozinhar-e-petiscar","8":"product_cat-produtos-de-a-z","10":"first","11":"instock","12":"taxable","13":"shipping-taxable","14":"purchasable","15":"product-type-simple"},"acf":[],"_links":{"self":[{"href":"https:\/\/dev.vitalstoffversand.com\/pt-pt\/wp-json\/wp\/v2\/product\/22332","targetHints":{"allow":["GET"]}}],"collection":[{"href":"https:\/\/dev.vitalstoffversand.com\/pt-pt\/wp-json\/wp\/v2\/product"}],"about":[{"href":"https:\/\/dev.vitalstoffversand.com\/pt-pt\/wp-json\/wp\/v2\/types\/product"}],"wp:featuredmedia":[{"embeddable":true,"href":"https:\/\/dev.vitalstoffversand.com\/pt-pt\/wp-json\/wp\/v2\/media\/47095"}],"wp:attachment":[{"href":"https:\/\/dev.vitalstoffversand.com\/pt-pt\/wp-json\/wp\/v2\/media?parent=22332"}],"wp:term":[{"taxonomy":"product_brand","embeddable":true,"href":"https:\/\/dev.vitalstoffversand.com\/pt-pt\/wp-json\/wp\/v2\/product_brand?post=22332"},{"taxonomy":"product_cat","embeddable":true,"href":"https:\/\/dev.vitalstoffversand.com\/pt-pt\/wp-json\/wp\/v2\/product_cat?post=22332"},{"taxonomy":"product_tag","embeddable":true,"href":"https:\/\/dev.vitalstoffversand.com\/pt-pt\/wp-json\/wp\/v2\/product_tag?post=22332"}],"curies":[{"name":"wp","href":"https:\/\/api.w.org\/{rel}","templated":true}]}}