{"id":22309,"date":"2024-12-30T11:59:48","date_gmt":"2024-12-30T10:59:48","guid":{"rendered":"https:\/\/vitalstoffversand.com\/produkt\/gen-empurre-o-ate-ao-limite-diferentes-variedades\/"},"modified":"2026-03-12T11:57:15","modified_gmt":"2026-03-12T10:57:15","slug":"gen-empurre-o-ate-ao-limite-diferentes-variedades","status":"publish","type":"product","link":"https:\/\/dev.vitalstoffversand.com\/pt-pt\/produto\/gen-empurre-o-ate-ao-limite-diferentes-variedades\/","title":{"rendered":"GEN <br>Empurre-o at\u00e9 ao limite &#8211; diferentes sabores"},"content":{"rendered":"<p>Push it to the Limit oferece-lhe um apoio \u00f3timo para o seu treino.<\/p>\n<p>19 ingredientes harmonizados garantem-lhe uma base \u00f3ptima para o seu treino.<\/p>\n<p>O foco deste produto \u00e9 a efic\u00e1cia, e \u00e9 por isso que n\u00e3o cont\u00e9m enchimentos desnecess\u00e1rios, como a creatina, que se toma separadamente ou diariamente de qualquer forma.<\/p>\n<p>Dispon\u00edvel nos sabores Kiwi Grape, Cola Cherry e Mango Erdbeere<\/p>\n<ul>\n<li>Vegano<\/li>\n<li>Sem gl\u00faten<\/li>\n<li>Sem lactose<\/li>\n<li>Sem OGM<\/li>\n<li>Produzido de acordo com rigorosos padr\u00f5es de qualidade da UE<\/li>\n<\/ul>\n","protected":false},"excerpt":{"rendered":"<p>Push it to the Limit oferece-lhe um apoio \u00f3timo para o seu treino. 19 ingredientes harmonizados garantem-lhe uma base \u00f3ptima para o seu treino. O foco deste produto \u00e9 a efic\u00e1cia, e \u00e9 por isso que n\u00e3o cont\u00e9m enchimentos desnecess\u00e1rios, como a creatina, que se toma separadamente ou diariamente de qualquer forma. Dispon\u00edvel nos sabores [&hellip;]<\/p>\n","protected":false},"featured_media":46967,"template":"","meta":{"_acf_changed":false},"product_brand":[10200],"product_cat":[559,537],"product_tag":[],"class_list":{"0":"post-22309","1":"product","2":"type-product","3":"status-publish","4":"has-post-thumbnail","6":"product_brand-gen-german-elite-nutrition-pt-pt","7":"product_cat-nutrientes","8":"product_cat-produtos-de-a-z","10":"first","11":"instock","12":"taxable","13":"shipping-taxable","14":"purchasable","15":"product-type-variable"},"acf":[],"_links":{"self":[{"href":"https:\/\/dev.vitalstoffversand.com\/pt-pt\/wp-json\/wp\/v2\/product\/22309","targetHints":{"allow":["GET"]}}],"collection":[{"href":"https:\/\/dev.vitalstoffversand.com\/pt-pt\/wp-json\/wp\/v2\/product"}],"about":[{"href":"https:\/\/dev.vitalstoffversand.com\/pt-pt\/wp-json\/wp\/v2\/types\/product"}],"wp:featuredmedia":[{"embeddable":true,"href":"https:\/\/dev.vitalstoffversand.com\/pt-pt\/wp-json\/wp\/v2\/media\/46967"}],"wp:attachment":[{"href":"https:\/\/dev.vitalstoffversand.com\/pt-pt\/wp-json\/wp\/v2\/media?parent=22309"}],"wp:term":[{"taxonomy":"product_brand","embeddable":true,"href":"https:\/\/dev.vitalstoffversand.com\/pt-pt\/wp-json\/wp\/v2\/product_brand?post=22309"},{"taxonomy":"product_cat","embeddable":true,"href":"https:\/\/dev.vitalstoffversand.com\/pt-pt\/wp-json\/wp\/v2\/product_cat?post=22309"},{"taxonomy":"product_tag","embeddable":true,"href":"https:\/\/dev.vitalstoffversand.com\/pt-pt\/wp-json\/wp\/v2\/product_tag?post=22309"}],"curies":[{"name":"wp","href":"https:\/\/api.w.org\/{rel}","templated":true}]}}