{"id":22287,"date":"2024-11-14T11:40:53","date_gmt":"2024-11-14T10:40:53","guid":{"rendered":"https:\/\/vitalstoffversand.com\/produkt\/gen-argimax-l-arginina-triple-complex-180-capsulas\/"},"modified":"2026-03-12T11:50:12","modified_gmt":"2026-03-12T10:50:12","slug":"gen-argimax-l-arginina-triple-complex-180-capsulas","status":"publish","type":"product","link":"https:\/\/dev.vitalstoffversand.com\/pt-pt\/produto\/gen-argimax-l-arginina-triple-complex-180-capsulas\/","title":{"rendered":"GEN <br>Argimax L-Arginina Triple Complex &#8211; 180 c\u00e1psulas"},"content":{"rendered":"<p>A L-arginina \u00e9 um componente importante das prote\u00ednas e \u00e9 absorvida atrav\u00e9s dos alimentos e produzida pelo pr\u00f3prio organismo.<\/p>\n<p>No organismo, a L-arginina est\u00e1 envolvida em muitos processos metab\u00f3licos e desempenha um papel na produ\u00e7\u00e3o de \u00f3xido n\u00edtrico.<\/p>\n<p>Simultaneamente, a arginina est\u00e1 envolvida na decomposi\u00e7\u00e3o dos produtos residuais do organismo, no \u00e2mbito da s\u00edntese da ureia.<\/p>\n<p>O Argimax L-Arginine Triple Complex cont\u00e9m tr\u00eas formas diferentes de arginina (AAKG (2:1), L-Arginina HCL e Nitrato de L-Arginina) para suportar um fornecimento uniforme do ingrediente ativo.<\/p>\n<ul>\n<li>Vegano<\/li>\n<li>Sem gl\u00faten<\/li>\n<li>Sem lactose<\/li>\n<li>Sem OGM<\/li>\n<li>Produzido de acordo com rigorosos padr\u00f5es de qualidade da UE<\/li>\n<\/ul>\n","protected":false},"excerpt":{"rendered":"<p>A L-arginina \u00e9 um componente importante das prote\u00ednas e \u00e9 absorvida atrav\u00e9s dos alimentos e produzida pelo pr\u00f3prio organismo. No organismo, a L-arginina est\u00e1 envolvida em muitos processos metab\u00f3licos e desempenha um papel na produ\u00e7\u00e3o de \u00f3xido n\u00edtrico. Simultaneamente, a arginina est\u00e1 envolvida na decomposi\u00e7\u00e3o dos produtos residuais do organismo, no \u00e2mbito da s\u00edntese da [&hellip;]<\/p>\n","protected":false},"featured_media":46831,"template":"","meta":{"_acf_changed":false},"product_brand":[10200],"product_cat":[551,537],"product_tag":[],"class_list":{"0":"post-22287","1":"product","2":"type-product","3":"status-publish","4":"has-post-thumbnail","6":"product_brand-gen-german-elite-nutrition-pt-pt","7":"product_cat-aminoacidos-pt","8":"product_cat-produtos-de-a-z","10":"first","11":"outofstock","12":"taxable","13":"shipping-taxable","14":"purchasable","15":"product-type-simple"},"acf":[],"_links":{"self":[{"href":"https:\/\/dev.vitalstoffversand.com\/pt-pt\/wp-json\/wp\/v2\/product\/22287","targetHints":{"allow":["GET"]}}],"collection":[{"href":"https:\/\/dev.vitalstoffversand.com\/pt-pt\/wp-json\/wp\/v2\/product"}],"about":[{"href":"https:\/\/dev.vitalstoffversand.com\/pt-pt\/wp-json\/wp\/v2\/types\/product"}],"wp:featuredmedia":[{"embeddable":true,"href":"https:\/\/dev.vitalstoffversand.com\/pt-pt\/wp-json\/wp\/v2\/media\/46831"}],"wp:attachment":[{"href":"https:\/\/dev.vitalstoffversand.com\/pt-pt\/wp-json\/wp\/v2\/media?parent=22287"}],"wp:term":[{"taxonomy":"product_brand","embeddable":true,"href":"https:\/\/dev.vitalstoffversand.com\/pt-pt\/wp-json\/wp\/v2\/product_brand?post=22287"},{"taxonomy":"product_cat","embeddable":true,"href":"https:\/\/dev.vitalstoffversand.com\/pt-pt\/wp-json\/wp\/v2\/product_cat?post=22287"},{"taxonomy":"product_tag","embeddable":true,"href":"https:\/\/dev.vitalstoffversand.com\/pt-pt\/wp-json\/wp\/v2\/product_tag?post=22287"}],"curies":[{"name":"wp","href":"https:\/\/api.w.org\/{rel}","templated":true}]}}