{"id":22268,"date":"2024-12-19T16:45:03","date_gmt":"2024-12-19T15:45:03","guid":{"rendered":"https:\/\/vitalstoffversand.com\/produkt\/gen-clearpea-proteina-clear-vegana-454-g-diferentes-sabores\/"},"modified":"2026-03-12T11:48:13","modified_gmt":"2026-03-12T10:48:13","slug":"gen-clearpea-proteina-clear-vegana-454-g-diferentes-sabores","status":"publish","type":"product","link":"https:\/\/dev.vitalstoffversand.com\/pt-pt\/produto\/gen-clearpea-proteina-clear-vegana-454-g-diferentes-sabores\/","title":{"rendered":"GEN <br>ClearPea\u00ae &#8211; Prote\u00edna Clear Vegana &#8211; 454 g &#8211; diferentes sabores"},"content":{"rendered":"<p>Vegan Clear Pea Protein consiste em prote\u00edna de ervilha hidrolisada que foi enriquecida com L-leucina, L-isoleucina e L-valina, bem como outros amino\u00e1cidos para obter um perfil de amino\u00e1cidos de alta qualidade.<\/p>\n<p>Dispon\u00edvel em 6 sabores deliciosos, com poucas calorias e sem a\u00e7\u00facar.<\/p>\n<ul>\n<li>Vegano<\/li>\n<li>Sem gl\u00faten<\/li>\n<li>Sem lactose<\/li>\n<li>Sem OGM<\/li>\n<li>Produzido de acordo com rigorosos padr\u00f5es de qualidade da UE<\/li>\n<\/ul>\n","protected":false},"excerpt":{"rendered":"<p>Vegan Clear Pea Protein consiste em prote\u00edna de ervilha hidrolisada que foi enriquecida com L-leucina, L-isoleucina e L-valina, bem como outros amino\u00e1cidos para obter um perfil de amino\u00e1cidos de alta qualidade. Dispon\u00edvel em 6 sabores deliciosos, com poucas calorias e sem a\u00e7\u00facar. Vegano Sem gl\u00faten Sem lactose Sem OGM Produzido de acordo com rigorosos padr\u00f5es [&hellip;]<\/p>\n","protected":false},"featured_media":46807,"template":"","meta":{"_acf_changed":false},"product_brand":[10200],"product_cat":[558,537],"product_tag":[],"class_list":{"0":"post-22268","1":"product","2":"type-product","3":"status-publish","4":"has-post-thumbnail","6":"product_brand-gen-german-elite-nutrition-pt-pt","7":"product_cat-proteinas-pt","8":"product_cat-produtos-de-a-z","10":"first","11":"instock","12":"taxable","13":"shipping-taxable","14":"purchasable","15":"product-type-variable"},"acf":[],"_links":{"self":[{"href":"https:\/\/dev.vitalstoffversand.com\/pt-pt\/wp-json\/wp\/v2\/product\/22268","targetHints":{"allow":["GET"]}}],"collection":[{"href":"https:\/\/dev.vitalstoffversand.com\/pt-pt\/wp-json\/wp\/v2\/product"}],"about":[{"href":"https:\/\/dev.vitalstoffversand.com\/pt-pt\/wp-json\/wp\/v2\/types\/product"}],"wp:featuredmedia":[{"embeddable":true,"href":"https:\/\/dev.vitalstoffversand.com\/pt-pt\/wp-json\/wp\/v2\/media\/46807"}],"wp:attachment":[{"href":"https:\/\/dev.vitalstoffversand.com\/pt-pt\/wp-json\/wp\/v2\/media?parent=22268"}],"wp:term":[{"taxonomy":"product_brand","embeddable":true,"href":"https:\/\/dev.vitalstoffversand.com\/pt-pt\/wp-json\/wp\/v2\/product_brand?post=22268"},{"taxonomy":"product_cat","embeddable":true,"href":"https:\/\/dev.vitalstoffversand.com\/pt-pt\/wp-json\/wp\/v2\/product_cat?post=22268"},{"taxonomy":"product_tag","embeddable":true,"href":"https:\/\/dev.vitalstoffversand.com\/pt-pt\/wp-json\/wp\/v2\/product_tag?post=22268"}],"curies":[{"name":"wp","href":"https:\/\/api.w.org\/{rel}","templated":true}]}}