{"id":22224,"date":"2024-11-12T14:39:14","date_gmt":"2024-11-12T13:39:14","guid":{"rendered":"https:\/\/vitalstoffversand.com\/produkt\/gen-clen-burnrexin-180-capsulas\/"},"modified":"2026-03-12T12:27:46","modified_gmt":"2026-03-12T11:27:46","slug":"gen-clen-burnrexin-180-capsulas","status":"publish","type":"product","link":"https:\/\/dev.vitalstoffversand.com\/pt-pt\/produto\/gen-clen-burnrexin-180-capsulas\/","title":{"rendered":"GEN <br>Clen Burnrexin &#8211; 180 c\u00e1psulas"},"content":{"rendered":"<p>Clenburnrexin foi especialmente desenvolvido para pessoas activas e \u00e9 composto por uma mistura \u00fanica de extractos de plantas de alta qualidade.<\/p>\n<p>12 ingredientes activos constitu\u00eddos por extractos de plantas e amino\u00e1cidos fornecem-lhe a energia de que necessita para dominar a sua vida quotidiana.<\/p>\n<ul>\n<li>Sem gl\u00faten<\/li>\n<li>Sem lactose<\/li>\n<li>Sem OGM<\/li>\n<li>Produzido de acordo com rigorosos padr\u00f5es de qualidade da UE<\/li>\n<\/ul>\n","protected":false},"excerpt":{"rendered":"<p>Clenburnrexin foi especialmente desenvolvido para pessoas activas e \u00e9 composto por uma mistura \u00fanica de extractos de plantas de alta qualidade. 12 ingredientes activos constitu\u00eddos por extractos de plantas e amino\u00e1cidos fornecem-lhe a energia de que necessita para dominar a sua vida quotidiana. Sem gl\u00faten Sem lactose Sem OGM Produzido de acordo com rigorosos padr\u00f5es [&hellip;]<\/p>\n","protected":false},"featured_media":46559,"template":"","meta":{"_acf_changed":false},"product_brand":[10200],"product_cat":[562,537],"product_tag":[],"class_list":{"0":"post-22224","1":"product","2":"type-product","3":"status-publish","4":"has-post-thumbnail","6":"product_brand-gen-german-elite-nutrition-pt-pt","7":"product_cat-suplementos-desportivos","8":"product_cat-produtos-de-a-z","10":"first","11":"outofstock","12":"taxable","13":"shipping-taxable","14":"purchasable","15":"product-type-simple"},"acf":[],"_links":{"self":[{"href":"https:\/\/dev.vitalstoffversand.com\/pt-pt\/wp-json\/wp\/v2\/product\/22224","targetHints":{"allow":["GET"]}}],"collection":[{"href":"https:\/\/dev.vitalstoffversand.com\/pt-pt\/wp-json\/wp\/v2\/product"}],"about":[{"href":"https:\/\/dev.vitalstoffversand.com\/pt-pt\/wp-json\/wp\/v2\/types\/product"}],"wp:featuredmedia":[{"embeddable":true,"href":"https:\/\/dev.vitalstoffversand.com\/pt-pt\/wp-json\/wp\/v2\/media\/46559"}],"wp:attachment":[{"href":"https:\/\/dev.vitalstoffversand.com\/pt-pt\/wp-json\/wp\/v2\/media?parent=22224"}],"wp:term":[{"taxonomy":"product_brand","embeddable":true,"href":"https:\/\/dev.vitalstoffversand.com\/pt-pt\/wp-json\/wp\/v2\/product_brand?post=22224"},{"taxonomy":"product_cat","embeddable":true,"href":"https:\/\/dev.vitalstoffversand.com\/pt-pt\/wp-json\/wp\/v2\/product_cat?post=22224"},{"taxonomy":"product_tag","embeddable":true,"href":"https:\/\/dev.vitalstoffversand.com\/pt-pt\/wp-json\/wp\/v2\/product_tag?post=22224"}],"curies":[{"name":"wp","href":"https:\/\/api.w.org\/{rel}","templated":true}]}}