{"id":22204,"date":"2024-11-12T14:35:02","date_gmt":"2024-11-12T13:35:02","guid":{"rendered":"https:\/\/vitalstoffversand.com\/produkt\/gen-wheypresso-protein-coffee-908-g-diferentes-sabores\/"},"modified":"2026-03-12T12:21:43","modified_gmt":"2026-03-12T11:21:43","slug":"gen-wheypresso-protein-coffee-908-g-diferentes-sabores","status":"publish","type":"product","link":"https:\/\/dev.vitalstoffversand.com\/pt-pt\/produto\/gen-wheypresso-protein-coffee-908-g-diferentes-sabores\/","title":{"rendered":"GEN <br>Wheypresso Protein Coffee &#8211; 908 g &#8211; diferentes sabores"},"content":{"rendered":"<p>Wheypresso \u00e9 o melhor caf\u00e9 proteico e est\u00e1 dispon\u00edvel em 6 deliciosos sabores.<\/p>\n<p>Combine uma deliciosa experi\u00eancia de caf\u00e9 com os seus objectivos de fitness, porque cada por\u00e7\u00e3o de caf\u00e9 proteico fornece at\u00e9 22 gramas de prote\u00edna.<\/p>\n<p>Uma del\u00edcia quente ou fria.<\/p>\n<ul>\n<li>Sem gl\u00faten<\/li>\n<li>Produzido de acordo com rigorosos padr\u00f5es de qualidade da UE<\/li>\n<\/ul>\n","protected":false},"excerpt":{"rendered":"<p>Wheypresso \u00e9 o melhor caf\u00e9 proteico e est\u00e1 dispon\u00edvel em 6 deliciosos sabores. Combine uma deliciosa experi\u00eancia de caf\u00e9 com os seus objectivos de fitness, porque cada por\u00e7\u00e3o de caf\u00e9 proteico fornece at\u00e9 22 gramas de prote\u00edna. Uma del\u00edcia quente ou fria. Sem gl\u00faten Produzido de acordo com rigorosos padr\u00f5es de qualidade da UE<\/p>\n","protected":false},"featured_media":46415,"template":"","meta":{"_acf_changed":false},"product_brand":[10200],"product_cat":[558,550,537],"product_tag":[],"class_list":{"0":"post-22204","1":"product","2":"type-product","3":"status-publish","4":"has-post-thumbnail","6":"product_brand-gen-german-elite-nutrition-pt-pt","7":"product_cat-proteinas-pt","8":"product_cat-cozinhar-e-petiscar","9":"product_cat-produtos-de-a-z","11":"first","12":"outofstock","13":"taxable","14":"shipping-taxable","15":"purchasable","16":"product-type-variable"},"acf":[],"_links":{"self":[{"href":"https:\/\/dev.vitalstoffversand.com\/pt-pt\/wp-json\/wp\/v2\/product\/22204","targetHints":{"allow":["GET"]}}],"collection":[{"href":"https:\/\/dev.vitalstoffversand.com\/pt-pt\/wp-json\/wp\/v2\/product"}],"about":[{"href":"https:\/\/dev.vitalstoffversand.com\/pt-pt\/wp-json\/wp\/v2\/types\/product"}],"wp:featuredmedia":[{"embeddable":true,"href":"https:\/\/dev.vitalstoffversand.com\/pt-pt\/wp-json\/wp\/v2\/media\/46415"}],"wp:attachment":[{"href":"https:\/\/dev.vitalstoffversand.com\/pt-pt\/wp-json\/wp\/v2\/media?parent=22204"}],"wp:term":[{"taxonomy":"product_brand","embeddable":true,"href":"https:\/\/dev.vitalstoffversand.com\/pt-pt\/wp-json\/wp\/v2\/product_brand?post=22204"},{"taxonomy":"product_cat","embeddable":true,"href":"https:\/\/dev.vitalstoffversand.com\/pt-pt\/wp-json\/wp\/v2\/product_cat?post=22204"},{"taxonomy":"product_tag","embeddable":true,"href":"https:\/\/dev.vitalstoffversand.com\/pt-pt\/wp-json\/wp\/v2\/product_tag?post=22204"}],"curies":[{"name":"wp","href":"https:\/\/api.w.org\/{rel}","templated":true}]}}