{"id":21782,"date":"2024-11-12T13:14:08","date_gmt":"2024-11-12T12:14:08","guid":{"rendered":"https:\/\/vitalstoffversand.com\/produkt\/gen-bcaa-211-450-g-diferentes-sabores\/"},"modified":"2026-04-02T18:17:21","modified_gmt":"2026-04-02T16:17:21","slug":"gen-bcaa-211-450-g-diferentes-sabores","status":"publish","type":"product","link":"https:\/\/dev.vitalstoffversand.com\/pt-pt\/produto\/gen-bcaa-211-450-g-diferentes-sabores\/","title":{"rendered":"GEN <br>BCAA 2:1:1 &#8211; 450 g"},"content":{"rendered":"<p>BCAA na propor\u00e7\u00e3o perfeita de 2:1:1 dos amino\u00e1cidos leucina, isoleucina e valina.<\/p>\n<p>Para apoiar sinergicamente o processo de regenera\u00e7\u00e3o, os BCAAs s\u00e3o complementados com L-glutamina e L-taurina.<\/p>\n<ul>\n<li>Vegano<\/li>\n<li>Sem gl\u00faten<\/li>\n<li>Sem lactose<\/li>\n<li>Sem OGM<\/li>\n<li>Produzido de acordo com rigorosos padr\u00f5es de qualidade da UE<\/li>\n<\/ul>\n","protected":false},"excerpt":{"rendered":"<p>BCAA na propor\u00e7\u00e3o perfeita de 2:1:1 dos amino\u00e1cidos leucina, isoleucina e valina. Para apoiar sinergicamente o processo de regenera\u00e7\u00e3o, os BCAAs s\u00e3o complementados com L-glutamina e L-taurina. Vegano Sem gl\u00faten Sem lactose Sem OGM Produzido de acordo com rigorosos padr\u00f5es de qualidade da UE<\/p>\n","protected":false},"featured_media":46327,"template":"","meta":{"_acf_changed":false},"product_brand":[10200],"product_cat":[551,537],"product_tag":[],"class_list":{"0":"post-21782","1":"product","2":"type-product","3":"status-publish","4":"has-post-thumbnail","6":"product_brand-gen-german-elite-nutrition-pt-pt","7":"product_cat-aminoacidos-pt","8":"product_cat-produtos-de-a-z","10":"first","11":"instock","12":"taxable","13":"shipping-taxable","14":"purchasable","15":"product-type-variable"},"acf":[],"_links":{"self":[{"href":"https:\/\/dev.vitalstoffversand.com\/pt-pt\/wp-json\/wp\/v2\/product\/21782","targetHints":{"allow":["GET"]}}],"collection":[{"href":"https:\/\/dev.vitalstoffversand.com\/pt-pt\/wp-json\/wp\/v2\/product"}],"about":[{"href":"https:\/\/dev.vitalstoffversand.com\/pt-pt\/wp-json\/wp\/v2\/types\/product"}],"wp:featuredmedia":[{"embeddable":true,"href":"https:\/\/dev.vitalstoffversand.com\/pt-pt\/wp-json\/wp\/v2\/media\/46327"}],"wp:attachment":[{"href":"https:\/\/dev.vitalstoffversand.com\/pt-pt\/wp-json\/wp\/v2\/media?parent=21782"}],"wp:term":[{"taxonomy":"product_brand","embeddable":true,"href":"https:\/\/dev.vitalstoffversand.com\/pt-pt\/wp-json\/wp\/v2\/product_brand?post=21782"},{"taxonomy":"product_cat","embeddable":true,"href":"https:\/\/dev.vitalstoffversand.com\/pt-pt\/wp-json\/wp\/v2\/product_cat?post=21782"},{"taxonomy":"product_tag","embeddable":true,"href":"https:\/\/dev.vitalstoffversand.com\/pt-pt\/wp-json\/wp\/v2\/product_tag?post=21782"}],"curies":[{"name":"wp","href":"https:\/\/api.w.org\/{rel}","templated":true}]}}