{"id":21750,"date":"2024-11-12T14:32:07","date_gmt":"2024-11-12T13:32:07","guid":{"rendered":"https:\/\/vitalstoffversand.com\/produkt\/gen-testo-stack-pro-180-capsulas\/"},"modified":"2026-03-12T11:49:17","modified_gmt":"2026-03-12T10:49:17","slug":"gen-testo-stack-pro-180-capsulas","status":"publish","type":"product","link":"https:\/\/dev.vitalstoffversand.com\/pt-pt\/produto\/gen-testo-stack-pro-180-capsulas\/","title":{"rendered":"GEN <br>Testo Stack Pro &#8211; 180 c\u00e1psulas"},"content":{"rendered":"<p>Testo Stack Pro \u00e9 um estimulante do desempenho e da constru\u00e7\u00e3o muscular que fornece uma combina\u00e7\u00e3o \u00fanica de poderosos extractos de plantas e minerais essenciais de que necessita para aumentar a for\u00e7a, melhorar a resist\u00eancia e maximizar o crescimento muscular.<\/p>\n<p>Use Testo Stack Pro para aumentar a sua produ\u00e7\u00e3o de testosterona, s\u00edntese de prote\u00ednas, for\u00e7a e resist\u00eancia, bem como a sua concentra\u00e7\u00e3o mental.<\/p>\n<ul>\n<li>Sem gl\u00faten<\/li>\n<li>Sem lactose<\/li>\n<li>Sem OGM<\/li>\n<li>Produzido de acordo com rigorosos padr\u00f5es de qualidade da UE<\/li>\n<\/ul>\n","protected":false},"excerpt":{"rendered":"<p>Testo Stack Pro \u00e9 um estimulante do desempenho e da constru\u00e7\u00e3o muscular que fornece uma combina\u00e7\u00e3o \u00fanica de poderosos extractos de plantas e minerais essenciais de que necessita para aumentar a for\u00e7a, melhorar a resist\u00eancia e maximizar o crescimento muscular. Use Testo Stack Pro para aumentar a sua produ\u00e7\u00e3o de testosterona, s\u00edntese de prote\u00ednas, for\u00e7a [&hellip;]<\/p>\n","protected":false},"featured_media":46119,"template":"","meta":{"_acf_changed":false},"product_brand":[10200],"product_cat":[562,537],"product_tag":[],"class_list":{"0":"post-21750","1":"product","2":"type-product","3":"status-publish","4":"has-post-thumbnail","6":"product_brand-gen-german-elite-nutrition-pt-pt","7":"product_cat-suplementos-desportivos","8":"product_cat-produtos-de-a-z","10":"first","11":"instock","12":"taxable","13":"shipping-taxable","14":"purchasable","15":"product-type-simple"},"acf":[],"_links":{"self":[{"href":"https:\/\/dev.vitalstoffversand.com\/pt-pt\/wp-json\/wp\/v2\/product\/21750","targetHints":{"allow":["GET"]}}],"collection":[{"href":"https:\/\/dev.vitalstoffversand.com\/pt-pt\/wp-json\/wp\/v2\/product"}],"about":[{"href":"https:\/\/dev.vitalstoffversand.com\/pt-pt\/wp-json\/wp\/v2\/types\/product"}],"wp:featuredmedia":[{"embeddable":true,"href":"https:\/\/dev.vitalstoffversand.com\/pt-pt\/wp-json\/wp\/v2\/media\/46119"}],"wp:attachment":[{"href":"https:\/\/dev.vitalstoffversand.com\/pt-pt\/wp-json\/wp\/v2\/media?parent=21750"}],"wp:term":[{"taxonomy":"product_brand","embeddable":true,"href":"https:\/\/dev.vitalstoffversand.com\/pt-pt\/wp-json\/wp\/v2\/product_brand?post=21750"},{"taxonomy":"product_cat","embeddable":true,"href":"https:\/\/dev.vitalstoffversand.com\/pt-pt\/wp-json\/wp\/v2\/product_cat?post=21750"},{"taxonomy":"product_tag","embeddable":true,"href":"https:\/\/dev.vitalstoffversand.com\/pt-pt\/wp-json\/wp\/v2\/product_tag?post=21750"}],"curies":[{"name":"wp","href":"https:\/\/api.w.org\/{rel}","templated":true}]}}