{"id":21735,"date":"2024-11-12T13:12:14","date_gmt":"2024-11-12T12:12:14","guid":{"rendered":"https:\/\/vitalstoffversand.com\/produkt\/gen-water-out-180-capsulas\/"},"modified":"2026-03-12T11:47:29","modified_gmt":"2026-03-12T10:47:29","slug":"gen-water-out-180-capsulas","status":"publish","type":"product","link":"https:\/\/dev.vitalstoffversand.com\/pt-pt\/produto\/gen-water-out-180-capsulas\/","title":{"rendered":"GEN <br>Fluxo de \u00e1gua &#8211; 180 c\u00e1psulas"},"content":{"rendered":"<p>Water Flow &#8211; Drain &amp; Water Balance foi desenvolvido para apoiar o equil\u00edbrio natural do ciclo da \u00e1gua no nosso corpo.<\/p>\n<p>Uma combina\u00e7\u00e3o cuidadosamente selecionada de 8 extractos naturais utiliza os efeitos sinerg\u00e9ticos dos componentes individuais.<\/p>\n<ul>\n<li>Vegano<\/li>\n<li>Sem gl\u00faten<\/li>\n<li>Sem lactose<\/li>\n<li>Sem OGM<\/li>\n<li>Produzido de acordo com rigorosos padr\u00f5es de qualidade da UE<\/li>\n<\/ul>\n","protected":false},"excerpt":{"rendered":"<p>Water Flow &#8211; Drain &amp; Water Balance foi desenvolvido para apoiar o equil\u00edbrio natural do ciclo da \u00e1gua no nosso corpo. Uma combina\u00e7\u00e3o cuidadosamente selecionada de 8 extractos naturais utiliza os efeitos sinerg\u00e9ticos dos componentes individuais. Vegano Sem gl\u00faten Sem lactose Sem OGM Produzido de acordo com rigorosos padr\u00f5es de qualidade da UE<\/p>\n","protected":false},"featured_media":46111,"template":"","meta":{"_acf_changed":false},"product_brand":[10200],"product_cat":[559,537],"product_tag":[],"class_list":{"0":"post-21735","1":"product","2":"type-product","3":"status-publish","4":"has-post-thumbnail","6":"product_brand-gen-german-elite-nutrition-pt-pt","7":"product_cat-nutrientes","8":"product_cat-produtos-de-a-z","10":"first","11":"instock","12":"taxable","13":"shipping-taxable","14":"purchasable","15":"product-type-simple"},"acf":[],"_links":{"self":[{"href":"https:\/\/dev.vitalstoffversand.com\/pt-pt\/wp-json\/wp\/v2\/product\/21735","targetHints":{"allow":["GET"]}}],"collection":[{"href":"https:\/\/dev.vitalstoffversand.com\/pt-pt\/wp-json\/wp\/v2\/product"}],"about":[{"href":"https:\/\/dev.vitalstoffversand.com\/pt-pt\/wp-json\/wp\/v2\/types\/product"}],"wp:featuredmedia":[{"embeddable":true,"href":"https:\/\/dev.vitalstoffversand.com\/pt-pt\/wp-json\/wp\/v2\/media\/46111"}],"wp:attachment":[{"href":"https:\/\/dev.vitalstoffversand.com\/pt-pt\/wp-json\/wp\/v2\/media?parent=21735"}],"wp:term":[{"taxonomy":"product_brand","embeddable":true,"href":"https:\/\/dev.vitalstoffversand.com\/pt-pt\/wp-json\/wp\/v2\/product_brand?post=21735"},{"taxonomy":"product_cat","embeddable":true,"href":"https:\/\/dev.vitalstoffversand.com\/pt-pt\/wp-json\/wp\/v2\/product_cat?post=21735"},{"taxonomy":"product_tag","embeddable":true,"href":"https:\/\/dev.vitalstoffversand.com\/pt-pt\/wp-json\/wp\/v2\/product_tag?post=21735"}],"curies":[{"name":"wp","href":"https:\/\/api.w.org\/{rel}","templated":true}]}}