{"id":21693,"date":"2024-11-12T13:04:39","date_gmt":"2024-11-12T12:04:39","guid":{"rendered":"https:\/\/vitalstoffversand.com\/produkt\/gen-essenciais-para-o-figado-180-capsulas\/"},"modified":"2026-03-11T15:14:28","modified_gmt":"2026-03-11T14:14:28","slug":"gen-essenciais-para-o-figado-180-capsulas","status":"publish","type":"product","link":"https:\/\/dev.vitalstoffversand.com\/pt-pt\/produto\/gen-essenciais-para-o-figado-180-capsulas\/","title":{"rendered":"GEN <br>Essenciais para o F\u00edgado &#8211; 180 c\u00e1psulas"},"content":{"rendered":"<p>Liver Essentials \u00e9 uma f\u00f3rmula especial de 11 ingredientes activos concebida para apoiar o f\u00edgado em particular.<\/p>\n<p>Foi demonstrado que a colina que cont\u00e9m (aqui como bitartarato de colina) contribui para o funcionamento normal do f\u00edgado, de acordo com a alega\u00e7\u00e3o de sa\u00fade da EFSA.<\/p>\n<p>Os extratos de cardo mariano, raiz de dente-de-le\u00e3o, alcachofra, desmodium, schisandra, gengibre e sophora japonica s\u00e3o tradicionalmente utilizados h\u00e1 s\u00e9culos para apoiar o f\u00edgado.<\/p>\n<p>A f\u00f3rmula \u00e9 otimizada por outros ingredientes.<\/p>\n<ul>\n<li>Vegano<\/li>\n<li>Sem gl\u00faten<\/li>\n<li>Sem lactose<\/li>\n<li>Sem OGM<\/li>\n<li>Produzido de acordo com rigorosos padr\u00f5es de qualidade da UE<\/li>\n<\/ul>\n","protected":false},"excerpt":{"rendered":"<p>Liver Essentials \u00e9 uma f\u00f3rmula especial de 11 ingredientes activos concebida para apoiar o f\u00edgado em particular. Foi demonstrado que a colina que cont\u00e9m (aqui como bitartarato de colina) contribui para o funcionamento normal do f\u00edgado, de acordo com a alega\u00e7\u00e3o de sa\u00fade da EFSA. Os extratos de cardo mariano, raiz de dente-de-le\u00e3o, alcachofra, desmodium, [&hellip;]<\/p>\n","protected":false},"featured_media":45838,"template":"","meta":{"_acf_changed":false},"product_brand":[10200],"product_cat":[559,537],"product_tag":[],"class_list":{"0":"post-21693","1":"product","2":"type-product","3":"status-publish","4":"has-post-thumbnail","6":"product_brand-gen-german-elite-nutrition-pt-pt","7":"product_cat-nutrientes","8":"product_cat-produtos-de-a-z","10":"first","11":"instock","12":"taxable","13":"shipping-taxable","14":"purchasable","15":"product-type-simple"},"acf":[],"_links":{"self":[{"href":"https:\/\/dev.vitalstoffversand.com\/pt-pt\/wp-json\/wp\/v2\/product\/21693","targetHints":{"allow":["GET"]}}],"collection":[{"href":"https:\/\/dev.vitalstoffversand.com\/pt-pt\/wp-json\/wp\/v2\/product"}],"about":[{"href":"https:\/\/dev.vitalstoffversand.com\/pt-pt\/wp-json\/wp\/v2\/types\/product"}],"wp:featuredmedia":[{"embeddable":true,"href":"https:\/\/dev.vitalstoffversand.com\/pt-pt\/wp-json\/wp\/v2\/media\/45838"}],"wp:attachment":[{"href":"https:\/\/dev.vitalstoffversand.com\/pt-pt\/wp-json\/wp\/v2\/media?parent=21693"}],"wp:term":[{"taxonomy":"product_brand","embeddable":true,"href":"https:\/\/dev.vitalstoffversand.com\/pt-pt\/wp-json\/wp\/v2\/product_brand?post=21693"},{"taxonomy":"product_cat","embeddable":true,"href":"https:\/\/dev.vitalstoffversand.com\/pt-pt\/wp-json\/wp\/v2\/product_cat?post=21693"},{"taxonomy":"product_tag","embeddable":true,"href":"https:\/\/dev.vitalstoffversand.com\/pt-pt\/wp-json\/wp\/v2\/product_tag?post=21693"}],"curies":[{"name":"wp","href":"https:\/\/api.w.org\/{rel}","templated":true}]}}