{"id":21670,"date":"2024-11-12T12:55:51","date_gmt":"2024-11-12T11:55:51","guid":{"rendered":"https:\/\/vitalstoffversand.com\/produkt\/gen-clear-whey-protein-900-g-diferentes-sabores\/"},"modified":"2026-03-30T15:03:17","modified_gmt":"2026-03-30T13:03:17","slug":"gen-clear-whey-protein-900-g-diferentes-sabores","status":"publish","type":"product","link":"https:\/\/dev.vitalstoffversand.com\/pt-pt\/produto\/gen-clear-whey-protein-900-g-diferentes-sabores\/","title":{"rendered":"GEN <br>Clear Whey Protein &#8211; 900 g &#8211; diferentes sabores"},"content":{"rendered":"<p>A prote\u00edna isolada Clear Whey \u00e9 obtida a partir do soro de leite e tem uma taxa de absor\u00e7\u00e3o muito elevada e um elevado valor biol\u00f3gico.<\/p>\n<p>A prote\u00edna isolada de soro de leite cont\u00e9m mais de 46% de amino\u00e1cidos essenciais (EAA), incluindo 16% de BCAA e amino\u00e1cidos semi-essenciais, com um teor total de prote\u00ednas superior a 80%. <\/p>\n<p>GEN Clear Whey Protein est\u00e1 dispon\u00edvel em v\u00e1rios sabores e n\u00e3o cont\u00e9m praticamente nenhum a\u00e7\u00facar, gordura ou outros hidratos de carbono.<\/p>\n<ul>\n<li>Produzido de acordo com rigorosos padr\u00f5es de qualidade da UE<\/li>\n<\/ul>\n","protected":false},"excerpt":{"rendered":"<p>A prote\u00edna isolada Clear Whey \u00e9 obtida a partir do soro de leite e tem uma taxa de absor\u00e7\u00e3o muito elevada e um elevado valor biol\u00f3gico. A prote\u00edna isolada de soro de leite cont\u00e9m mais de 46% de amino\u00e1cidos essenciais (EAA), incluindo 16% de BCAA e amino\u00e1cidos semi-essenciais, com um teor total de prote\u00ednas superior [&hellip;]<\/p>\n","protected":false},"featured_media":45718,"template":"","meta":{"_acf_changed":false},"product_brand":[10200],"product_cat":[558,537],"product_tag":[],"class_list":{"0":"post-21670","1":"product","2":"type-product","3":"status-publish","4":"has-post-thumbnail","6":"product_brand-gen-german-elite-nutrition-pt-pt","7":"product_cat-proteinas-pt","8":"product_cat-produtos-de-a-z","10":"first","11":"instock","12":"taxable","13":"shipping-taxable","14":"purchasable","15":"product-type-variable"},"acf":[],"_links":{"self":[{"href":"https:\/\/dev.vitalstoffversand.com\/pt-pt\/wp-json\/wp\/v2\/product\/21670","targetHints":{"allow":["GET"]}}],"collection":[{"href":"https:\/\/dev.vitalstoffversand.com\/pt-pt\/wp-json\/wp\/v2\/product"}],"about":[{"href":"https:\/\/dev.vitalstoffversand.com\/pt-pt\/wp-json\/wp\/v2\/types\/product"}],"wp:featuredmedia":[{"embeddable":true,"href":"https:\/\/dev.vitalstoffversand.com\/pt-pt\/wp-json\/wp\/v2\/media\/45718"}],"wp:attachment":[{"href":"https:\/\/dev.vitalstoffversand.com\/pt-pt\/wp-json\/wp\/v2\/media?parent=21670"}],"wp:term":[{"taxonomy":"product_brand","embeddable":true,"href":"https:\/\/dev.vitalstoffversand.com\/pt-pt\/wp-json\/wp\/v2\/product_brand?post=21670"},{"taxonomy":"product_cat","embeddable":true,"href":"https:\/\/dev.vitalstoffversand.com\/pt-pt\/wp-json\/wp\/v2\/product_cat?post=21670"},{"taxonomy":"product_tag","embeddable":true,"href":"https:\/\/dev.vitalstoffversand.com\/pt-pt\/wp-json\/wp\/v2\/product_tag?post=21670"}],"curies":[{"name":"wp","href":"https:\/\/api.w.org\/{rel}","templated":true}]}}