{"id":21578,"date":"2024-11-12T12:37:25","date_gmt":"2024-11-12T11:37:25","guid":{"rendered":"https:\/\/vitalstoffversand.com\/produkt\/gen-whey-protein-complex-1000-g-diferentes-sabores\/"},"modified":"2026-03-30T15:12:36","modified_gmt":"2026-03-30T13:12:36","slug":"gen-whey-protein-complex-1000-g-diferentes-sabores","status":"publish","type":"product","link":"https:\/\/dev.vitalstoffversand.com\/pt-pt\/produto\/gen-whey-protein-complex-1000-g-diferentes-sabores\/","title":{"rendered":"GEN <br>Whey Protein Complex &#8211; 1000 g &#8211; diferentes sabores"},"content":{"rendered":"<p>Whey Protein Complex \u00e9 uma fonte de prote\u00edna de alta qualidade feita a partir de concentrado de prote\u00edna de soro de leite (WPC) e isolado de prote\u00edna de soro de leite (WPI).<\/p>\n<p>Cont\u00e9m uma propor\u00e7\u00e3o muito elevada de amino\u00e1cidos essenciais e semi-essenciais e dissolve-se bem no leite e na \u00e1gua.<\/p>\n<p>Dispon\u00edvel em 22 deliciosos sabores, \u00e9 adequado n\u00e3o s\u00f3 para os entusiastas do desporto, mas tamb\u00e9m para todos aqueles que t\u00eam um estilo de vida ativo ou que desejam integrar prote\u00edna em p\u00f3 numa alimenta\u00e7\u00e3o equilibrada.<\/p>\n<ul>\n<li>Produzido de acordo com rigorosos padr\u00f5es de qualidade da UE<\/li>\n<\/ul>\n","protected":false},"excerpt":{"rendered":"<p>Whey Protein Complex \u00e9 uma fonte de prote\u00edna de alta qualidade feita a partir de concentrado de prote\u00edna de soro de leite (WPC) e isolado de prote\u00edna de soro de leite (WPI). Cont\u00e9m uma propor\u00e7\u00e3o muito elevada de amino\u00e1cidos essenciais e semi-essenciais e dissolve-se bem no leite e na \u00e1gua. Dispon\u00edvel em 22 deliciosos sabores, [&hellip;]<\/p>\n","protected":false},"featured_media":45310,"template":"","meta":{"_acf_changed":false},"product_brand":[10200],"product_cat":[558,537],"product_tag":[],"class_list":{"0":"post-21578","1":"product","2":"type-product","3":"status-publish","4":"has-post-thumbnail","6":"product_brand-gen-german-elite-nutrition-pt-pt","7":"product_cat-proteinas-pt","8":"product_cat-produtos-de-a-z","10":"first","11":"instock","12":"taxable","13":"shipping-taxable","14":"purchasable","15":"product-type-variable"},"acf":[],"_links":{"self":[{"href":"https:\/\/dev.vitalstoffversand.com\/pt-pt\/wp-json\/wp\/v2\/product\/21578","targetHints":{"allow":["GET"]}}],"collection":[{"href":"https:\/\/dev.vitalstoffversand.com\/pt-pt\/wp-json\/wp\/v2\/product"}],"about":[{"href":"https:\/\/dev.vitalstoffversand.com\/pt-pt\/wp-json\/wp\/v2\/types\/product"}],"wp:featuredmedia":[{"embeddable":true,"href":"https:\/\/dev.vitalstoffversand.com\/pt-pt\/wp-json\/wp\/v2\/media\/45310"}],"wp:attachment":[{"href":"https:\/\/dev.vitalstoffversand.com\/pt-pt\/wp-json\/wp\/v2\/media?parent=21578"}],"wp:term":[{"taxonomy":"product_brand","embeddable":true,"href":"https:\/\/dev.vitalstoffversand.com\/pt-pt\/wp-json\/wp\/v2\/product_brand?post=21578"},{"taxonomy":"product_cat","embeddable":true,"href":"https:\/\/dev.vitalstoffversand.com\/pt-pt\/wp-json\/wp\/v2\/product_cat?post=21578"},{"taxonomy":"product_tag","embeddable":true,"href":"https:\/\/dev.vitalstoffversand.com\/pt-pt\/wp-json\/wp\/v2\/product_tag?post=21578"}],"curies":[{"name":"wp","href":"https:\/\/api.w.org\/{rel}","templated":true}]}}