{"id":21462,"date":"2024-11-12T12:25:24","date_gmt":"2024-11-12T11:25:24","guid":{"rendered":"https:\/\/vitalstoffversand.com\/produkt\/gen-l-carnitina-6000-liquido-1000-ml-diferentes-sabores\/"},"modified":"2026-03-30T15:07:23","modified_gmt":"2026-03-30T13:07:23","slug":"gen-l-carnitina-6000-liquido-1000-ml-diferentes-sabores","status":"publish","type":"product","link":"https:\/\/dev.vitalstoffversand.com\/pt-pt\/produto\/gen-l-carnitina-6000-liquido-1000-ml-diferentes-sabores\/","title":{"rendered":"GEN <br>L-Carnitina 6000 L\u00edquido &#8211; 1000 ml &#8211; diferentes sabores"},"content":{"rendered":"<p>A L-carnitina \u00e9 um fator importante na convers\u00e3o e no transporte dos \u00e1cidos gordos para a produ\u00e7\u00e3o de energia no organismo.<\/p>\n<p>Embora o nosso organismo seja capaz de produzir L-carnitina a partir dos amino\u00e1cidos lisina e metionina, a toma de suplementos adicionais pode ser \u00fatil, nomeadamente para os vegetarianos e veganos, uma vez que a ingest\u00e3o de suplementos atrav\u00e9s dos alimentos \u00e9 praticamente nula.<\/p>\n<ul>\n<li>Vegano<\/li>\n<li>Sem gl\u00faten<\/li>\n<li>Sem lactose<\/li>\n<li>Sem OGM<\/li>\n<li>Produzido de acordo com rigorosos padr\u00f5es de qualidade da UE<\/li>\n<\/ul>\n","protected":false},"excerpt":{"rendered":"<p>A L-carnitina \u00e9 um fator importante na convers\u00e3o e no transporte dos \u00e1cidos gordos para a produ\u00e7\u00e3o de energia no organismo. Embora o nosso organismo seja capaz de produzir L-carnitina a partir dos amino\u00e1cidos lisina e metionina, a toma de suplementos adicionais pode ser \u00fatil, nomeadamente para os vegetarianos e veganos, uma vez que a [&hellip;]<\/p>\n","protected":false},"featured_media":45118,"template":"","meta":{"_acf_changed":false},"product_brand":[10200],"product_cat":[559,537],"product_tag":[],"class_list":{"0":"post-21462","1":"product","2":"type-product","3":"status-publish","4":"has-post-thumbnail","6":"product_brand-gen-german-elite-nutrition-pt-pt","7":"product_cat-nutrientes","8":"product_cat-produtos-de-a-z","10":"first","11":"instock","12":"taxable","13":"shipping-taxable","14":"purchasable","15":"product-type-variable"},"acf":[],"_links":{"self":[{"href":"https:\/\/dev.vitalstoffversand.com\/pt-pt\/wp-json\/wp\/v2\/product\/21462","targetHints":{"allow":["GET"]}}],"collection":[{"href":"https:\/\/dev.vitalstoffversand.com\/pt-pt\/wp-json\/wp\/v2\/product"}],"about":[{"href":"https:\/\/dev.vitalstoffversand.com\/pt-pt\/wp-json\/wp\/v2\/types\/product"}],"wp:featuredmedia":[{"embeddable":true,"href":"https:\/\/dev.vitalstoffversand.com\/pt-pt\/wp-json\/wp\/v2\/media\/45118"}],"wp:attachment":[{"href":"https:\/\/dev.vitalstoffversand.com\/pt-pt\/wp-json\/wp\/v2\/media?parent=21462"}],"wp:term":[{"taxonomy":"product_brand","embeddable":true,"href":"https:\/\/dev.vitalstoffversand.com\/pt-pt\/wp-json\/wp\/v2\/product_brand?post=21462"},{"taxonomy":"product_cat","embeddable":true,"href":"https:\/\/dev.vitalstoffversand.com\/pt-pt\/wp-json\/wp\/v2\/product_cat?post=21462"},{"taxonomy":"product_tag","embeddable":true,"href":"https:\/\/dev.vitalstoffversand.com\/pt-pt\/wp-json\/wp\/v2\/product_tag?post=21462"}],"curies":[{"name":"wp","href":"https:\/\/api.w.org\/{rel}","templated":true}]}}