{"id":21330,"date":"2024-11-12T12:18:13","date_gmt":"2024-11-12T11:18:13","guid":{"rendered":"https:\/\/vitalstoffversand.com\/produkt\/gen-creatine-ultra-caps-diferentes-quantidades\/"},"modified":"2026-03-11T14:54:33","modified_gmt":"2026-03-11T13:54:33","slug":"gen-creatine-ultra-caps-diferentes-quantidades","status":"publish","type":"product","link":"https:\/\/dev.vitalstoffversand.com\/pt-pt\/produto\/gen-creatine-ultra-caps-diferentes-quantidades\/","title":{"rendered":"GEN <br>Creatina Ultra Caps &#8211; 420 c\u00e1psulas"},"content":{"rendered":"<p>N\u00e3o h\u00e1 praticamente nenhum desportista que n\u00e3o conhe\u00e7a a <a href=\"https:\/\/dev.vitalstoffversand.com\/knowledge-base\/creatin-kreatin\/\" target=\"_blank\" rel=\"noopener\"><span style=\"color: #0000ff;\"><strong>\u2192 creatina<\/strong><\/span><\/a>, pois \u00e9 um dos suplementos nutricionais mais conhecidos e mais utilizados no desporto.<\/p>\n<p>Creatine Ultra Caps tem uma dosagem muito elevada de 1250 mg de ingrediente ativo por c\u00e1psula.<\/p>\n<ul>\n<li>Sem gl\u00faten<\/li>\n<li>Sem lactose<\/li>\n<li>Sem OGM<\/li>\n<li>Produzido de acordo com rigorosos padr\u00f5es de qualidade da UE<\/li>\n<\/ul>\n","protected":false},"excerpt":{"rendered":"<p>N\u00e3o h\u00e1 praticamente nenhum desportista que n\u00e3o conhe\u00e7a a \u2192 creatina, pois \u00e9 um dos suplementos nutricionais mais conhecidos e mais utilizados no desporto. Creatine Ultra Caps tem uma dosagem muito elevada de 1250 mg de ingrediente ativo por c\u00e1psula. Sem gl\u00faten Sem lactose Sem OGM Produzido de acordo com rigorosos padr\u00f5es de qualidade da [&hellip;]<\/p>\n","protected":false},"featured_media":44910,"template":"","meta":{"_acf_changed":false},"product_brand":[10200],"product_cat":[559,537],"product_tag":[],"class_list":{"0":"post-21330","1":"product","2":"type-product","3":"status-publish","4":"has-post-thumbnail","6":"product_brand-gen-german-elite-nutrition-pt-pt","7":"product_cat-nutrientes","8":"product_cat-produtos-de-a-z","10":"first","11":"instock","12":"taxable","13":"shipping-taxable","14":"purchasable","15":"product-type-simple"},"acf":[],"_links":{"self":[{"href":"https:\/\/dev.vitalstoffversand.com\/pt-pt\/wp-json\/wp\/v2\/product\/21330","targetHints":{"allow":["GET"]}}],"collection":[{"href":"https:\/\/dev.vitalstoffversand.com\/pt-pt\/wp-json\/wp\/v2\/product"}],"about":[{"href":"https:\/\/dev.vitalstoffversand.com\/pt-pt\/wp-json\/wp\/v2\/types\/product"}],"wp:featuredmedia":[{"embeddable":true,"href":"https:\/\/dev.vitalstoffversand.com\/pt-pt\/wp-json\/wp\/v2\/media\/44910"}],"wp:attachment":[{"href":"https:\/\/dev.vitalstoffversand.com\/pt-pt\/wp-json\/wp\/v2\/media?parent=21330"}],"wp:term":[{"taxonomy":"product_brand","embeddable":true,"href":"https:\/\/dev.vitalstoffversand.com\/pt-pt\/wp-json\/wp\/v2\/product_brand?post=21330"},{"taxonomy":"product_cat","embeddable":true,"href":"https:\/\/dev.vitalstoffversand.com\/pt-pt\/wp-json\/wp\/v2\/product_cat?post=21330"},{"taxonomy":"product_tag","embeddable":true,"href":"https:\/\/dev.vitalstoffversand.com\/pt-pt\/wp-json\/wp\/v2\/product_tag?post=21330"}],"curies":[{"name":"wp","href":"https:\/\/api.w.org\/{rel}","templated":true}]}}