{"id":21313,"date":"2024-11-12T12:16:50","date_gmt":"2024-11-12T11:16:50","guid":{"rendered":"https:\/\/vitalstoffversand.com\/produkt\/gen-beta-alanina-500-g\/"},"modified":"2026-03-11T14:52:39","modified_gmt":"2026-03-11T13:52:39","slug":"gen-beta-alanina-500-g","status":"publish","type":"product","link":"https:\/\/dev.vitalstoffversand.com\/pt-pt\/produto\/gen-beta-alanina-500-g\/","title":{"rendered":"GEN <br>Beta Alanina &#8211; 500 g"},"content":{"rendered":"<p>A beta-alanina \u00e9 um amino\u00e1cido n\u00e3o essencial que o nosso organismo tamb\u00e9m pode produzir por si pr\u00f3prio.<\/p>\n<p>Com a ajuda da L-histidina, o organismo converte a beta-alanina em carnosina, que \u00e9 importante para o nosso equil\u00edbrio \u00e1cido-base.<\/p>\n<p>A este respeito, a toma de um suplemento de beta-alanina pode aumentar as reservas de carnosina e assim prevenir melhor a hiperacidez, nomeadamente nos desportistas.<\/p>\n<ul>\n<li>Vegano<\/li>\n<li>Sem gl\u00faten<\/li>\n<li>Sem lactose<\/li>\n<li>Sem OGM<\/li>\n<li>Produzido de acordo com rigorosos padr\u00f5es de qualidade da UE<\/li>\n<\/ul>\n","protected":false},"excerpt":{"rendered":"<p>A beta-alanina \u00e9 um amino\u00e1cido n\u00e3o essencial que o nosso organismo tamb\u00e9m pode produzir por si pr\u00f3prio. Com a ajuda da L-histidina, o organismo converte a beta-alanina em carnosina, que \u00e9 importante para o nosso equil\u00edbrio \u00e1cido-base. A este respeito, a toma de um suplemento de beta-alanina pode aumentar as reservas de carnosina e assim [&hellip;]<\/p>\n","protected":false},"featured_media":44870,"template":"","meta":{"_acf_changed":false},"product_brand":[10200],"product_cat":[551,537],"product_tag":[],"class_list":{"0":"post-21313","1":"product","2":"type-product","3":"status-publish","4":"has-post-thumbnail","6":"product_brand-gen-german-elite-nutrition-pt-pt","7":"product_cat-aminoacidos-pt","8":"product_cat-produtos-de-a-z","10":"first","11":"instock","12":"taxable","13":"shipping-taxable","14":"purchasable","15":"product-type-simple"},"acf":[],"_links":{"self":[{"href":"https:\/\/dev.vitalstoffversand.com\/pt-pt\/wp-json\/wp\/v2\/product\/21313","targetHints":{"allow":["GET"]}}],"collection":[{"href":"https:\/\/dev.vitalstoffversand.com\/pt-pt\/wp-json\/wp\/v2\/product"}],"about":[{"href":"https:\/\/dev.vitalstoffversand.com\/pt-pt\/wp-json\/wp\/v2\/types\/product"}],"wp:featuredmedia":[{"embeddable":true,"href":"https:\/\/dev.vitalstoffversand.com\/pt-pt\/wp-json\/wp\/v2\/media\/44870"}],"wp:attachment":[{"href":"https:\/\/dev.vitalstoffversand.com\/pt-pt\/wp-json\/wp\/v2\/media?parent=21313"}],"wp:term":[{"taxonomy":"product_brand","embeddable":true,"href":"https:\/\/dev.vitalstoffversand.com\/pt-pt\/wp-json\/wp\/v2\/product_brand?post=21313"},{"taxonomy":"product_cat","embeddable":true,"href":"https:\/\/dev.vitalstoffversand.com\/pt-pt\/wp-json\/wp\/v2\/product_cat?post=21313"},{"taxonomy":"product_tag","embeddable":true,"href":"https:\/\/dev.vitalstoffversand.com\/pt-pt\/wp-json\/wp\/v2\/product_tag?post=21313"}],"curies":[{"name":"wp","href":"https:\/\/api.w.org\/{rel}","templated":true}]}}