{"id":21277,"date":"2024-11-12T12:06:14","date_gmt":"2024-11-12T11:06:14","guid":{"rendered":"https:\/\/vitalstoffversand.com\/produkt\/gen-l-carnitina-complexo-triplo-120-capsulas\/"},"modified":"2026-03-11T14:44:59","modified_gmt":"2026-03-11T13:44:59","slug":"gen-l-carnitina-complexo-triplo-120-capsulas","status":"publish","type":"product","link":"https:\/\/dev.vitalstoffversand.com\/pt-pt\/produto\/gen-l-carnitina-complexo-triplo-120-capsulas\/","title":{"rendered":"GEN <br>L-Carnitina Complexo Triplo &#8211; 120 c\u00e1psulas"},"content":{"rendered":"<p>L-Carnitine Triple Complex cont\u00e9m 3 dos mais populares compostos de L-carnitina e impressiona pela sua biodisponibilidade e concentra\u00e7\u00e3o extremamente elevadas, bem como pela liberta\u00e7\u00e3o retardada dos ingredientes activos, de modo a garantir um fornecimento \u00f3timo.<\/p>\n<p>A L-carnitina est\u00e1 envolvida no metabolismo energ\u00e9tico e desempenha um papel fundamental na convers\u00e3o dos \u00e1cidos gordos em energia.<\/p>\n<p>A toma de um suplemento de L-carnitina pode ser particularmente \u00fatil para os vegetarianos e os veganos, uma vez que esta subst\u00e2ncia se encontra quase exclusivamente nos produtos de origem animal.<\/p>\n<ul>\n<li>Vegano<\/li>\n<li>Sem gl\u00faten<\/li>\n<li>Sem lactose<\/li>\n<li>Sem OGM<\/li>\n<li>Produzido de acordo com rigorosos padr\u00f5es de qualidade da UE<\/li>\n<\/ul>\n","protected":false},"excerpt":{"rendered":"<p>L-Carnitine Triple Complex cont\u00e9m 3 dos mais populares compostos de L-carnitina e impressiona pela sua biodisponibilidade e concentra\u00e7\u00e3o extremamente elevadas, bem como pela liberta\u00e7\u00e3o retardada dos ingredientes activos, de modo a garantir um fornecimento \u00f3timo. A L-carnitina est\u00e1 envolvida no metabolismo energ\u00e9tico e desempenha um papel fundamental na convers\u00e3o dos \u00e1cidos gordos em energia. A [&hellip;]<\/p>\n","protected":false},"featured_media":44702,"template":"","meta":{"_acf_changed":false},"product_brand":[10200],"product_cat":[559,537],"product_tag":[],"class_list":{"0":"post-21277","1":"product","2":"type-product","3":"status-publish","4":"has-post-thumbnail","6":"product_brand-gen-german-elite-nutrition-pt-pt","7":"product_cat-nutrientes","8":"product_cat-produtos-de-a-z","10":"first","11":"instock","12":"taxable","13":"shipping-taxable","14":"purchasable","15":"product-type-simple"},"acf":[],"_links":{"self":[{"href":"https:\/\/dev.vitalstoffversand.com\/pt-pt\/wp-json\/wp\/v2\/product\/21277","targetHints":{"allow":["GET"]}}],"collection":[{"href":"https:\/\/dev.vitalstoffversand.com\/pt-pt\/wp-json\/wp\/v2\/product"}],"about":[{"href":"https:\/\/dev.vitalstoffversand.com\/pt-pt\/wp-json\/wp\/v2\/types\/product"}],"wp:featuredmedia":[{"embeddable":true,"href":"https:\/\/dev.vitalstoffversand.com\/pt-pt\/wp-json\/wp\/v2\/media\/44702"}],"wp:attachment":[{"href":"https:\/\/dev.vitalstoffversand.com\/pt-pt\/wp-json\/wp\/v2\/media?parent=21277"}],"wp:term":[{"taxonomy":"product_brand","embeddable":true,"href":"https:\/\/dev.vitalstoffversand.com\/pt-pt\/wp-json\/wp\/v2\/product_brand?post=21277"},{"taxonomy":"product_cat","embeddable":true,"href":"https:\/\/dev.vitalstoffversand.com\/pt-pt\/wp-json\/wp\/v2\/product_cat?post=21277"},{"taxonomy":"product_tag","embeddable":true,"href":"https:\/\/dev.vitalstoffversand.com\/pt-pt\/wp-json\/wp\/v2\/product_tag?post=21277"}],"curies":[{"name":"wp","href":"https:\/\/api.w.org\/{rel}","templated":true}]}}