{"id":21269,"date":"2024-11-12T12:01:17","date_gmt":"2024-11-12T11:01:17","guid":{"rendered":"https:\/\/vitalstoffversand.com\/produkt\/gen-l-citrulline-ultra-365-capsulas\/"},"modified":"2026-03-11T14:43:14","modified_gmt":"2026-03-11T13:43:14","slug":"gen-l-citrulline-ultra-365-capsulas","status":"publish","type":"product","link":"https:\/\/dev.vitalstoffversand.com\/pt-pt\/produto\/gen-l-citrulline-ultra-365-capsulas\/","title":{"rendered":"GEN <br>L-Citrulline Ultra &#8211; 365 c\u00e1psulas"},"content":{"rendered":"<p>Como precursor da arginina, que desempenha um papel importante nos vasos sangu\u00edneos e na circula\u00e7\u00e3o sangu\u00ednea, L-Citrulline Ultra \u00e9 adequado para um fornecimento retardado de arginina ao organismo, uma vez que a citrulina tem de ser primeiro convertida em arginina nos rins.<\/p>\n<p>As c\u00e1psulas cont\u00eam L-citrulina DL-malato, o que significa que a citrulina \u00e9 esterificada com DL-malato.<\/p>\n<p>O DL-malato \u00e9 particularmente interessante para os desportistas, pois pode contribuir para mais energia e menos fadiga.<\/p>\n<ul>\n<li>Sem gl\u00faten<\/li>\n<li>Sem lactose<\/li>\n<li>Sem OGM<\/li>\n<li>Produzido de acordo com rigorosos padr\u00f5es de qualidade da UE<\/li>\n<\/ul>\n","protected":false},"excerpt":{"rendered":"<p>Como precursor da arginina, que desempenha um papel importante nos vasos sangu\u00edneos e na circula\u00e7\u00e3o sangu\u00ednea, L-Citrulline Ultra \u00e9 adequado para um fornecimento retardado de arginina ao organismo, uma vez que a citrulina tem de ser primeiro convertida em arginina nos rins. As c\u00e1psulas cont\u00eam L-citrulina DL-malato, o que significa que a citrulina \u00e9 esterificada [&hellip;]<\/p>\n","protected":false},"featured_media":44662,"template":"","meta":{"_acf_changed":false},"product_brand":[10200],"product_cat":[551,537],"product_tag":[],"class_list":{"0":"post-21269","1":"product","2":"type-product","3":"status-publish","4":"has-post-thumbnail","6":"product_brand-gen-german-elite-nutrition-pt-pt","7":"product_cat-aminoacidos-pt","8":"product_cat-produtos-de-a-z","10":"first","11":"instock","12":"taxable","13":"shipping-taxable","14":"purchasable","15":"product-type-simple"},"acf":[],"_links":{"self":[{"href":"https:\/\/dev.vitalstoffversand.com\/pt-pt\/wp-json\/wp\/v2\/product\/21269","targetHints":{"allow":["GET"]}}],"collection":[{"href":"https:\/\/dev.vitalstoffversand.com\/pt-pt\/wp-json\/wp\/v2\/product"}],"about":[{"href":"https:\/\/dev.vitalstoffversand.com\/pt-pt\/wp-json\/wp\/v2\/types\/product"}],"wp:featuredmedia":[{"embeddable":true,"href":"https:\/\/dev.vitalstoffversand.com\/pt-pt\/wp-json\/wp\/v2\/media\/44662"}],"wp:attachment":[{"href":"https:\/\/dev.vitalstoffversand.com\/pt-pt\/wp-json\/wp\/v2\/media?parent=21269"}],"wp:term":[{"taxonomy":"product_brand","embeddable":true,"href":"https:\/\/dev.vitalstoffversand.com\/pt-pt\/wp-json\/wp\/v2\/product_brand?post=21269"},{"taxonomy":"product_cat","embeddable":true,"href":"https:\/\/dev.vitalstoffversand.com\/pt-pt\/wp-json\/wp\/v2\/product_cat?post=21269"},{"taxonomy":"product_tag","embeddable":true,"href":"https:\/\/dev.vitalstoffversand.com\/pt-pt\/wp-json\/wp\/v2\/product_tag?post=21269"}],"curies":[{"name":"wp","href":"https:\/\/api.w.org\/{rel}","templated":true}]}}