{"id":21267,"date":"2024-11-12T11:56:30","date_gmt":"2024-11-12T10:56:30","guid":{"rendered":"https:\/\/vitalstoffversand.com\/produkt\/gen-gaba-acido-gama-aminobutirico-320-capsulas\/"},"modified":"2026-03-11T14:37:01","modified_gmt":"2026-03-11T13:37:01","slug":"gen-gaba-acido-gama-aminobutirico-320-capsulas","status":"publish","type":"product","link":"https:\/\/dev.vitalstoffversand.com\/pt-pt\/produto\/gen-gaba-acido-gama-aminobutirico-320-capsulas\/","title":{"rendered":"GEN <br>Gaba \u00e1cido gama-aminobut\u00edrico &#8211; 320 c\u00e1psulas"},"content":{"rendered":"<p>O \u00e1cido \u03b3-aminobut\u00edrico (GABA) \u00e9 um amino\u00e1cido n\u00e3o proteinog\u00e9nico e, juntamente com o glutamato, \u00e9 um neurotransmissor importante no sistema nervoso central.<\/p>\n<p>O GABA pode abrandar muitos est\u00edmulos, pelo que pode ter um efeito positivo no stress e no sono.<\/p>\n<ul>\n<li>Sem gl\u00faten<\/li>\n<li>Sem lactose<\/li>\n<li>Sem OGM<\/li>\n<li>Produzido de acordo com rigorosos padr\u00f5es de qualidade da UE<\/li>\n<\/ul>\n","protected":false},"excerpt":{"rendered":"<p>O \u00e1cido \u03b3-aminobut\u00edrico (GABA) \u00e9 um amino\u00e1cido n\u00e3o proteinog\u00e9nico e, juntamente com o glutamato, \u00e9 um neurotransmissor importante no sistema nervoso central. O GABA pode abrandar muitos est\u00edmulos, pelo que pode ter um efeito positivo no stress e no sono. Sem gl\u00faten Sem lactose Sem OGM Produzido de acordo com rigorosos padr\u00f5es de qualidade da [&hellip;]<\/p>\n","protected":false},"featured_media":61172,"template":"","meta":{"_acf_changed":false},"product_brand":[10200],"product_cat":[551,537],"product_tag":[],"class_list":{"0":"post-21267","1":"product","2":"type-product","3":"status-publish","4":"has-post-thumbnail","6":"product_brand-gen-german-elite-nutrition-pt-pt","7":"product_cat-aminoacidos-pt","8":"product_cat-produtos-de-a-z","10":"first","11":"instock","12":"taxable","13":"shipping-taxable","14":"purchasable","15":"product-type-simple"},"acf":[],"_links":{"self":[{"href":"https:\/\/dev.vitalstoffversand.com\/pt-pt\/wp-json\/wp\/v2\/product\/21267","targetHints":{"allow":["GET"]}}],"collection":[{"href":"https:\/\/dev.vitalstoffversand.com\/pt-pt\/wp-json\/wp\/v2\/product"}],"about":[{"href":"https:\/\/dev.vitalstoffversand.com\/pt-pt\/wp-json\/wp\/v2\/types\/product"}],"wp:featuredmedia":[{"embeddable":true,"href":"https:\/\/dev.vitalstoffversand.com\/pt-pt\/wp-json\/wp\/v2\/media\/61172"}],"wp:attachment":[{"href":"https:\/\/dev.vitalstoffversand.com\/pt-pt\/wp-json\/wp\/v2\/media?parent=21267"}],"wp:term":[{"taxonomy":"product_brand","embeddable":true,"href":"https:\/\/dev.vitalstoffversand.com\/pt-pt\/wp-json\/wp\/v2\/product_brand?post=21267"},{"taxonomy":"product_cat","embeddable":true,"href":"https:\/\/dev.vitalstoffversand.com\/pt-pt\/wp-json\/wp\/v2\/product_cat?post=21267"},{"taxonomy":"product_tag","embeddable":true,"href":"https:\/\/dev.vitalstoffversand.com\/pt-pt\/wp-json\/wp\/v2\/product_tag?post=21267"}],"curies":[{"name":"wp","href":"https:\/\/api.w.org\/{rel}","templated":true}]}}