{"id":21244,"date":"2024-11-12T11:46:01","date_gmt":"2024-11-12T10:46:01","guid":{"rendered":"https:\/\/vitalstoffversand.com\/produkt\/gen-bcaa-211-neutro-500-g\/"},"modified":"2026-03-11T14:32:04","modified_gmt":"2026-03-11T13:32:04","slug":"gen-bcaa-211-neutro-500-g","status":"publish","type":"product","link":"https:\/\/dev.vitalstoffversand.com\/pt-pt\/produto\/gen-bcaa-211-neutro-500-g\/","title":{"rendered":"GEN <br>BCAA 2:1:1 neutro &#8211; 500 g"},"content":{"rendered":"<p>BCAA \u00e9 a abreviatura de Branched-Chain Amino Acids (amino\u00e1cidos de cadeia ramificada) e resume os amino\u00e1cidos proteinog\u00e9nicos leucina, valina e isoleucina.<\/p>\n<p>Estes s\u00e3o essenciais e n\u00e3o podem ser produzidos pelo pr\u00f3prio organismo.<\/p>\n<p>BCAA 2:1:1 n\u00e3o cont\u00e9m aromatizantes.<\/p>\n<p>Normalmente, os BCAA t\u00eam um sabor amargo e s\u00e3o relativamente dif\u00edceis de dissolver.<\/p>\n<ul>\n<li>Vegano<\/li>\n<li>Sem gl\u00faten<\/li>\n<li>Sem lactose<\/li>\n<li>Sem OGM<\/li>\n<li>Produzido de acordo com rigorosos padr\u00f5es de qualidade da UE<\/li>\n<\/ul>\n","protected":false},"excerpt":{"rendered":"<p>BCAA \u00e9 a abreviatura de Branched-Chain Amino Acids (amino\u00e1cidos de cadeia ramificada) e resume os amino\u00e1cidos proteinog\u00e9nicos leucina, valina e isoleucina. Estes s\u00e3o essenciais e n\u00e3o podem ser produzidos pelo pr\u00f3prio organismo. BCAA 2:1:1 n\u00e3o cont\u00e9m aromatizantes. Normalmente, os BCAA t\u00eam um sabor amargo e s\u00e3o relativamente dif\u00edceis de dissolver. Vegano Sem gl\u00faten Sem lactose [&hellip;]<\/p>\n","protected":false},"featured_media":44438,"template":"","meta":{"_acf_changed":false},"product_brand":[10200],"product_cat":[551,537],"product_tag":[],"class_list":{"0":"post-21244","1":"product","2":"type-product","3":"status-publish","4":"has-post-thumbnail","6":"product_brand-gen-german-elite-nutrition-pt-pt","7":"product_cat-aminoacidos-pt","8":"product_cat-produtos-de-a-z","10":"first","11":"instock","12":"taxable","13":"shipping-taxable","14":"purchasable","15":"product-type-simple"},"acf":[],"_links":{"self":[{"href":"https:\/\/dev.vitalstoffversand.com\/pt-pt\/wp-json\/wp\/v2\/product\/21244","targetHints":{"allow":["GET"]}}],"collection":[{"href":"https:\/\/dev.vitalstoffversand.com\/pt-pt\/wp-json\/wp\/v2\/product"}],"about":[{"href":"https:\/\/dev.vitalstoffversand.com\/pt-pt\/wp-json\/wp\/v2\/types\/product"}],"wp:featuredmedia":[{"embeddable":true,"href":"https:\/\/dev.vitalstoffversand.com\/pt-pt\/wp-json\/wp\/v2\/media\/44438"}],"wp:attachment":[{"href":"https:\/\/dev.vitalstoffversand.com\/pt-pt\/wp-json\/wp\/v2\/media?parent=21244"}],"wp:term":[{"taxonomy":"product_brand","embeddable":true,"href":"https:\/\/dev.vitalstoffversand.com\/pt-pt\/wp-json\/wp\/v2\/product_brand?post=21244"},{"taxonomy":"product_cat","embeddable":true,"href":"https:\/\/dev.vitalstoffversand.com\/pt-pt\/wp-json\/wp\/v2\/product_cat?post=21244"},{"taxonomy":"product_tag","embeddable":true,"href":"https:\/\/dev.vitalstoffversand.com\/pt-pt\/wp-json\/wp\/v2\/product_tag?post=21244"}],"curies":[{"name":"wp","href":"https:\/\/api.w.org\/{rel}","templated":true}]}}