{"id":21239,"date":"2024-11-12T11:44:08","date_gmt":"2024-11-12T10:44:08","guid":{"rendered":"https:\/\/vitalstoffversand.com\/produkt\/gen-taurina-500-g\/"},"modified":"2026-03-11T14:28:07","modified_gmt":"2026-03-11T13:28:07","slug":"gen-taurina-500-g","status":"publish","type":"product","link":"https:\/\/dev.vitalstoffversand.com\/pt-pt\/produto\/gen-taurina-500-g\/","title":{"rendered":"GEN <br>L-Taurina &#8211; 500 g"},"content":{"rendered":"<p>A taurina \u00e9 frequentemente um componente das \u201cbebidas energ\u00e9ticas\u201d e tem in\u00fameras fun\u00e7\u00f5es no organismo.<\/p>\n<p>Tem um efeito antioxidante, est\u00e1 envolvido na digest\u00e3o das gorduras e desempenha tamb\u00e9m um papel no desenvolvimento do sistema nervoso central do cora\u00e7\u00e3o e no controlo dos batimentos card\u00edacos.<\/p>\n<ul>\n<li>Vegano<\/li>\n<li>Sem gl\u00faten<\/li>\n<li>Sem lactose<\/li>\n<li>Sem OGM<\/li>\n<li>Produzido de acordo com rigorosos padr\u00f5es de qualidade da UE<\/li>\n<\/ul>\n","protected":false},"excerpt":{"rendered":"<p>A taurina \u00e9 frequentemente um componente das \u201cbebidas energ\u00e9ticas\u201d e tem in\u00fameras fun\u00e7\u00f5es no organismo. Tem um efeito antioxidante, est\u00e1 envolvido na digest\u00e3o das gorduras e desempenha tamb\u00e9m um papel no desenvolvimento do sistema nervoso central do cora\u00e7\u00e3o e no controlo dos batimentos card\u00edacos. Vegano Sem gl\u00faten Sem lactose Sem OGM Produzido de acordo com [&hellip;]<\/p>\n","protected":false},"featured_media":44398,"template":"","meta":{"_acf_changed":false},"product_brand":[10200],"product_cat":[559,537],"product_tag":[],"class_list":{"0":"post-21239","1":"product","2":"type-product","3":"status-publish","4":"has-post-thumbnail","6":"product_brand-gen-german-elite-nutrition-pt-pt","7":"product_cat-nutrientes","8":"product_cat-produtos-de-a-z","10":"first","11":"instock","12":"taxable","13":"shipping-taxable","14":"purchasable","15":"product-type-simple"},"acf":[],"_links":{"self":[{"href":"https:\/\/dev.vitalstoffversand.com\/pt-pt\/wp-json\/wp\/v2\/product\/21239","targetHints":{"allow":["GET"]}}],"collection":[{"href":"https:\/\/dev.vitalstoffversand.com\/pt-pt\/wp-json\/wp\/v2\/product"}],"about":[{"href":"https:\/\/dev.vitalstoffversand.com\/pt-pt\/wp-json\/wp\/v2\/types\/product"}],"wp:featuredmedia":[{"embeddable":true,"href":"https:\/\/dev.vitalstoffversand.com\/pt-pt\/wp-json\/wp\/v2\/media\/44398"}],"wp:attachment":[{"href":"https:\/\/dev.vitalstoffversand.com\/pt-pt\/wp-json\/wp\/v2\/media?parent=21239"}],"wp:term":[{"taxonomy":"product_brand","embeddable":true,"href":"https:\/\/dev.vitalstoffversand.com\/pt-pt\/wp-json\/wp\/v2\/product_brand?post=21239"},{"taxonomy":"product_cat","embeddable":true,"href":"https:\/\/dev.vitalstoffversand.com\/pt-pt\/wp-json\/wp\/v2\/product_cat?post=21239"},{"taxonomy":"product_tag","embeddable":true,"href":"https:\/\/dev.vitalstoffversand.com\/pt-pt\/wp-json\/wp\/v2\/product_tag?post=21239"}],"curies":[{"name":"wp","href":"https:\/\/api.w.org\/{rel}","templated":true}]}}