{"id":21111,"date":"2024-11-12T11:13:50","date_gmt":"2024-11-12T10:13:50","guid":{"rendered":"https:\/\/vitalstoffversand.com\/produkt\/gen-aakg-alfa-cetoglutarato-de-l-arginina-21-500-g\/"},"modified":"2026-03-11T14:13:22","modified_gmt":"2026-03-11T13:13:22","slug":"gen-aakg-alfa-cetoglutarato-de-l-arginina-21-500-g","status":"publish","type":"product","link":"https:\/\/dev.vitalstoffversand.com\/pt-pt\/produto\/gen-aakg-alfa-cetoglutarato-de-l-arginina-21-500-g\/","title":{"rendered":"GEN <br>AAKG &#8211; Alfa-cetoglutarato de L-arginina 2:1 &#8211; 500 g"},"content":{"rendered":"<p>AAKG \u00e9 a abreviatura de alfa-cetoglutarato de arginina, que tem por base o amino\u00e1cido L-arginina, que \u00e9 um amino\u00e1cido proteinog\u00e9nico, ou seja, formador de prote\u00ednas.<\/p>\n<p>As pessoas orientadas para o desempenho e os desportistas, em particular, t\u00eam uma maior necessidade de arginina, que o nosso corpo n\u00e3o consegue normalmente cobrir com a sua pr\u00f3pria produ\u00e7\u00e3o.<\/p>\n<p>A AAKG \u00e9 produzida pela combina\u00e7\u00e3o de arginina e alfa-cetoglutarato. Esta combina\u00e7\u00e3o aumenta a absor\u00e7\u00e3o at\u00e9 50 por cento em compara\u00e7\u00e3o com a arginina normal.<\/p>\n<p>Nota: O p\u00f3 de alfa-cetoglutarato de L-arginina tem normalmente um sabor salgado, o que deve ser considerado como um sinal da pureza do produto.<\/p>\n<ul>\n<li>Vegano<\/li>\n<li>Sem gl\u00faten<\/li>\n<li>Sem lactose<\/li>\n<li>Sem OGM<\/li>\n<li>Produzido de acordo com rigorosos padr\u00f5es de qualidade da UE<\/li>\n<\/ul>\n","protected":false},"excerpt":{"rendered":"<p>AAKG \u00e9 a abreviatura de alfa-cetoglutarato de arginina, que tem por base o amino\u00e1cido L-arginina, que \u00e9 um amino\u00e1cido proteinog\u00e9nico, ou seja, formador de prote\u00ednas. As pessoas orientadas para o desempenho e os desportistas, em particular, t\u00eam uma maior necessidade de arginina, que o nosso corpo n\u00e3o consegue normalmente cobrir com a sua pr\u00f3pria produ\u00e7\u00e3o. [&hellip;]<\/p>\n","protected":false},"featured_media":44214,"template":"","meta":{"_acf_changed":false},"product_brand":[10200],"product_cat":[551,537],"product_tag":[],"class_list":{"0":"post-21111","1":"product","2":"type-product","3":"status-publish","4":"has-post-thumbnail","6":"product_brand-gen-german-elite-nutrition-pt-pt","7":"product_cat-aminoacidos-pt","8":"product_cat-produtos-de-a-z","10":"first","11":"instock","12":"taxable","13":"shipping-taxable","14":"purchasable","15":"product-type-simple"},"acf":[],"_links":{"self":[{"href":"https:\/\/dev.vitalstoffversand.com\/pt-pt\/wp-json\/wp\/v2\/product\/21111","targetHints":{"allow":["GET"]}}],"collection":[{"href":"https:\/\/dev.vitalstoffversand.com\/pt-pt\/wp-json\/wp\/v2\/product"}],"about":[{"href":"https:\/\/dev.vitalstoffversand.com\/pt-pt\/wp-json\/wp\/v2\/types\/product"}],"wp:featuredmedia":[{"embeddable":true,"href":"https:\/\/dev.vitalstoffversand.com\/pt-pt\/wp-json\/wp\/v2\/media\/44214"}],"wp:attachment":[{"href":"https:\/\/dev.vitalstoffversand.com\/pt-pt\/wp-json\/wp\/v2\/media?parent=21111"}],"wp:term":[{"taxonomy":"product_brand","embeddable":true,"href":"https:\/\/dev.vitalstoffversand.com\/pt-pt\/wp-json\/wp\/v2\/product_brand?post=21111"},{"taxonomy":"product_cat","embeddable":true,"href":"https:\/\/dev.vitalstoffversand.com\/pt-pt\/wp-json\/wp\/v2\/product_cat?post=21111"},{"taxonomy":"product_tag","embeddable":true,"href":"https:\/\/dev.vitalstoffversand.com\/pt-pt\/wp-json\/wp\/v2\/product_tag?post=21111"}],"curies":[{"name":"wp","href":"https:\/\/api.w.org\/{rel}","templated":true}]}}