{"id":21104,"date":"2024-11-12T11:11:34","date_gmt":"2024-11-12T10:11:34","guid":{"rendered":"https:\/\/vitalstoffversand.com\/produkt\/gen-testo-max-270-capsulas\/"},"modified":"2026-03-11T14:10:48","modified_gmt":"2026-03-11T13:10:48","slug":"gen-testo-max-270-capsulas","status":"publish","type":"product","link":"https:\/\/dev.vitalstoffversand.com\/pt-pt\/produto\/gen-testo-max-270-capsulas\/","title":{"rendered":"GEN <br>Testo Max &#8211; 270 c\u00e1psulas"},"content":{"rendered":"<p>Um n\u00edvel elevado de testosterona \u00e9 o pr\u00e9-requisito ideal para um crescimento muscular r\u00e1pido.<\/p>\n<p>Testo Max \u00e9 um suplemento alimentar puramente \u00e0 base de plantas, composto por subst\u00e2ncias vegetais, amino\u00e1cidos, vitaminas, minerais e oligoelementos que podem ajudar a estimular a produ\u00e7\u00e3o hormonal do pr\u00f3prio corpo.<\/p>\n<p>Totalmente legal e sem efeitos secund\u00e1rios.<\/p>\n<ul>\n<li>Vegano<\/li>\n<li>Sem gl\u00faten<\/li>\n<li>Sem lactose<\/li>\n<li>Sem OGM<\/li>\n<li>Produzido de acordo com rigorosos padr\u00f5es de qualidade da UE<\/li>\n<\/ul>\n","protected":false},"excerpt":{"rendered":"<p>Um n\u00edvel elevado de testosterona \u00e9 o pr\u00e9-requisito ideal para um crescimento muscular r\u00e1pido. Testo Max \u00e9 um suplemento alimentar puramente \u00e0 base de plantas, composto por subst\u00e2ncias vegetais, amino\u00e1cidos, vitaminas, minerais e oligoelementos que podem ajudar a estimular a produ\u00e7\u00e3o hormonal do pr\u00f3prio corpo. Totalmente legal e sem efeitos secund\u00e1rios. Vegano Sem gl\u00faten Sem [&hellip;]<\/p>\n","protected":false},"featured_media":44174,"template":"","meta":{"_acf_changed":false},"product_brand":[10200],"product_cat":[562,559,537],"product_tag":[],"class_list":{"0":"post-21104","1":"product","2":"type-product","3":"status-publish","4":"has-post-thumbnail","6":"product_brand-gen-german-elite-nutrition-pt-pt","7":"product_cat-suplementos-desportivos","8":"product_cat-nutrientes","9":"product_cat-produtos-de-a-z","11":"first","12":"instock","13":"taxable","14":"shipping-taxable","15":"purchasable","16":"product-type-simple"},"acf":[],"_links":{"self":[{"href":"https:\/\/dev.vitalstoffversand.com\/pt-pt\/wp-json\/wp\/v2\/product\/21104","targetHints":{"allow":["GET"]}}],"collection":[{"href":"https:\/\/dev.vitalstoffversand.com\/pt-pt\/wp-json\/wp\/v2\/product"}],"about":[{"href":"https:\/\/dev.vitalstoffversand.com\/pt-pt\/wp-json\/wp\/v2\/types\/product"}],"wp:featuredmedia":[{"embeddable":true,"href":"https:\/\/dev.vitalstoffversand.com\/pt-pt\/wp-json\/wp\/v2\/media\/44174"}],"wp:attachment":[{"href":"https:\/\/dev.vitalstoffversand.com\/pt-pt\/wp-json\/wp\/v2\/media?parent=21104"}],"wp:term":[{"taxonomy":"product_brand","embeddable":true,"href":"https:\/\/dev.vitalstoffversand.com\/pt-pt\/wp-json\/wp\/v2\/product_brand?post=21104"},{"taxonomy":"product_cat","embeddable":true,"href":"https:\/\/dev.vitalstoffversand.com\/pt-pt\/wp-json\/wp\/v2\/product_cat?post=21104"},{"taxonomy":"product_tag","embeddable":true,"href":"https:\/\/dev.vitalstoffversand.com\/pt-pt\/wp-json\/wp\/v2\/product_tag?post=21104"}],"curies":[{"name":"wp","href":"https:\/\/api.w.org\/{rel}","templated":true}]}}