{"id":21097,"date":"2024-11-12T11:09:47","date_gmt":"2024-11-12T10:09:47","guid":{"rendered":"https:\/\/vitalstoffversand.com\/produkt\/gen-bcaa-ultra-811-365-capsulas\/"},"modified":"2026-03-11T14:10:50","modified_gmt":"2026-03-11T13:10:50","slug":"gen-bcaa-ultra-811-365-capsulas","status":"publish","type":"product","link":"https:\/\/dev.vitalstoffversand.com\/pt-pt\/produto\/gen-bcaa-ultra-811-365-capsulas\/","title":{"rendered":"GEN <br>BCAA Ultra 8:1:1 &#8211; 365 c\u00e1psulas"},"content":{"rendered":"<p>BCAA Ultra 8:1:1 cont\u00e9m uma maior propor\u00e7\u00e3o do amino\u00e1cido L-leucina, que \u00e9 complementado por L-isoleucina e L-valina.<\/p>\n<p>Os produtos BCAA normais cont\u00eam normalmente um r\u00e1cio de BCAA de 2:1:1.<\/p>\n<p>Esta combina\u00e7\u00e3o 8:1:1 \u00e9 particularmente popular entre os desportistas.<\/p>\n<ul>\n<li>Sem gl\u00faten<\/li>\n<li>Sem lactose<\/li>\n<li>Sem OGM<\/li>\n<li>Produzido de acordo com rigorosos padr\u00f5es de qualidade da UE<\/li>\n<\/ul>\n","protected":false},"excerpt":{"rendered":"<p>BCAA Ultra 8:1:1 cont\u00e9m uma maior propor\u00e7\u00e3o do amino\u00e1cido L-leucina, que \u00e9 complementado por L-isoleucina e L-valina. Os produtos BCAA normais cont\u00eam normalmente um r\u00e1cio de BCAA de 2:1:1. Esta combina\u00e7\u00e3o 8:1:1 \u00e9 particularmente popular entre os desportistas. Sem gl\u00faten Sem lactose Sem OGM Produzido de acordo com rigorosos padr\u00f5es de qualidade da UE<\/p>\n","protected":false},"featured_media":44150,"template":"","meta":{"_acf_changed":false},"product_brand":[10200],"product_cat":[551,537],"product_tag":[],"class_list":{"0":"post-21097","1":"product","2":"type-product","3":"status-publish","4":"has-post-thumbnail","6":"product_brand-gen-german-elite-nutrition-pt-pt","7":"product_cat-aminoacidos-pt","8":"product_cat-produtos-de-a-z","10":"first","11":"instock","12":"taxable","13":"shipping-taxable","14":"purchasable","15":"product-type-simple"},"acf":[],"_links":{"self":[{"href":"https:\/\/dev.vitalstoffversand.com\/pt-pt\/wp-json\/wp\/v2\/product\/21097","targetHints":{"allow":["GET"]}}],"collection":[{"href":"https:\/\/dev.vitalstoffversand.com\/pt-pt\/wp-json\/wp\/v2\/product"}],"about":[{"href":"https:\/\/dev.vitalstoffversand.com\/pt-pt\/wp-json\/wp\/v2\/types\/product"}],"wp:featuredmedia":[{"embeddable":true,"href":"https:\/\/dev.vitalstoffversand.com\/pt-pt\/wp-json\/wp\/v2\/media\/44150"}],"wp:attachment":[{"href":"https:\/\/dev.vitalstoffversand.com\/pt-pt\/wp-json\/wp\/v2\/media?parent=21097"}],"wp:term":[{"taxonomy":"product_brand","embeddable":true,"href":"https:\/\/dev.vitalstoffversand.com\/pt-pt\/wp-json\/wp\/v2\/product_brand?post=21097"},{"taxonomy":"product_cat","embeddable":true,"href":"https:\/\/dev.vitalstoffversand.com\/pt-pt\/wp-json\/wp\/v2\/product_cat?post=21097"},{"taxonomy":"product_tag","embeddable":true,"href":"https:\/\/dev.vitalstoffversand.com\/pt-pt\/wp-json\/wp\/v2\/product_tag?post=21097"}],"curies":[{"name":"wp","href":"https:\/\/api.w.org\/{rel}","templated":true}]}}