{"id":21082,"date":"2024-11-12T11:05:47","date_gmt":"2024-11-12T10:05:47","guid":{"rendered":"https:\/\/vitalstoffversand.com\/produkt\/gen-tribulus-max-180-capsulas\/"},"modified":"2026-03-11T14:06:44","modified_gmt":"2026-03-11T13:06:44","slug":"gen-tribulus-max-180-capsulas","status":"publish","type":"product","link":"https:\/\/dev.vitalstoffversand.com\/pt-pt\/produto\/gen-tribulus-max-180-capsulas\/","title":{"rendered":"GEN <br>Tribulus Max &#8211; 180 c\u00e1psulas"},"content":{"rendered":"<p>O Tribulus Terrestris caracteriza-se pela sua elevada propor\u00e7\u00e3o de saponinas, que incluem ester\u00f3ides glicolizados, alcal\u00f3ides ester\u00f3ides e triterpenos.<\/p>\n<p>O produto fornece uma propor\u00e7\u00e3o m\u00e1xima de 95% de saponinas, que podem ajudar tanto os atletas como os homens ativos em geral.<\/p>\n<ul>\n<li>Vegano<\/li>\n<li>Sem gl\u00faten<\/li>\n<li>Sem lactose<\/li>\n<li>Sem OGM<\/li>\n<li>Produzido de acordo com rigorosos padr\u00f5es de qualidade da UE<\/li>\n<\/ul>\n","protected":false},"excerpt":{"rendered":"<p>O Tribulus Terrestris caracteriza-se pela sua elevada propor\u00e7\u00e3o de saponinas, que incluem ester\u00f3ides glicolizados, alcal\u00f3ides ester\u00f3ides e triterpenos. O produto fornece uma propor\u00e7\u00e3o m\u00e1xima de 95% de saponinas, que podem ajudar tanto os atletas como os homens ativos em geral. Vegano Sem gl\u00faten Sem lactose Sem OGM Produzido de acordo com rigorosos padr\u00f5es de qualidade [&hellip;]<\/p>\n","protected":false},"featured_media":44069,"template":"","meta":{"_acf_changed":false},"product_brand":[10200],"product_cat":[562,537],"product_tag":[],"class_list":{"0":"post-21082","1":"product","2":"type-product","3":"status-publish","4":"has-post-thumbnail","6":"product_brand-gen-german-elite-nutrition-pt-pt","7":"product_cat-suplementos-desportivos","8":"product_cat-produtos-de-a-z","10":"first","11":"instock","12":"taxable","13":"shipping-taxable","14":"purchasable","15":"product-type-simple"},"acf":[],"_links":{"self":[{"href":"https:\/\/dev.vitalstoffversand.com\/pt-pt\/wp-json\/wp\/v2\/product\/21082","targetHints":{"allow":["GET"]}}],"collection":[{"href":"https:\/\/dev.vitalstoffversand.com\/pt-pt\/wp-json\/wp\/v2\/product"}],"about":[{"href":"https:\/\/dev.vitalstoffversand.com\/pt-pt\/wp-json\/wp\/v2\/types\/product"}],"wp:featuredmedia":[{"embeddable":true,"href":"https:\/\/dev.vitalstoffversand.com\/pt-pt\/wp-json\/wp\/v2\/media\/44069"}],"wp:attachment":[{"href":"https:\/\/dev.vitalstoffversand.com\/pt-pt\/wp-json\/wp\/v2\/media?parent=21082"}],"wp:term":[{"taxonomy":"product_brand","embeddable":true,"href":"https:\/\/dev.vitalstoffversand.com\/pt-pt\/wp-json\/wp\/v2\/product_brand?post=21082"},{"taxonomy":"product_cat","embeddable":true,"href":"https:\/\/dev.vitalstoffversand.com\/pt-pt\/wp-json\/wp\/v2\/product_cat?post=21082"},{"taxonomy":"product_tag","embeddable":true,"href":"https:\/\/dev.vitalstoffversand.com\/pt-pt\/wp-json\/wp\/v2\/product_tag?post=21082"}],"curies":[{"name":"wp","href":"https:\/\/api.w.org\/{rel}","templated":true}]}}