{"id":21022,"date":"2024-11-12T10:56:30","date_gmt":"2024-11-12T09:56:30","guid":{"rendered":"https:\/\/vitalstoffversand.com\/produkt\/gen-maca-extreme-365-capsulas\/"},"modified":"2026-03-11T14:01:18","modified_gmt":"2026-03-11T13:01:18","slug":"gen-maca-extreme-365-capsulas","status":"publish","type":"product","link":"https:\/\/dev.vitalstoffversand.com\/pt-pt\/produto\/gen-maca-extreme-365-capsulas\/","title":{"rendered":"GEN <br>Maca Extreme &#8211; 365 c\u00e1psulas"},"content":{"rendered":"<p>O maca cresce nos Andes peruanos e \u00e9 valorizado desde o tempo dos Incas.<\/p>\n<p>A raiz da planta, da qual tamb\u00e9m se obt\u00e9m o p\u00f3 de maca, \u00e9 rica em vitaminas, minerais, prote\u00ednas, amino\u00e1cidos e \u00e1cidos gordos \u00f3mega 3.<\/p>\n<p>Cada c\u00e1psula cont\u00e9m 600 mg de extrato de raiz de maca 10:1, o que corresponde a 6 g de p\u00f3 de raiz.<\/p>\n<ul>\n<li>Vegano<\/li>\n<li>Sem gl\u00faten<\/li>\n<li>Sem lactose<\/li>\n<li>Sem OGM<\/li>\n<li>Produzido de acordo com rigorosos padr\u00f5es de qualidade da UE<\/li>\n<\/ul>\n","protected":false},"excerpt":{"rendered":"<p>O maca cresce nos Andes peruanos e \u00e9 valorizado desde o tempo dos Incas. A raiz da planta, da qual tamb\u00e9m se obt\u00e9m o p\u00f3 de maca, \u00e9 rica em vitaminas, minerais, prote\u00ednas, amino\u00e1cidos e \u00e1cidos gordos \u00f3mega 3. Cada c\u00e1psula cont\u00e9m 600 mg de extrato de raiz de maca 10:1, o que corresponde a [&hellip;]<\/p>\n","protected":false},"featured_media":43941,"template":"","meta":{"_acf_changed":false},"product_brand":[10200],"product_cat":[559,537],"product_tag":[],"class_list":{"0":"post-21022","1":"product","2":"type-product","3":"status-publish","4":"has-post-thumbnail","6":"product_brand-gen-german-elite-nutrition-pt-pt","7":"product_cat-nutrientes","8":"product_cat-produtos-de-a-z","10":"first","11":"instock","12":"taxable","13":"shipping-taxable","14":"purchasable","15":"product-type-simple"},"acf":[],"_links":{"self":[{"href":"https:\/\/dev.vitalstoffversand.com\/pt-pt\/wp-json\/wp\/v2\/product\/21022","targetHints":{"allow":["GET"]}}],"collection":[{"href":"https:\/\/dev.vitalstoffversand.com\/pt-pt\/wp-json\/wp\/v2\/product"}],"about":[{"href":"https:\/\/dev.vitalstoffversand.com\/pt-pt\/wp-json\/wp\/v2\/types\/product"}],"wp:featuredmedia":[{"embeddable":true,"href":"https:\/\/dev.vitalstoffversand.com\/pt-pt\/wp-json\/wp\/v2\/media\/43941"}],"wp:attachment":[{"href":"https:\/\/dev.vitalstoffversand.com\/pt-pt\/wp-json\/wp\/v2\/media?parent=21022"}],"wp:term":[{"taxonomy":"product_brand","embeddable":true,"href":"https:\/\/dev.vitalstoffversand.com\/pt-pt\/wp-json\/wp\/v2\/product_brand?post=21022"},{"taxonomy":"product_cat","embeddable":true,"href":"https:\/\/dev.vitalstoffversand.com\/pt-pt\/wp-json\/wp\/v2\/product_cat?post=21022"},{"taxonomy":"product_tag","embeddable":true,"href":"https:\/\/dev.vitalstoffversand.com\/pt-pt\/wp-json\/wp\/v2\/product_tag?post=21022"}],"curies":[{"name":"wp","href":"https:\/\/api.w.org\/{rel}","templated":true}]}}