{"id":21007,"date":"2025-01-13T17:49:08","date_gmt":"2025-01-13T16:49:08","guid":{"rendered":"https:\/\/vitalstoffversand.com\/produkt\/bonemis-oleo-de-algas-omega-3-180-capsulas\/"},"modified":"2026-03-11T13:34:44","modified_gmt":"2026-03-11T12:34:44","slug":"bonemis-oleo-de-algas-omega-3-180-capsulas","status":"publish","type":"product","link":"https:\/\/dev.vitalstoffversand.com\/pt-pt\/produto\/bonemis-oleo-de-algas-omega-3-180-capsulas\/","title":{"rendered":"Bonemis <br>\u00d3leo de algas Omega 3 &#8211; 180 c\u00e1psulas"},"content":{"rendered":"<p>Os \u00e1cidos gordos \u00f3mega 3 s\u00e3o essenciais para o nosso organismo e s\u00e3o absorvidos principalmente atrav\u00e9s de alimentos marinhos.<\/p>\n<p>O \u00f3leo de algas \u00e9 a fonte perfeita de \u00f3mega 3 para todos aqueles que t\u00eam pouco peixe marinho na sua dieta ou que evitam completamente o peixe devido a uma dieta vegetariana ou vegana.<\/p>\n<p>Cada c\u00e1psula cont\u00e9m 500 mg de \u00f3leo de algas, com um teor de 40 por cento de <a href=\"https:\/\/dev.vitalstoffversand.com\/knowledge-base\/docosahexaensaeure-dha\/\" target=\"_blank\" rel=\"noopener\"><strong><span style=\"color: #0000ff;\">\u2192 DHA<\/span><\/strong><\/a> (\u00e1cido docosahexaen\u00f3ico) e 20 por cento de <a href=\"https:\/\/dev.vitalstoffversand.com\/knowledge-base\/eicosapentaensaeure-und-docosahexaensaeure-epa-dha\/\" target=\"_blank\" rel=\"noopener\"><strong><span style=\"color: #0000ff;\">\u2192 EPA<\/span><\/strong><\/a> (\u00e1cido eicosapentaen\u00f3ico).<\/p>\n<ul>\n<li>Vegano<\/li>\n<li>Sem gl\u00faten<\/li>\n<li>Sem lactose<\/li>\n<li>Sem OGM<\/li>\n<li>Produzido de acordo com rigorosos padr\u00f5es de qualidade da UE<\/li>\n<\/ul>\n","protected":false},"excerpt":{"rendered":"<p>Os \u00e1cidos gordos \u00f3mega 3 s\u00e3o essenciais para o nosso organismo e s\u00e3o absorvidos principalmente atrav\u00e9s de alimentos marinhos. O \u00f3leo de algas \u00e9 a fonte perfeita de \u00f3mega 3 para todos aqueles que t\u00eam pouco peixe marinho na sua dieta ou que evitam completamente o peixe devido a uma dieta vegetariana ou vegana. Cada [&hellip;]<\/p>\n","protected":false},"featured_media":42192,"template":"","meta":{"_acf_changed":false},"product_brand":[10235],"product_cat":[554,537],"product_tag":[],"class_list":{"0":"post-21007","1":"product","2":"type-product","3":"status-publish","4":"has-post-thumbnail","6":"product_brand-bonemis-pt-pt","7":"product_cat-acidos-gordos","8":"product_cat-produtos-de-a-z","10":"first","11":"instock","12":"taxable","13":"shipping-taxable","14":"purchasable","15":"product-type-simple"},"acf":[],"_links":{"self":[{"href":"https:\/\/dev.vitalstoffversand.com\/pt-pt\/wp-json\/wp\/v2\/product\/21007","targetHints":{"allow":["GET"]}}],"collection":[{"href":"https:\/\/dev.vitalstoffversand.com\/pt-pt\/wp-json\/wp\/v2\/product"}],"about":[{"href":"https:\/\/dev.vitalstoffversand.com\/pt-pt\/wp-json\/wp\/v2\/types\/product"}],"wp:featuredmedia":[{"embeddable":true,"href":"https:\/\/dev.vitalstoffversand.com\/pt-pt\/wp-json\/wp\/v2\/media\/42192"}],"wp:attachment":[{"href":"https:\/\/dev.vitalstoffversand.com\/pt-pt\/wp-json\/wp\/v2\/media?parent=21007"}],"wp:term":[{"taxonomy":"product_brand","embeddable":true,"href":"https:\/\/dev.vitalstoffversand.com\/pt-pt\/wp-json\/wp\/v2\/product_brand?post=21007"},{"taxonomy":"product_cat","embeddable":true,"href":"https:\/\/dev.vitalstoffversand.com\/pt-pt\/wp-json\/wp\/v2\/product_cat?post=21007"},{"taxonomy":"product_tag","embeddable":true,"href":"https:\/\/dev.vitalstoffversand.com\/pt-pt\/wp-json\/wp\/v2\/product_tag?post=21007"}],"curies":[{"name":"wp","href":"https:\/\/api.w.org\/{rel}","templated":true}]}}