{"id":20704,"date":"2025-01-21T18:27:19","date_gmt":"2025-01-21T17:27:19","guid":{"rendered":"https:\/\/vitalstoffversand.com\/?post_type=product&#038;p=20704"},"modified":"2026-03-11T13:30:49","modified_gmt":"2026-03-11T12:30:49","slug":"alphavitalis-extrato-de-casca-de-pinheiro-opc-240-capsulas-kopie","status":"publish","type":"product","link":"https:\/\/dev.vitalstoffversand.com\/pt-pt\/produto\/alphavitalis-extrato-de-casca-de-pinheiro-opc-240-capsulas-kopie\/","title":{"rendered":"alphavitalis <br>Wechselsanft (Suave alternado) Complexo de ingredientes activos &#8211; 120 c\u00e1psulas"},"content":{"rendered":"<p>Wechselsanft Vitalstoffkomplex \u00e9 uma combina\u00e7\u00e3o harmonizada de extractos de plantas e vitaminas especialmente desenvolvida para as mulheres que atravessam a menopausa.<\/p>\n<p>Os princ\u00edpios activos raiz de inhame, salva, trevo vermelho, erva de S\u00e3o Jo\u00e3o, cohosh preto, pimenta de monge e l\u00fapulo, complementados por <a href=\"https:\/\/dev.vitalstoffversand.com\/knowledge-base\/vitamin-b6\/\" target=\"_blank\" rel=\"noopener\"><span style=\"color: #0000ff;\"><strong>\u2192 vitamina B6<\/strong><\/span><\/a>, <a href=\"https:\/\/dev.vitalstoffversand.com\/knowledge-base\/vitamin-b12\/\" target=\"_blank\" rel=\"noopener\"><strong><span style=\"color: #0000ff;\">\u2192 vitamina B12<\/span><\/strong><\/a>, <a href=\"https:\/\/dev.vitalstoffversand.com\/knowledge-base\/vitamin-b9-folat\/\" target=\"_blank\" rel=\"noopener\"><strong>\u2192 \u00e1cido f\u00f3lico<\/strong><\/a> e <a href=\"https:\/\/dev.vitalstoffversand.com\/knowledge-base\/eisen\/\" target=\"_blank\" rel=\"noopener\"><strong><span style=\"color: #0000ff;\">\u2192 ferro<\/span><\/strong><\/a> trabalha &#8220;de m\u00e3os dadas&#8221; quando se trata de apoiar as mulheres com sintomas da menopausa.<\/p>\n<ul>\n<li>vegano<\/li>\n<li>Sem gl\u00faten<\/li>\n<li>Sem lactose<\/li>\n<li>Sem OGM<\/li>\n<li>Produzido de acordo com rigorosos padr\u00f5es de qualidade da UE<\/li>\n<\/ul>\n","protected":false},"excerpt":{"rendered":"<p>Wechselsanft Vitalstoffkomplex \u00e9 uma combina\u00e7\u00e3o harmonizada de extractos de plantas e vitaminas especialmente desenvolvida para as mulheres que atravessam a menopausa. Os princ\u00edpios activos raiz de inhame, salva, trevo vermelho, erva de S\u00e3o Jo\u00e3o, cohosh preto, pimenta de monge e l\u00fapulo, complementados por \u2192 vitamina B6, \u2192 vitamina B12, \u2192 \u00e1cido f\u00f3lico e \u2192 ferro [&hellip;]<\/p>\n","protected":false},"featured_media":40552,"template":"","meta":{"_acf_changed":false},"product_brand":[10193],"product_cat":[559,537],"product_tag":[],"class_list":{"0":"post-20704","1":"product","2":"type-product","3":"status-publish","4":"has-post-thumbnail","6":"product_brand-alphavitalis-pt-pt","7":"product_cat-nutrientes","8":"product_cat-produtos-de-a-z","10":"first","11":"instock","12":"taxable","13":"shipping-taxable","14":"purchasable","15":"product-type-simple"},"acf":[],"_links":{"self":[{"href":"https:\/\/dev.vitalstoffversand.com\/pt-pt\/wp-json\/wp\/v2\/product\/20704","targetHints":{"allow":["GET"]}}],"collection":[{"href":"https:\/\/dev.vitalstoffversand.com\/pt-pt\/wp-json\/wp\/v2\/product"}],"about":[{"href":"https:\/\/dev.vitalstoffversand.com\/pt-pt\/wp-json\/wp\/v2\/types\/product"}],"wp:featuredmedia":[{"embeddable":true,"href":"https:\/\/dev.vitalstoffversand.com\/pt-pt\/wp-json\/wp\/v2\/media\/40552"}],"wp:attachment":[{"href":"https:\/\/dev.vitalstoffversand.com\/pt-pt\/wp-json\/wp\/v2\/media?parent=20704"}],"wp:term":[{"taxonomy":"product_brand","embeddable":true,"href":"https:\/\/dev.vitalstoffversand.com\/pt-pt\/wp-json\/wp\/v2\/product_brand?post=20704"},{"taxonomy":"product_cat","embeddable":true,"href":"https:\/\/dev.vitalstoffversand.com\/pt-pt\/wp-json\/wp\/v2\/product_cat?post=20704"},{"taxonomy":"product_tag","embeddable":true,"href":"https:\/\/dev.vitalstoffversand.com\/pt-pt\/wp-json\/wp\/v2\/product_tag?post=20704"}],"curies":[{"name":"wp","href":"https:\/\/api.w.org\/{rel}","templated":true}]}}