{"id":20465,"date":"2024-11-12T14:52:35","date_gmt":"2024-11-12T13:52:35","guid":{"rendered":"https:\/\/vitalstoffversand.com\/produkt\/gen-premium-shaker-700-ml\/"},"modified":"2026-03-12T12:23:01","modified_gmt":"2026-03-12T11:23:01","slug":"gen-premium-shaker-700-ml","status":"publish","type":"product","link":"https:\/\/dev.vitalstoffversand.com\/pt-pt\/produto\/gen-premium-shaker-700-ml\/","title":{"rendered":"GEN <br>Premium Shaker &#8211; 700 ml"},"content":{"rendered":"<p>GEN Circle Technology Protein ShakerX\u00ae com capacidade de 700 ml.<\/p>\n<p>Fresco, elegante e f\u00e1cil de limpar.<\/p>\n<p>Carater\u00edsticas do produto:<\/p>\n<ul>\n<li>Capacidade: 700 ml<\/li>\n<li>F\u00e1cil de limpar e adequado para m\u00e1quinas de lavar lou\u00e7a.<\/li>\n<li>Fecho especial, \u00e0 prova de fugas.<\/li>\n<li>Gra\u00e7as \u00e0 tecnologia exclusiva Circle Technology, j\u00e1 n\u00e3o \u00e9 necess\u00e1rio um crivo ou uma bola.<\/li>\n<li>Fabricado em pl\u00e1stico certificado (polipropileno), naturalmente isento de BPA.<\/li>\n<\/ul>\n","protected":false},"excerpt":{"rendered":"<p>GEN Circle Technology Protein ShakerX\u00ae com capacidade de 700 ml. Fresco, elegante e f\u00e1cil de limpar. Carater\u00edsticas do produto: Capacidade: 700 ml F\u00e1cil de limpar e adequado para m\u00e1quinas de lavar lou\u00e7a. Fecho especial, \u00e0 prova de fugas. Gra\u00e7as \u00e0 tecnologia exclusiva Circle Technology, j\u00e1 n\u00e3o \u00e9 necess\u00e1rio um crivo ou uma bola. Fabricado em [&hellip;]<\/p>\n","protected":false},"featured_media":49143,"template":"","meta":{"_acf_changed":false},"product_brand":[10200],"product_cat":[572,537],"product_tag":[],"class_list":{"0":"post-20465","1":"product","2":"type-product","3":"status-publish","4":"has-post-thumbnail","6":"product_brand-gen-german-elite-nutrition-pt-pt","7":"product_cat-acessorios-e-diversos","8":"product_cat-produtos-de-a-z","10":"first","11":"instock","12":"taxable","13":"shipping-taxable","14":"purchasable","15":"product-type-simple"},"acf":[],"_links":{"self":[{"href":"https:\/\/dev.vitalstoffversand.com\/pt-pt\/wp-json\/wp\/v2\/product\/20465","targetHints":{"allow":["GET"]}}],"collection":[{"href":"https:\/\/dev.vitalstoffversand.com\/pt-pt\/wp-json\/wp\/v2\/product"}],"about":[{"href":"https:\/\/dev.vitalstoffversand.com\/pt-pt\/wp-json\/wp\/v2\/types\/product"}],"wp:featuredmedia":[{"embeddable":true,"href":"https:\/\/dev.vitalstoffversand.com\/pt-pt\/wp-json\/wp\/v2\/media\/49143"}],"wp:attachment":[{"href":"https:\/\/dev.vitalstoffversand.com\/pt-pt\/wp-json\/wp\/v2\/media?parent=20465"}],"wp:term":[{"taxonomy":"product_brand","embeddable":true,"href":"https:\/\/dev.vitalstoffversand.com\/pt-pt\/wp-json\/wp\/v2\/product_brand?post=20465"},{"taxonomy":"product_cat","embeddable":true,"href":"https:\/\/dev.vitalstoffversand.com\/pt-pt\/wp-json\/wp\/v2\/product_cat?post=20465"},{"taxonomy":"product_tag","embeddable":true,"href":"https:\/\/dev.vitalstoffversand.com\/pt-pt\/wp-json\/wp\/v2\/product_tag?post=20465"}],"curies":[{"name":"wp","href":"https:\/\/api.w.org\/{rel}","templated":true}]}}