{"id":1032,"date":"2024-10-15T17:15:07","date_gmt":"2024-10-15T15:15:07","guid":{"rendered":"https:\/\/dev.vitalstoffversand.com\/?post_type=product&#038;p=1032"},"modified":"2026-03-11T13:19:44","modified_gmt":"2026-03-11T12:19:44","slug":"natura-med-agaricus-organico-em-po-kopie","status":"publish","type":"product","link":"https:\/\/dev.vitalstoffversand.com\/pt-pt\/produto\/natura-med-agaricus-organico-em-po-kopie\/","title":{"rendered":"Natura Med <br>P\u00f3 de roseira brava biol\u00f3gico &#8211; 500 g"},"content":{"rendered":"<p>O p\u00f3 de rosa mosqueta org\u00e2nico cont\u00e9m naturalmente uma grande quantidade de <strong><a href=\"https:\/\/dev.vitalstoffversand.com\/knowledge-base\/vitamin-c\/\" target=\"_blank\" rel=\"noopener\">\u2192 Vitamina C<\/a><\/strong>minerais, provitamina A, <a href=\"https:\/\/dev.vitalstoffversand.com\/knowledge-base\/vitamin-e\/\" target=\"_blank\" rel=\"noopener\"><strong>\u2192 vitamina E<\/strong><\/a>, <a href=\"https:\/\/dev.vitalstoffversand.com\/knowledge-base\/vitamin-k\/\" target=\"_blank\" rel=\"noopener\"><strong>\u2192 vitamina K<\/strong><\/a>\u00e1cidos de frutos, fibras e taninos.<\/p>\n<p>Nasza ekologiczna mielona dzika r\u00f3\u017ca jest pozyskiwana w delikatny spos\u00f3b z owoc\u00f3w Rosa canina i idealnie nadaje si\u0119 jako codzienny dodatek do zbilansowanej diety \u2013 doskonale sprawdza si\u0119 r\u00f3wnie\u017c w smoothie, musli lub herbatach.<\/p>\n<ul>\n<li>100% natural &#8211; sem aditivos<\/li>\n<li>Vegano<\/li>\n<li>Sem gl\u00faten<\/li>\n<li>Sem lactose<\/li>\n<li>Sem OGM<\/li>\n<li>Produzido de acordo com rigorosos padr\u00f5es de qualidade da UE<\/li>\n<\/ul>\n<p>&nbsp;<\/p>\n","protected":false},"excerpt":{"rendered":"<p>O p\u00f3 de rosa mosqueta org\u00e2nico cont\u00e9m naturalmente uma grande quantidade de \u2192 Vitamina Cminerais, provitamina A, \u2192 vitamina E, \u2192 vitamina K\u00e1cidos de frutos, fibras e taninos. Nasza ekologiczna mielona dzika r\u00f3\u017ca jest pozyskiwana w delikatny spos\u00f3b z owoc\u00f3w Rosa canina i idealnie nadaje si\u0119 jako codzienny dodatek do zbilansowanej diety \u2013 doskonale sprawdza [&hellip;]<\/p>\n","protected":false},"featured_media":40508,"template":"","meta":{"_acf_changed":false},"product_brand":[10206],"product_cat":[559,538,537],"product_tag":[],"class_list":{"0":"post-1032","1":"product","2":"type-product","3":"status-publish","4":"has-post-thumbnail","6":"product_brand-natura-med-pt-pt","7":"product_cat-nutrientes","8":"product_cat-organico-pt","9":"product_cat-produtos-de-a-z","11":"first","12":"instock","13":"taxable","14":"shipping-taxable","15":"purchasable","16":"product-type-simple"},"acf":[],"_links":{"self":[{"href":"https:\/\/dev.vitalstoffversand.com\/pt-pt\/wp-json\/wp\/v2\/product\/1032","targetHints":{"allow":["GET"]}}],"collection":[{"href":"https:\/\/dev.vitalstoffversand.com\/pt-pt\/wp-json\/wp\/v2\/product"}],"about":[{"href":"https:\/\/dev.vitalstoffversand.com\/pt-pt\/wp-json\/wp\/v2\/types\/product"}],"wp:featuredmedia":[{"embeddable":true,"href":"https:\/\/dev.vitalstoffversand.com\/pt-pt\/wp-json\/wp\/v2\/media\/40508"}],"wp:attachment":[{"href":"https:\/\/dev.vitalstoffversand.com\/pt-pt\/wp-json\/wp\/v2\/media?parent=1032"}],"wp:term":[{"taxonomy":"product_brand","embeddable":true,"href":"https:\/\/dev.vitalstoffversand.com\/pt-pt\/wp-json\/wp\/v2\/product_brand?post=1032"},{"taxonomy":"product_cat","embeddable":true,"href":"https:\/\/dev.vitalstoffversand.com\/pt-pt\/wp-json\/wp\/v2\/product_cat?post=1032"},{"taxonomy":"product_tag","embeddable":true,"href":"https:\/\/dev.vitalstoffversand.com\/pt-pt\/wp-json\/wp\/v2\/product_tag?post=1032"}],"curies":[{"name":"wp","href":"https:\/\/api.w.org\/{rel}","templated":true}]}}